{"id":1006,"date":"2023-01-01T13:05:48","date_gmt":"2023-01-01T13:05:48","guid":{"rendered":"http:\/\/optimusvertragus.info\/?page_id=1006"},"modified":"2025-01-19T11:15:06","modified_gmt":"2025-01-19T11:15:06","slug":"news-2023","status":"publish","type":"page","link":"http:\/\/optimusvertragus.info\/?page_id=1006","title":{"rendered":"News 2023"},"content":{"rendered":"<p>Montag, 18.12.2023<\/p>\n<p>Wahnsinn&#8230; Jetzt gibt es uns schon seit 20 Jahren. Wer h\u00e4tte gedacht, dass Optimus Vertragus so lange existieren wird? Mal ganz ehrlich: Es gab, gibt und wird es immer diese Neider, Querulanten und andere Menschen geben. Menschen, die mich an meiner Zucht zweifeln lie\u00dfen. Aber dann gibt es Menschen, die ich \u00fcberaus sch\u00e4tze und die vor allem meinen Nachwuchs zu sch\u00e4tzen wissen. Ich bin kein &#8222;gro\u00dfer&#8220; Z\u00fcchter; will es auch nicht sein. Aber was unterscheidet die Gro\u00dfen von den Kleinen? Es sollte nichts sein. Denn die Liebe zum Hund sollte bei beiden gleich sein. Z\u00fcchter zu sein bedeutet nicht nur Verantwortung. Und so kann und will ich es nicht verschweigen, dass es bei mir auch H\u00f6hen und Tiefen gab und mit Sicherheit auch wieder geben wird. Aber die leuchtenden Augen der Welpenk\u00e4ufer trocknen auch meine Tr\u00e4nen. Und so sehe ich der Zukunft mit Optimus Vertragus freudig entgegen. Es wird bei mir niemals mehrere W\u00fcrfe im Jahr geben. Aber wenn Welpen da sind, werden diese mit Liebe, Geduld und all meinem Wissen den Weg ins Leben starten.<\/p>\n<p>Mit diesen nachdenklichen Worten schlie\u00dfe ich das Tagebuch 2023. Auf der einen Seite war es sch\u00f6n euch Welpen vom L-Wurf gro\u00df werden zu sehen. Auf der anderen Seite verlie\u00dfen uns auch ein paar f\u00fcr immer. Und so danke ich meiner Familie f\u00fcr all die Unterst\u00fctzung und w\u00fcnsche allen Verwandten, Freunden und Liebhabern meiner Zucht wundersch\u00f6ne Weihnachten und ein erfolgreiches neues Jahr 2024.<\/p>\n<p>Donnerstag, 28.09.2023<\/p>\n<p>Wie k\u00f6nnen solche Bilder l\u00fcgen&#8230;? W\u00e4hrend es sich OV Lethe mit OV Jolaus im Ying und Yang-Style gem\u00fctlich macht, ist OV Leto der \u00dcberzeugung der sch\u00f6nste Hund zu sein. Toll haben sie sich gemacht. Aber auch die anderen L-Welpen machen ihren neuen Besitzern viel Freude.<\/p>\n<p><img decoding=\"async\" loading=\"lazy\" class=\"alignnone size-medium wp-image-1216\" src=\"http:\/\/optimusvertragus.info\/wp-content\/uploads\/2023\/09\/YingYang-Lethe-und-Jolaus-225x300.jpg\" alt=\"\" width=\"225\" height=\"300\" srcset=\"http:\/\/optimusvertragus.info\/wp-content\/uploads\/2023\/09\/YingYang-Lethe-und-Jolaus-225x300.jpg 225w, http:\/\/optimusvertragus.info\/wp-content\/uploads\/2023\/09\/YingYang-Lethe-und-Jolaus-676x900.jpg 676w, http:\/\/optimusvertragus.info\/wp-content\/uploads\/2023\/09\/YingYang-Lethe-und-Jolaus.jpg 738w\" sizes=\"(max-width: 225px) 100vw, 225px\" \/><img decoding=\"async\" loading=\"lazy\" class=\"alignnone size-medium wp-image-1215\" src=\"http:\/\/optimusvertragus.info\/wp-content\/uploads\/2023\/09\/Leto-neu-Nr.-3-225x300.jpg\" alt=\"\" width=\"225\" height=\"300\" srcset=\"http:\/\/optimusvertragus.info\/wp-content\/uploads\/2023\/09\/Leto-neu-Nr.-3-225x300.jpg 225w, http:\/\/optimusvertragus.info\/wp-content\/uploads\/2023\/09\/Leto-neu-Nr.-3.jpg 480w\" sizes=\"(max-width: 225px) 100vw, 225px\" \/><img decoding=\"async\" loading=\"lazy\" class=\"alignnone size-medium wp-image-1214\" src=\"http:\/\/optimusvertragus.info\/wp-content\/uploads\/2023\/09\/Leto-neu-Nr.-1-225x300.jpg\" alt=\"\" width=\"225\" height=\"300\" srcset=\"http:\/\/optimusvertragus.info\/wp-content\/uploads\/2023\/09\/Leto-neu-Nr.-1-225x300.jpg 225w, http:\/\/optimusvertragus.info\/wp-content\/uploads\/2023\/09\/Leto-neu-Nr.-1.jpg 480w\" sizes=\"(max-width: 225px) 100vw, 225px\" \/><\/p>\n<p>Mittwoch, 28.06.2023<\/p>\n<p>Traurige Nachrichten erreichen mich zu sp\u00e4ter Stunde. Leider muss ich das Ableben von OV Diomedes am heutigen Tage bekanntgeben. Valentino, wie er genannt wurde, hatte ein erf\u00fclltes Leben. Nur heute war der Punkt erreicht, an dem er erl\u00f6st werden musste. Wie seine Mama OV Baccara wurde auch er sehr alt. Ruhe in Frieden kleiner Metusalem. Dennoch gibt es zwischen dieser traurigen Nachricht auch erfreuliches zu berichten. Alle Welpen des L-Wurfes haben sich in ihren Familien bestens eingelebt. Ein kleiner Mann ist nach Frankreich &#8222;ausgewandert&#8220;; doch der Rest ist in meiner N\u00e4he geblieben. Die neuen Familien berichten mir nur Positives. Und so kehrt nun auch hier wieder Ruhe ein.<\/p>\n<p>Freitag, 03.02.2023<\/p>\n<p>Ja, sie ist tragend. Meine OV Hera erwartet Anfang M\u00e4rz Nachwuchs. Der Ultraschall hat es best\u00e4tigt. Und wie wir schon sehen konnten, stecken da einige Welpen im Bauch \ud83d\ude42 Hera geht es gut und sie genie\u00dft die extra Streicheleinheiten.<\/p>\n<p>Sonntag, 08.01.2023<br \/>\nSo, nun kann ich sagen, wer die gl\u00fcckliche Mama werden wird. Am Mittwoch deckte <a href=\"https:\/\/whippet.breedarchive.com\/animal\/view\/fortheringhays-alexander-the-great-020a1acf-0b85-4d05-9cc7-f911df9a708e\" target=\"_blank\" rel=\"noopener\">Fortheringhay\u00b4s Alexander the Great<\/a> meine Hera. Der Deckakt war sehr liebevoll und harmonisch. Wenn alles gut geht, wird es Anfang M\u00e4rz endlich wieder Nachwuchs geben.<\/p>\n<p><img decoding=\"async\" loading=\"lazy\" class=\"alignnone  wp-image-1012\" src=\"http:\/\/optimusvertragus.info\/wp-content\/uploads\/2023\/01\/Alex-Stand-300x200.jpg\" alt=\"\" width=\"311\" height=\"207\" srcset=\"http:\/\/optimusvertragus.info\/wp-content\/uploads\/2023\/01\/Alex-Stand-300x200.jpg 300w, http:\/\/optimusvertragus.info\/wp-content\/uploads\/2023\/01\/Alex-Stand-768x512.jpg 768w, http:\/\/optimusvertragus.info\/wp-content\/uploads\/2023\/01\/Alex-Stand-676x450.jpg 676w, http:\/\/optimusvertragus.info\/wp-content\/uploads\/2023\/01\/Alex-Stand.jpg 800w\" sizes=\"(max-width: 311px) 100vw, 311px\" \/> <img decoding=\"async\" loading=\"lazy\" class=\"alignnone  wp-image-989\" src=\"http:\/\/optimusvertragus.info\/wp-content\/uploads\/2022\/06\/Hera-chillt-1.jpg\" alt=\"\" width=\"193\" height=\"209\" \/><\/p>\n<p>Sonntag, 01.01.2023<br \/>\nUnd schon hat ein neues Jahr begonnen. Ich hoffe, Ihr seid alle gut in 2023 angekommen. Meine M\u00e4dels, oder sagen wir mal nur eine davon, hatten m\u00e4chtig Angst vor den B\u00f6llern. Die Andere hingegen nahm es einfach so hin und hat gepennt. Wie dem auch sei. Der n\u00e4chste Wurf ist in Planung. Wenn alles gut geht, gibt es im M\u00e4rz vierbeinigen Nachwuchs. Aber bis ich dies endg\u00fcltig best\u00e4tigen kann, vergehen noch ein paar Tage.<\/p>\n","protected":false},"excerpt":{"rendered":"<p>Montag, 18.12.2023 Wahnsinn&#8230; Jetzt gibt es uns schon seit 20 Jahren. Wer h\u00e4tte gedacht, dass Optimus Vertragus so lange existieren wird? Mal ganz ehrlich: Es gab, gibt und wird es immer diese Neider, Querulanten und andere Menschen geben. Menschen, die mich an meiner Zucht zweifeln lie\u00dfen. Aber dann gibt es Menschen, die ich \u00fcberaus sch\u00e4tze [&hellip;]<\/p>\n","protected":false},"author":1,"featured_media":0,"parent":171,"menu_order":3,"comment_status":"closed","ping_status":"closed","template":"","meta":[],"_links":{"self":[{"href":"http:\/\/optimusvertragus.info\/index.php?rest_route=\/wp\/v2\/pages\/1006"}],"collection":[{"href":"http:\/\/optimusvertragus.info\/index.php?rest_route=\/wp\/v2\/pages"}],"about":[{"href":"http:\/\/optimusvertragus.info\/index.php?rest_route=\/wp\/v2\/types\/page"}],"author":[{"embeddable":true,"href":"http:\/\/optimusvertragus.info\/index.php?rest_route=\/wp\/v2\/users\/1"}],"replies":[{"embeddable":true,"href":"http:\/\/optimusvertragus.info\/index.php?rest_route=%2Fwp%2Fv2%2Fcomments&post=1006"}],"version-history":[{"count":11,"href":"http:\/\/optimusvertragus.info\/index.php?rest_route=\/wp\/v2\/pages\/1006\/revisions"}],"predecessor-version":[{"id":1221,"href":"http:\/\/optimusvertragus.info\/index.php?rest_route=\/wp\/v2\/pages\/1006\/revisions\/1221"}],"up":[{"embeddable":true,"href":"http:\/\/optimusvertragus.info\/index.php?rest_route=\/wp\/v2\/pages\/171"}],"wp:attachment":[{"href":"http:\/\/optimusvertragus.info\/index.php?rest_route=%2Fwp%2Fv2%2Fmedia&parent=1006"}],"curies":[{"name":"wp","href":"https:\/\/api.w.org\/{rel}","templated":true}]}}