{"id":1026,"date":"2023-02-26T08:56:24","date_gmt":"2023-02-26T08:56:24","guid":{"rendered":"https:\/\/optimusvertragus.info\/?page_id=1026"},"modified":"2023-07-16T13:58:58","modified_gmt":"2023-07-16T13:58:58","slug":"tagebuch-l-wurf","status":"publish","type":"page","link":"http:\/\/optimusvertragus.info\/?page_id=1026","title":{"rendered":"Tagebuch L-Wurf"},"content":{"rendered":"\n<p><\/p>\n\n\n\n<p>Samstag, 06.05.2023<\/p>\n\n\n\n<p>Und da war es nur noch einer&#8230; Heute ging mein letzter Welpe. OV Laethusa hat das Feld ger\u00e4umt und ist ausgezogen. Somit ist nur noch OV Levana bei uns, die bleiben wird. Wie so oft, habe ich auch dieses mal wieder bei jedem Welpen ein Tr\u00e4nchen in der Augenh\u00f6hle gehabt. Aber wie ich bereits meinen R\u00fcckmeldungen der schon gegangenen Welpen entnehmen durfte, hat es sich gelohnt. Alle sind sehr gut im neuen Daheim angekommen und lernen nun weiter. Wir haben hier unser Bestes gegeben. Der Rest liegt nun an euch da drau\u00dfen. Es war eine sch\u00f6ne Zeit, die ich teilweise so nicht erwartet hatte. Ich hatte schon W\u00fcrfe, bei denen gar keine bis kaum Ruhe rein kam. Bei diesem hier war alles irgendwie &#8222;gechillt&#8220;. Hera als Mama war bei ihrem jetzigen zweiten Wurf durchaus relaxter und hat alles entspannt betrachtet. Ich war ganz verwundert, dass sie sich oft einfach nur zum Spielen dazugelegt hat. Aber auch sie ist reifer geworden und sieht das alles nicht mehr so eng. Unten die Bilder sind ein kleiner Abschiedsgru\u00df von Laethusa, Laetitia, Lapetos, Lethe und Leto zusammen mit mir \ud83d\ude42 Habt viel Spa\u00df und ein langes Leben.<\/p>\n\n\n\n<figure class=\"is-layout-flex wp-block-gallery-1 wp-block-gallery has-nested-images columns-default is-cropped\">\n<figure class=\"wp-block-image size-large\"><img decoding=\"async\" loading=\"lazy\" width=\"275\" height=\"268\" data-id=\"1200\"  src=\"http:\/\/optimusvertragus.info\/wp-content\/uploads\/2023\/05\/Abholung-Laethusa.jpg\" alt=\"\" class=\"wp-image-1200\"\/><\/figure>\n\n\n\n<figure class=\"wp-block-image size-large\"><img decoding=\"async\" loading=\"lazy\" width=\"177\" height=\"210\" data-id=\"1199\"  src=\"http:\/\/optimusvertragus.info\/wp-content\/uploads\/2023\/05\/Abholung-Laetitia.jpg\" alt=\"\" class=\"wp-image-1199\"\/><\/figure>\n\n\n\n<figure class=\"wp-block-image size-large\"><img decoding=\"async\" loading=\"lazy\" width=\"303\" height=\"344\" data-id=\"1198\"  src=\"http:\/\/optimusvertragus.info\/wp-content\/uploads\/2023\/05\/Abholung-Lapetos.jpg\" alt=\"\" class=\"wp-image-1198\" srcset=\"http:\/\/optimusvertragus.info\/wp-content\/uploads\/2023\/05\/Abholung-Lapetos.jpg 303w, http:\/\/optimusvertragus.info\/wp-content\/uploads\/2023\/05\/Abholung-Lapetos-264x300.jpg 264w\" sizes=\"(max-width: 303px) 100vw, 303px\" \/><\/figure>\n\n\n\n<figure class=\"wp-block-image size-large\"><img decoding=\"async\" loading=\"lazy\" width=\"800\" height=\"588\" data-id=\"1201\"  src=\"http:\/\/optimusvertragus.info\/wp-content\/uploads\/2023\/05\/Abholung-Lethe.jpg\" alt=\"\" class=\"wp-image-1201\" srcset=\"http:\/\/optimusvertragus.info\/wp-content\/uploads\/2023\/05\/Abholung-Lethe.jpg 800w, http:\/\/optimusvertragus.info\/wp-content\/uploads\/2023\/05\/Abholung-Lethe-300x221.jpg 300w, http:\/\/optimusvertragus.info\/wp-content\/uploads\/2023\/05\/Abholung-Lethe-768x564.jpg 768w, http:\/\/optimusvertragus.info\/wp-content\/uploads\/2023\/05\/Abholung-Lethe-676x497.jpg 676w\" sizes=\"(max-width: 800px) 100vw, 800px\" \/><\/figure>\n\n\n\n<figure class=\"wp-block-image size-large\"><img decoding=\"async\" loading=\"lazy\" width=\"140\" height=\"158\" data-id=\"1197\"  src=\"http:\/\/optimusvertragus.info\/wp-content\/uploads\/2023\/05\/Abholung-Leto.jpg\" alt=\"\" class=\"wp-image-1197\"\/><\/figure>\n<\/figure>\n\n\n\n<p>Mittwoch, 26.04.2023<\/p>\n\n\n\n<p>Nun ist auch mein letzter Welpe vergeben. Ich kann es kaum glauben; aber Lethe kommt zu Jolaus \ud83d\ude42 Ja, er wird eine kleine, s\u00fc\u00dfe, freche Schwester bekommen. Wie alle Welpen hat auch Lethe nun eine liebevolle Familie gefunden. Freitag ist nun impfen und chippen angesagt. Die Wurfabnahme ist f\u00fcr Sonntag geplant. Und dann hei\u00dft es Abschied nehmen. Gleich Sonntag werden uns zwei Welpen verlassen. Dann Montag, Freitag und Samstag. Mal schauen, ob ich das gef\u00fchlsm\u00e4\u00dfig gut durchhalte. Ich h\u00e4nge schon an jedem kleinen Gesch\u00f6pf was bei mir das Licht der Welt erblickt hat. Aber auch Freudentr\u00e4nen werden mich begleiten. Ich wei\u00df, dass Ihr neuen Besitzer es kaum erwarten k\u00f6nnt. Ich auf der einen Seite auch. Aber ich bin auch froh, dass es wieder ruhiger wird. Obwohl&#8230;Levana alias Ely bleibt ja bei uns und ich fange quasi auch wieder von vorne an \ud83d\ude09<\/p>\n\n\n\n<p>Sonntag, 16.04.2023<\/p>\n\n\n\n<p>Heute war ganz lieber Besuch bei uns um Bilder der Zwerge zu machen. Wie man sehen kann, hatten die L-Kinder durchaus auch ihren Spa\u00df. Um den Halter der Kleinen zu zitieren: &#8222;Die haben ja gar keinen Respekt oder gar Angst vor mir :-)&#8220; Sch\u00f6n war\u00b4s und ich bin mit der <a href=\"http:\/\/optimusvertragus.info\/?page_id=1058\">Bilderausbeute <\/a>sehr zufrieden.<\/p>\n\n\n\n<p>Montag, 10.04.2023<\/p>\n\n\n\n<p>Ostereier suchen stand noch nicht an; aber die Kleinen erkunden nun nach und nach den Garten. Vielleicht findet sich ja da das ein oder andere Ei. Rasen unter den F\u00fc\u00dfen ist noch ungewohnt, aber irgendwie lustig. Die zweite Entwurmungsrunde ist nun durch und alle Welpen tragen seit einigen Tagen Halsb\u00e4nder. Wundert mich sehr, dass die so ohne Meckern dran bleiben. Auto fahren wird nun zum Tagesgesch\u00e4ft in unterschiedlichen Welpenkonstellationen. Bisher hat noch keiner der Zwerge gemeint, das Auto &#8222;dekorieren&#8220; zu m\u00fcssen. In den n\u00e4chsten Tagen beginnt das Leinentraining. Mal schauen, ob sie das auch schnell verstehen. Immerhin ist der Grundstein mit Halsb\u00e4ndern ja schon gelegt.<\/p>\n\n\n\n<p>Samstag, 01.04.2023<\/p>\n\n\n\n<p>Wie schnell die Zeit doch vergeht&#8230; Jetzt, mit vier Wochen ist so richtig action in der Bude. Die ersten Welpenbesucher waren schon da und haben sich ihre zuk\u00fcnftigen Familienmitglieder &#8222;gesichert&#8220;. Bis jetzt bin ich von der gesamten Entwicklung der Kleinen echt begeistert. Keiner tanzt aus der Reihe \ud83d\ude09 Das erste Entwurmen ist schon durch. Und feste Nahrung wird ebenso bereits genommen.<\/p>\n\n\n<div class=\"wp-block-image\">\n<figure class=\"aligncenter size-full\"><img decoding=\"async\" loading=\"lazy\" width=\"321\" height=\"475\" src=\"http:\/\/optimusvertragus.info\/wp-content\/uploads\/2023\/04\/bunter-Haufen-5.jpg\" alt=\"\" class=\"wp-image-1099\" srcset=\"http:\/\/optimusvertragus.info\/wp-content\/uploads\/2023\/04\/bunter-Haufen-5.jpg 321w, http:\/\/optimusvertragus.info\/wp-content\/uploads\/2023\/04\/bunter-Haufen-5-203x300.jpg 203w\" sizes=\"(max-width: 321px) 100vw, 321px\" \/><\/figure><\/div>\n\n\n<p>Mittwoch, 15.03.2023<\/p>\n\n\n\n<p>Was soll ich nur sagen? Ich bin verliebt; aber so was von&#8230; Die Kleinen entwickeln sich so pr\u00e4chtig. Die ersten Sehschlitze sind schon da. Sieht irgendwie lustig aus wenn ein Auge halb offen und das andere noch geschlossen ist. Seit heute sind auch beide R\u00fcden vergeben. Wenn Sie noch Interesse an einer H\u00fcndin haben, melden Sie sich einfach bei mir. <\/p>\n\n\n\n<p>Samstag, 11.03.2023<\/p>\n\n\n\n<p>Nun ist schon eine Woche rum und ich habe das Gef\u00fchl es w\u00e4ren Monate vergangen. Die Welpen haben ihr Gewicht schon mehr als verdoppelt. Hera ist eine \u00fcberaus liebevolle Mutter und hat ihre Kleinen jederzeit im Auge. Das Wiegen gestaltet sich da so manches mal schwierig. Sollten Sie Interesse an einem der Welpen haben, k\u00f6nnen Sie sich jederzeit mit mir in Verbindung setzen. <\/p>\n\n\n\n<p>Freitag, 03.03.2023<\/p>\n\n\n\n<p>Und schneller wie gedacht sind sie da. Hera hat heute Nacht innerhalb von 4 Stunden 7 Welpen zur Welt gebracht. Leider hat es eine der H\u00fcndinnen nicht gepackt und ist verstorben. Sie h\u00e4tte die 5 Tage bis zum eigentlichen Termin durchaus noch im Bauch gebraucht. Sehr schade. Dennoch erfreuen wir uns nun an den anderen Zwergen. Es sind noch 2 Jungs und 4 M\u00e4dchen die von Hera\u00b4s grenzenloser Liebe profitieren d\u00fcrfen \ud83d\ude42 Ich bin traurig \u00fcber den Verlust; aber gleichzeitig gl\u00fccklich. Die Geburt verlief reibungslos. Und wie so oft, haben wir uns die Nacht um die Ohren geschlagen. Nun hei\u00dft es Daumen dr\u00fccken und hoffen, dass nicht noch was unerwartetes dazwischen kommt.<\/p>\n\n\n\n<p>Sonntag, 26.02.2023<br>Hera wird zunehmend runder. Na ja, bei 7 Welpen im Bauch kann sie sie jetzt einfach nicht mehr verstecken. Die Wurfkiste steht und wartet auf Einzug. Nun sind es keine 2 Wochen mehr und es kommt wieder Leben in die Bude.<\/p>\n\n\n\n<p><\/p>\n\n\n<div class=\"wp-block-image\">\n<figure class=\"alignleft size-full is-resized\"><img decoding=\"async\" loading=\"lazy\" src=\"https:\/\/optimusvertragus.info\/wp-content\/uploads\/2023\/02\/Hera-7.-Woche.jpeg\" alt=\"\" class=\"wp-image-1040\" width=\"308\" height=\"411\" srcset=\"http:\/\/optimusvertragus.info\/wp-content\/uploads\/2023\/02\/Hera-7.-Woche.jpeg 450w, http:\/\/optimusvertragus.info\/wp-content\/uploads\/2023\/02\/Hera-7.-Woche-225x300.jpeg 225w\" sizes=\"(max-width: 308px) 100vw, 308px\" \/><\/figure><\/div>\n\n<div class=\"wp-block-image\">\n<figure class=\"alignright size-full is-resized\"><img decoding=\"async\" loading=\"lazy\" src=\"https:\/\/optimusvertragus.info\/wp-content\/uploads\/2023\/02\/Roentgen-7.-Woche.jpeg\" alt=\"\" class=\"wp-image-1042\" width=\"329\" height=\"228\" srcset=\"http:\/\/optimusvertragus.info\/wp-content\/uploads\/2023\/02\/Roentgen-7.-Woche.jpeg 365w, http:\/\/optimusvertragus.info\/wp-content\/uploads\/2023\/02\/Roentgen-7.-Woche-300x208.jpeg 300w\" sizes=\"(max-width: 329px) 100vw, 329px\" \/><\/figure><\/div>","protected":false},"excerpt":{"rendered":"<p>Samstag, 06.05.2023 Und da war es nur noch einer&#8230; Heute ging mein letzter Welpe. OV Laethusa hat das Feld ger\u00e4umt und ist ausgezogen. Somit ist nur noch OV Levana bei uns, die bleiben wird. Wie so oft, habe ich auch dieses mal wieder bei jedem Welpen ein Tr\u00e4nchen in der Augenh\u00f6hle gehabt. Aber wie ich [&hellip;]<\/p>\n","protected":false},"author":1,"featured_media":0,"parent":1021,"menu_order":0,"comment_status":"closed","ping_status":"closed","template":"","meta":[],"_links":{"self":[{"href":"http:\/\/optimusvertragus.info\/index.php?rest_route=\/wp\/v2\/pages\/1026"}],"collection":[{"href":"http:\/\/optimusvertragus.info\/index.php?rest_route=\/wp\/v2\/pages"}],"about":[{"href":"http:\/\/optimusvertragus.info\/index.php?rest_route=\/wp\/v2\/types\/page"}],"author":[{"embeddable":true,"href":"http:\/\/optimusvertragus.info\/index.php?rest_route=\/wp\/v2\/users\/1"}],"replies":[{"embeddable":true,"href":"http:\/\/optimusvertragus.info\/index.php?rest_route=%2Fwp%2Fv2%2Fcomments&post=1026"}],"version-history":[{"count":14,"href":"http:\/\/optimusvertragus.info\/index.php?rest_route=\/wp\/v2\/pages\/1026\/revisions"}],"predecessor-version":[{"id":1209,"href":"http:\/\/optimusvertragus.info\/index.php?rest_route=\/wp\/v2\/pages\/1026\/revisions\/1209"}],"up":[{"embeddable":true,"href":"http:\/\/optimusvertragus.info\/index.php?rest_route=\/wp\/v2\/pages\/1021"}],"wp:attachment":[{"href":"http:\/\/optimusvertragus.info\/index.php?rest_route=%2Fwp%2Fv2%2Fmedia&parent=1026"}],"curies":[{"name":"wp","href":"https:\/\/api.w.org\/{rel}","templated":true}]}}