{"id":1233,"date":"2024-02-15T16:24:48","date_gmt":"2024-02-15T16:24:48","guid":{"rendered":"http:\/\/optimusvertragus.info\/?page_id=1233"},"modified":"2025-01-19T11:15:18","modified_gmt":"2025-01-19T11:15:18","slug":"news-2024","status":"publish","type":"page","link":"http:\/\/optimusvertragus.info\/?page_id=1233","title":{"rendered":"News 2024"},"content":{"rendered":"\n<p>Mittwoch, 18.12.2024<\/p>\n\n\n\n<p>Langsam aber sicher geht das Jahr zu Ende. Nach einem durchaus sehr aufregendem 2024 in vielerlei Hinsicht kann es nun auch bei uns ein wenig ruhig werden.  Einen kleinen Jahres\u00fcberblick will ich dennoch gew\u00e4hren.<\/p>\n\n\n\n<figure class=\"wp-block-image size-large\"><img decoding=\"async\" loading=\"lazy\" width=\"1024\" height=\"900\" src=\"http:\/\/optimusvertragus.info\/wp-content\/uploads\/2024\/12\/Gartenarbeit-1024x900.jpg\" alt=\"\" class=\"wp-image-1250\" srcset=\"http:\/\/optimusvertragus.info\/wp-content\/uploads\/2024\/12\/Gartenarbeit-1024x900.jpg 1024w, http:\/\/optimusvertragus.info\/wp-content\/uploads\/2024\/12\/Gartenarbeit-300x264.jpg 300w, http:\/\/optimusvertragus.info\/wp-content\/uploads\/2024\/12\/Gartenarbeit-768x675.jpg 768w, http:\/\/optimusvertragus.info\/wp-content\/uploads\/2024\/12\/Gartenarbeit-676x594.jpg 676w, http:\/\/optimusvertragus.info\/wp-content\/uploads\/2024\/12\/Gartenarbeit.jpg 1119w\" sizes=\"(max-width: 1024px) 100vw, 1024px\" \/><figcaption class=\"wp-element-caption\">Gartenarbeit muss auch mal sein.<\/figcaption><\/figure>\n\n\n\n<figure class=\"wp-block-image size-full\"><img decoding=\"async\" loading=\"lazy\" width=\"597\" height=\"649\" src=\"http:\/\/optimusvertragus.info\/wp-content\/uploads\/2024\/12\/Homeoffice.jpg\" alt=\"\" class=\"wp-image-1251\" srcset=\"http:\/\/optimusvertragus.info\/wp-content\/uploads\/2024\/12\/Homeoffice.jpg 597w, http:\/\/optimusvertragus.info\/wp-content\/uploads\/2024\/12\/Homeoffice-276x300.jpg 276w\" sizes=\"(max-width: 597px) 100vw, 597px\" \/><figcaption class=\"wp-element-caption\">Homeoffice mal anders \ud83d\ude42<\/figcaption><\/figure>\n\n\n\n<figure class=\"wp-block-image size-full\"><img decoding=\"async\" loading=\"lazy\" width=\"493\" height=\"573\" src=\"http:\/\/optimusvertragus.info\/wp-content\/uploads\/2024\/12\/Islandrennen.jpg\" alt=\"\" class=\"wp-image-1252\" srcset=\"http:\/\/optimusvertragus.info\/wp-content\/uploads\/2024\/12\/Islandrennen.jpg 493w, http:\/\/optimusvertragus.info\/wp-content\/uploads\/2024\/12\/Islandrennen-258x300.jpg 258w\" sizes=\"(max-width: 493px) 100vw, 493px\" \/><figcaption class=\"wp-element-caption\">Ausklang einer tollen Pferdeveranstaltung.<\/figcaption><\/figure>\n\n\n\n<p><\/p>\n\n\n\n<figure class=\"wp-block-image size-full\"><img decoding=\"async\" loading=\"lazy\" width=\"729\" height=\"876\" src=\"http:\/\/optimusvertragus.info\/wp-content\/uploads\/2024\/12\/Charly-mit-Ei.jpg\" alt=\"\" class=\"wp-image-1253\" srcset=\"http:\/\/optimusvertragus.info\/wp-content\/uploads\/2024\/12\/Charly-mit-Ei.jpg 729w, http:\/\/optimusvertragus.info\/wp-content\/uploads\/2024\/12\/Charly-mit-Ei-250x300.jpg 250w, http:\/\/optimusvertragus.info\/wp-content\/uploads\/2024\/12\/Charly-mit-Ei-676x812.jpg 676w\" sizes=\"(max-width: 729px) 100vw, 729px\" \/><figcaption class=\"wp-element-caption\">Wir leben auch hier und haben doch tats\u00e4chlich ein Ei gelegt.<\/figcaption><\/figure>\n\n\n\n<figure class=\"wp-block-image size-full\"><img decoding=\"async\" loading=\"lazy\" width=\"685\" height=\"983\" src=\"http:\/\/optimusvertragus.info\/wp-content\/uploads\/2024\/12\/Sunshine.jpg\" alt=\"\" class=\"wp-image-1254\" srcset=\"http:\/\/optimusvertragus.info\/wp-content\/uploads\/2024\/12\/Sunshine.jpg 685w, http:\/\/optimusvertragus.info\/wp-content\/uploads\/2024\/12\/Sunshine-209x300.jpg 209w, http:\/\/optimusvertragus.info\/wp-content\/uploads\/2024\/12\/Sunshine-676x970.jpg 676w\" sizes=\"(max-width: 685px) 100vw, 685px\" \/><figcaption class=\"wp-element-caption\">Keine weiteren Worte von N\u00f6ten.<\/figcaption><\/figure>\n\n\n\n<p>Samstag, 14.09.2024<\/p>\n\n\n\n<p>Was soll ich nur sagen&#8230;? Vieles ist in der letzten Zeit passiert. Unsere Ely hat nun auch ihre Zuchtzulassung und ist f\u00fcr ihren ersten Wurf bestens vorbereitet. Ich hatte eigentlich vorgehabt, diesen f\u00fcr Ende diesen Jahres willkommen zu hei\u00dfen. Aber leider muss ich den geplanten M-Wurf auf n\u00e4chstes Jahr verschieben. Wenn alles gut l\u00e4uft, wird Ely im Fr\u00fchjahr 2025 Mama werden. \u00dcber den zuk\u00fcnftigen Vater des Wurfes mache ich mir bereits meine Gedanken. Behalte diese aber noch f\u00fcr mich.<\/p>\n\n\n\n<p>Donnerstag, 15.02.2024<\/p>\n\n\n\n<p>Ich wei\u00df, ich wei\u00df&#8230; Ich bin sp\u00e4t dran. Aber im Grunde gibt es eigentlich nicht viel Neues zu erz\u00e4hlen. Das Jahr hat mit Silvesterkrach angefangen den alle meine Hunde nicht sonderlich prickelnd fanden. Minou ist aus Angst immer das reinste Wrack.<\/p>\n\n\n\n<p>Ich war im Januar der Meinung mal kurzfristig nach Berlin fliegen zu m\u00fcssen \ud83d\ude42 Meine alte Heimat hatte mich f\u00fcr ein paar Tage zur\u00fcck und ich konnte nach einigen Jahren auch die &#8222;Gr\u00fcne Woche&#8220; wieder besuchen. Meine Jungs daheim haben gut auf die Hunde aufgepasst.<\/p>\n\n\n<div class=\"wp-block-image\">\n<figure class=\"aligncenter size-full is-resized\"><img decoding=\"async\" loading=\"lazy\" src=\"http:\/\/optimusvertragus.info\/wp-content\/uploads\/2024\/02\/Gruene-Woche-2024.jpg\" alt=\"\" class=\"wp-image-1236\" width=\"332\" height=\"590\" srcset=\"http:\/\/optimusvertragus.info\/wp-content\/uploads\/2024\/02\/Gruene-Woche-2024.jpg 553w, http:\/\/optimusvertragus.info\/wp-content\/uploads\/2024\/02\/Gruene-Woche-2024-169x300.jpg 169w\" sizes=\"(max-width: 332px) 100vw, 332px\" \/><figcaption class=\"wp-element-caption\"><strong>Berliner B\u00e4r in Bl\u00fctenpracht<\/strong><\/figcaption><\/figure><\/div>\n\n<div class=\"wp-block-image\">\n<figure class=\"aligncenter size-full is-resized\"><img decoding=\"async\" loading=\"lazy\" src=\"http:\/\/optimusvertragus.info\/wp-content\/uploads\/2024\/02\/Gruene-Woche-2024-Nr.-2.jpg\" alt=\"\" class=\"wp-image-1237\" width=\"331\" height=\"441\" srcset=\"http:\/\/optimusvertragus.info\/wp-content\/uploads\/2024\/02\/Gruene-Woche-2024-Nr.-2.jpg 737w, http:\/\/optimusvertragus.info\/wp-content\/uploads\/2024\/02\/Gruene-Woche-2024-Nr.-2-225x300.jpg 225w, http:\/\/optimusvertragus.info\/wp-content\/uploads\/2024\/02\/Gruene-Woche-2024-Nr.-2-676x902.jpg 676w\" sizes=\"(max-width: 331px) 100vw, 331px\" \/><figcaption class=\"wp-element-caption\"><strong>Diese Bl\u00fctenpracht riecht nach Fr\u00fchling.<\/strong><\/figcaption><\/figure><\/div>\n\n\n<p>Nun plane ich die ersten Ausstellungen f\u00fcr dieses Jahr mit unserer Ely (OV Levana). Die s\u00fc\u00dfe Maus hatte jetzt ihre erste L\u00e4ufigkeit hinter sich. Von der Hose die sie in der Zeit anhatte war sie keineswegs begeistert. Und Ely glaub mir: das wirst du jetzt ein Leben lang ertragen m\u00fcssen \ud83d\ude42<\/p>\n","protected":false},"excerpt":{"rendered":"<p>Mittwoch, 18.12.2024 Langsam aber sicher geht das Jahr zu Ende. Nach einem durchaus sehr aufregendem 2024 in vielerlei Hinsicht kann es nun auch bei uns ein wenig ruhig werden. Einen kleinen Jahres\u00fcberblick will ich dennoch gew\u00e4hren. Samstag, 14.09.2024 Was soll ich nur sagen&#8230;? Vieles ist in der letzten Zeit passiert. Unsere Ely hat nun auch [&hellip;]<\/p>\n","protected":false},"author":1,"featured_media":0,"parent":171,"menu_order":2,"comment_status":"closed","ping_status":"closed","template":"","meta":[],"_links":{"self":[{"href":"http:\/\/optimusvertragus.info\/index.php?rest_route=\/wp\/v2\/pages\/1233"}],"collection":[{"href":"http:\/\/optimusvertragus.info\/index.php?rest_route=\/wp\/v2\/pages"}],"about":[{"href":"http:\/\/optimusvertragus.info\/index.php?rest_route=\/wp\/v2\/types\/page"}],"author":[{"embeddable":true,"href":"http:\/\/optimusvertragus.info\/index.php?rest_route=\/wp\/v2\/users\/1"}],"replies":[{"embeddable":true,"href":"http:\/\/optimusvertragus.info\/index.php?rest_route=%2Fwp%2Fv2%2Fcomments&post=1233"}],"version-history":[{"count":7,"href":"http:\/\/optimusvertragus.info\/index.php?rest_route=\/wp\/v2\/pages\/1233\/revisions"}],"predecessor-version":[{"id":1255,"href":"http:\/\/optimusvertragus.info\/index.php?rest_route=\/wp\/v2\/pages\/1233\/revisions\/1255"}],"up":[{"embeddable":true,"href":"http:\/\/optimusvertragus.info\/index.php?rest_route=\/wp\/v2\/pages\/171"}],"wp:attachment":[{"href":"http:\/\/optimusvertragus.info\/index.php?rest_route=%2Fwp%2Fv2%2Fmedia&parent=1233"}],"curies":[{"name":"wp","href":"https:\/\/api.w.org\/{rel}","templated":true}]}}