{"id":1275,"date":"2025-01-19T11:04:00","date_gmt":"2025-01-19T11:04:00","guid":{"rendered":"http:\/\/optimusvertragus.info\/?page_id=1275"},"modified":"2025-11-04T12:22:25","modified_gmt":"2025-11-04T12:22:25","slug":"news-2025","status":"publish","type":"page","link":"http:\/\/optimusvertragus.info\/?page_id=1275","title":{"rendered":"News 2025"},"content":{"rendered":"\n<p>Dienstag, 04.11.2025<\/p>\n\n\n\n<p>Und schwups ist der Laden leer&#8230; Max hat uns nun auch verlassen und wieder kehrt Ruhe ein. Schon ein wenig Trubel mit einem Welpen im Haus. Aber es war ja so gewollt. Kurz vor seinem Auszug konnte ich am letzten Wochenende in K\u00f6ln mit Max noch ein vv1 rausholen. In der Babyklasse hatte er null Konkurrenz und hat sich prima gezeigt.<\/p>\n\n\n\n<p>Dienstag, 27.05.2025<\/p>\n\n\n\n<p>Sie sind da. N\u00e4heres im <a href=\"https:\/\/optimusvertragus.info\/?page_id=1298\">M-Wurf<\/a>&#8230;<\/p>\n\n\n\n<p>Donnerstag, 22.05.2025<\/p>\n\n\n\n<p>Nun ist es noch knapp eine Woche und die Babies sind  hoffentlich heil gelandet. Wie man sehen kann, hat sich die K\u00f6rperform der Mama deutlich ge\u00e4ndert. Im \u00dcbrigen wollte ich mal erw\u00e4hnen, dass ich die M\u00f6glichkeit hatte auch die Herzen der Welpen schallen zu lassen. Schon verr\u00fcckt was die Technik heutzutage alles kann. Herz in der H\u00fcndin, in der Geb\u00e4rmutter, in der Fruchtblase&#8230; Ich war so fasziniert die schlagenden Herzklappen zu sehen.<\/p>\n\n\n\n<figure class=\"wp-block-image size-large\"><img decoding=\"async\" loading=\"lazy\" width=\"1024\" height=\"799\" src=\"https:\/\/optimusvertragus.info\/wp-content\/uploads\/2025\/05\/Ely-8.-Woche-1024x799.jpg\" alt=\"\" class=\"wp-image-1310\" srcset=\"http:\/\/optimusvertragus.info\/wp-content\/uploads\/2025\/05\/Ely-8.-Woche-1024x799.jpg 1024w, http:\/\/optimusvertragus.info\/wp-content\/uploads\/2025\/05\/Ely-8.-Woche-300x234.jpg 300w, http:\/\/optimusvertragus.info\/wp-content\/uploads\/2025\/05\/Ely-8.-Woche-768x599.jpg 768w, http:\/\/optimusvertragus.info\/wp-content\/uploads\/2025\/05\/Ely-8.-Woche-676x527.jpg 676w, http:\/\/optimusvertragus.info\/wp-content\/uploads\/2025\/05\/Ely-8.-Woche.jpg 1260w\" sizes=\"(max-width: 1024px) 100vw, 1024px\" \/><\/figure>\n\n\n\n<p>Mittwoch, 14.05.2025<\/p>\n\n\n\n<p>Nun habe ich Gewissheit&#8230; Auch wenn ich es schon l\u00e4nger geahnt bzw. gewu\u00dft und gesehen habe, wurde gestern nun eine Schwangerschaft von Ely best\u00e4tigt. Es waren vier, vielleicht sogar auch 5 Welpen sichtbar. Nun hei\u00dft es noch 2 Wochen warten und dann wissen wir mehr. Ely geht es gut; sie schl\u00e4ft viel und genie\u00dft jede Streicheleinheit umso mehr. Und wenn sie total entspannt, kann man sogar schon leichte Regungen der Welpen ertasten. Wir haben vor kurzem die Wurfbox aufgebaut die Ely auch schon ausgiebig inspiziert hat.<\/p>\n\n\n\n<p>Mittwoch, 26.03.2025<\/p>\n\n\n\n<p>Schneller als gedacht waren sie in Love \ud83d\ude42 Ely ist heute von <a href=\"https:\/\/whippet.breedarchive.com\/animal\/view\/contemp-marzemino-8e09265d-b2e5-4e19-894c-2c64eb0b3e28\" data-type=\"URL\" data-id=\"https:\/\/whippet.breedarchive.com\/animal\/view\/contemp-marzemino-8e09265d-b2e5-4e19-894c-2c64eb0b3e28\" target=\"_blank\" rel=\"noreferrer noopener\">Contemp Marzemino<\/a> gedeckt worden. Wenn alles gut geht, gibt es Welpen aus einer Verpaarung, die interessant werden wird. Beide Elterntiere sind superlieb. Ely ist eine zierliche H\u00fcndin und mit ihren 2 Jahren eine junge Mutter mit kindlichem Gem\u00fct. Marzemino hat einen whippettypischen m\u00e4nnlichen Aufbau. Seine liebevolle Art hat nicht nur Ely \u00fcberzeugt. Und nun warten wir auf den hoffentlich Ende Mai zur Welt kommenden M-Wurf.<\/p>\n\n\n\n<p>Sonntag, 19.01.2025<\/p>\n\n\n\n<p>Wie bin ich doch so froh, dass Silvester vorbei ist. Wie sehr sehr viele Tiere haben auch meine die Knallerei nicht ohne Weiteres weggesteckt. Minou zittert sich wie jedes Jahr einen weg und wird nur mit innigem Knuddeln abgelenkt bzw. kommt dann zur Ruhe. Und somit haben wir auch nicht bis 24 Uhr gewartet um ins neue Jahr zu kommen. Das passiert auch ohne uns und so sind wir fr\u00fchzeitig ins Bett gegangen.. Trotz allem w\u00fcnschen wir allen Verwandten, Bekannten und Freunden ein gesundes neues Jahr. Derzeit bin ich schon in der Planung f\u00fcr den n\u00e4chsten Wurf der in etwa im Fr\u00fchjahr zur Welt kommen wird. Mehr dann zu gegebener Zeit.<\/p>\n\n\n\n<p><\/p>\n","protected":false},"excerpt":{"rendered":"<p>Dienstag, 04.11.2025 Und schwups ist der Laden leer&#8230; Max hat uns nun auch verlassen und wieder kehrt Ruhe ein. Schon ein wenig Trubel mit einem Welpen im Haus. Aber es war ja so gewollt. Kurz vor seinem Auszug konnte ich am letzten Wochenende in K\u00f6ln mit Max noch ein vv1 rausholen. In der Babyklasse hatte [&hellip;]<\/p>\n","protected":false},"author":1,"featured_media":0,"parent":171,"menu_order":1,"comment_status":"closed","ping_status":"closed","template":"","meta":[],"_links":{"self":[{"href":"http:\/\/optimusvertragus.info\/index.php?rest_route=\/wp\/v2\/pages\/1275"}],"collection":[{"href":"http:\/\/optimusvertragus.info\/index.php?rest_route=\/wp\/v2\/pages"}],"about":[{"href":"http:\/\/optimusvertragus.info\/index.php?rest_route=\/wp\/v2\/types\/page"}],"author":[{"embeddable":true,"href":"http:\/\/optimusvertragus.info\/index.php?rest_route=\/wp\/v2\/users\/1"}],"replies":[{"embeddable":true,"href":"http:\/\/optimusvertragus.info\/index.php?rest_route=%2Fwp%2Fv2%2Fcomments&post=1275"}],"version-history":[{"count":13,"href":"http:\/\/optimusvertragus.info\/index.php?rest_route=\/wp\/v2\/pages\/1275\/revisions"}],"predecessor-version":[{"id":1433,"href":"http:\/\/optimusvertragus.info\/index.php?rest_route=\/wp\/v2\/pages\/1275\/revisions\/1433"}],"up":[{"embeddable":true,"href":"http:\/\/optimusvertragus.info\/index.php?rest_route=\/wp\/v2\/pages\/171"}],"wp:attachment":[{"href":"http:\/\/optimusvertragus.info\/index.php?rest_route=%2Fwp%2Fv2%2Fmedia&parent=1275"}],"curies":[{"name":"wp","href":"https:\/\/api.w.org\/{rel}","templated":true}]}}