{"id":1298,"date":"2025-03-28T18:56:58","date_gmt":"2025-03-28T18:56:58","guid":{"rendered":"https:\/\/optimusvertragus.info\/?page_id=1298"},"modified":"2025-11-04T12:15:11","modified_gmt":"2025-11-04T12:15:11","slug":"tagebuch-m-wurf","status":"publish","type":"page","link":"http:\/\/optimusvertragus.info\/?page_id=1298","title":{"rendered":"Tagebuch M-Wurf"},"content":{"rendered":"\n<p>Sonntag, 02.11.2025<\/p>\n\n\n\n<p>Nach nun 5 Monaten hat auch unser Hahn im Korb das Nest verlassen. Max wurde heute abgeholt und lebt nun in einem Z\u00fcchterhaushalt weiter. Ich muss nicht sagen, wie schwer mir der Abschied gefallen ist. Aber er ist eine liebe Familie umgezogen und wird es dort sehr gut haben. Ich w\u00fcrde mich auch durchaus freuen, wenn er eine Ausstellungskarriere antritt. Der Grundstein wurde ja schon letztes Wochenende in K\u00f6ln gelegt. Hier startete Max in der Babyklasse und erreichte ein vv1. Man bin ich stolz \ud83d\ude42<\/p>\n\n\n\n<p>Und so schlie\u00dfe ich nun das Tagebuch f\u00fcr diesen tollen Wurf. Ich w\u00fcnsche allen Besitzern viel Freude mit den Kleinen.<\/p>\n\n\n\n<p>Sonntag, 31.08.2025<\/p>\n\n\n\n<p>Nun sind es schon einige Wochen her, dass uns die M\u00e4dels verlassen haben. Ich h\u00f6re nur Gutes und bin \u00fcberaus erfreut dar\u00fcber. Leider haben wir f\u00fcr Max immer noch niemanden gefunden und so lebt er vergn\u00fcgt mit unseren Damen.<\/p>\n\n\n<div class=\"wp-block-image\">\n<figure class=\"aligncenter size-full\"><img decoding=\"async\" loading=\"lazy\" width=\"531\" height=\"371\" src=\"https:\/\/optimusvertragus.info\/wp-content\/uploads\/2025\/08\/Buegelhilfe.jpg\" alt=\"\" class=\"wp-image-1417\" srcset=\"http:\/\/optimusvertragus.info\/wp-content\/uploads\/2025\/08\/Buegelhilfe.jpg 531w, http:\/\/optimusvertragus.info\/wp-content\/uploads\/2025\/08\/Buegelhilfe-300x210.jpg 300w\" sizes=\"(max-width: 531px) 100vw, 531px\" \/><\/figure><\/div>\n\n\n<p>Dennoch w\u00fcnsche ich mir ein zu Hause in dem er gl\u00fccklich wird. Denn ein R\u00fcde in unserem Rudel ist eigentlich nicht geplant. Obwohl&#8230; wie man sehen kann, l\u00e4\u00dft das Gesamterscheinungsbild von Max auf Ausstellpotenzial schlie\u00dfen \ud83d\ude42<\/p>\n\n\n<div class=\"wp-block-image\">\n<figure class=\"aligncenter size-full\"><img decoding=\"async\" loading=\"lazy\" width=\"809\" height=\"983\" src=\"https:\/\/optimusvertragus.info\/wp-content\/uploads\/2025\/08\/tiefenentspannt.jpg\" alt=\"\" class=\"wp-image-1418\" srcset=\"http:\/\/optimusvertragus.info\/wp-content\/uploads\/2025\/08\/tiefenentspannt.jpg 809w, http:\/\/optimusvertragus.info\/wp-content\/uploads\/2025\/08\/tiefenentspannt-247x300.jpg 247w, http:\/\/optimusvertragus.info\/wp-content\/uploads\/2025\/08\/tiefenentspannt-768x933.jpg 768w, http:\/\/optimusvertragus.info\/wp-content\/uploads\/2025\/08\/tiefenentspannt-676x821.jpg 676w\" sizes=\"(max-width: 809px) 100vw, 809px\" \/><\/figure><\/div>\n\n\n<p>Aber nein&#8230;ich muss vern\u00fcnftig bleiben. Und so gebe ich ihn in liebe H\u00e4nde ab sobald sich diese gefunden haben. Denn so soll es doch auch sein:<\/p>\n\n\n<div class=\"wp-block-image\">\n<figure class=\"aligncenter size-full\"><img decoding=\"async\" loading=\"lazy\" width=\"969\" height=\"747\" src=\"https:\/\/optimusvertragus.info\/wp-content\/uploads\/2025\/08\/ausruhen.jpg\" alt=\"\" class=\"wp-image-1419\" srcset=\"http:\/\/optimusvertragus.info\/wp-content\/uploads\/2025\/08\/ausruhen.jpg 969w, http:\/\/optimusvertragus.info\/wp-content\/uploads\/2025\/08\/ausruhen-300x231.jpg 300w, http:\/\/optimusvertragus.info\/wp-content\/uploads\/2025\/08\/ausruhen-768x592.jpg 768w, http:\/\/optimusvertragus.info\/wp-content\/uploads\/2025\/08\/ausruhen-676x521.jpg 676w\" sizes=\"(max-width: 969px) 100vw, 969px\" \/><\/figure><\/div>\n\n\n<p>Allgemein gesprochen bin ich \u00fcber die Entwicklung dieses Wurfes gl\u00fccklich. <\/p>\n\n\n\n<p>Mittwoch, 23.07.2025<\/p>\n\n\n\n<p>Und schwupps sind sie gro\u00df&#8230; Seit gestern sind die Zwerge 8 Wochen auf der Welt und erfreuen mein Herz. Mit Wehmut muss ich sagen, dass die Zeit viel zu schnell vergangen ist. Im Laufe der Woche steht dennoch einiges f\u00fcr die Kleinen an. Neben der ersten Impfung mit Chip setzen steht am Wochenende die Wurfabnahme an. Und gleich danach wird uns schon die kleine Mithra, die \u00fcbrigens ihren Namen behalten wird, verlassen. Sie tritt den langen Weg Richtung Berlin an. Montag geht dann Diva (OV Minerva) und es bleibt nur noch Maximus. Der darf dann die verbliebenen weiblichen Whippetdamen \u00e4rgern bis er dann auch ein neues Daheim gefunden hat. Was das Laufen an der Leine angeht, hatten wir erst Temperaturen zum Dahinschmelzen und jetzt nur Regen der mich \u00fcberlegen l\u00e4sst, ob ich den Kleinen eher schwimmen beibringen muss. Na ja, zumindest kennen sie auch nasse F\u00fc\u00dfe. Ein kleiner Einblick des heutigen Versuchs bei halbwegs annehmbarem Wetter gibt es hier zu sehen.<\/p>\n\n\n<div class=\"wp-block-image\">\n<figure class=\"aligncenter size-full is-resized\"><img decoding=\"async\" loading=\"lazy\" src=\"https:\/\/optimusvertragus.info\/wp-content\/uploads\/2025\/07\/spazieren.jpg\" alt=\"\" class=\"wp-image-1405\" width=\"540\" height=\"752\" srcset=\"http:\/\/optimusvertragus.info\/wp-content\/uploads\/2025\/07\/spazieren.jpg 551w, http:\/\/optimusvertragus.info\/wp-content\/uploads\/2025\/07\/spazieren-216x300.jpg 216w\" sizes=\"(max-width: 540px) 100vw, 540px\" \/><\/figure><\/div>\n\n<div class=\"wp-block-image\">\n<figure class=\"aligncenter size-full\"><img decoding=\"async\" loading=\"lazy\" width=\"468\" height=\"430\" src=\"https:\/\/optimusvertragus.info\/wp-content\/uploads\/2025\/07\/spazieren-6.jpg\" alt=\"\" class=\"wp-image-1411\" srcset=\"http:\/\/optimusvertragus.info\/wp-content\/uploads\/2025\/07\/spazieren-6.jpg 468w, http:\/\/optimusvertragus.info\/wp-content\/uploads\/2025\/07\/spazieren-6-300x276.jpg 300w\" sizes=\"(max-width: 468px) 100vw, 468px\" \/><\/figure><\/div>\n\n<div class=\"wp-block-image\">\n<figure class=\"aligncenter size-full\"><img decoding=\"async\" loading=\"lazy\" width=\"576\" height=\"293\" src=\"https:\/\/optimusvertragus.info\/wp-content\/uploads\/2025\/07\/spazieren-7.jpg\" alt=\"\" class=\"wp-image-1412\" srcset=\"http:\/\/optimusvertragus.info\/wp-content\/uploads\/2025\/07\/spazieren-7.jpg 576w, http:\/\/optimusvertragus.info\/wp-content\/uploads\/2025\/07\/spazieren-7-300x153.jpg 300w\" sizes=\"(max-width: 576px) 100vw, 576px\" \/><\/figure><\/div>\n\n<div class=\"wp-block-image\">\n<figure class=\"aligncenter size-full is-resized\"><img decoding=\"async\" loading=\"lazy\" src=\"https:\/\/optimusvertragus.info\/wp-content\/uploads\/2025\/07\/spazieren-3.jpg\" alt=\"\" class=\"wp-image-1408\" width=\"537\" height=\"497\" srcset=\"http:\/\/optimusvertragus.info\/wp-content\/uploads\/2025\/07\/spazieren-3.jpg 862w, http:\/\/optimusvertragus.info\/wp-content\/uploads\/2025\/07\/spazieren-3-300x278.jpg 300w, http:\/\/optimusvertragus.info\/wp-content\/uploads\/2025\/07\/spazieren-3-768x712.jpg 768w, http:\/\/optimusvertragus.info\/wp-content\/uploads\/2025\/07\/spazieren-3-676x627.jpg 676w\" sizes=\"(max-width: 537px) 100vw, 537px\" \/><\/figure><\/div>\n\n<div class=\"wp-block-image\">\n<figure class=\"aligncenter size-full is-resized\"><img decoding=\"async\" loading=\"lazy\" src=\"https:\/\/optimusvertragus.info\/wp-content\/uploads\/2025\/07\/spazieren-1.jpg\" alt=\"\" class=\"wp-image-1406\" width=\"538\" height=\"526\"\/><\/figure><\/div>\n\n\n<figure class=\"wp-block-image size-full is-resized\"><img decoding=\"async\" loading=\"lazy\" src=\"https:\/\/optimusvertragus.info\/wp-content\/uploads\/2025\/07\/spazieren-2.jpg\" alt=\"\" class=\"wp-image-1407\" width=\"677\" height=\"595\" srcset=\"http:\/\/optimusvertragus.info\/wp-content\/uploads\/2025\/07\/spazieren-2.jpg 353w, http:\/\/optimusvertragus.info\/wp-content\/uploads\/2025\/07\/spazieren-2-300x263.jpg 300w\" sizes=\"(max-width: 677px) 100vw, 677px\" \/><\/figure>\n\n\n<div class=\"wp-block-image\">\n<figure class=\"aligncenter size-full\"><img decoding=\"async\" loading=\"lazy\" width=\"292\" height=\"481\" src=\"http:\/\/optimusvertragus.info\/wp-content\/uploads\/2025\/07\/spazieren-4.jpg\" alt=\"\" class=\"wp-image-1409\" srcset=\"http:\/\/optimusvertragus.info\/wp-content\/uploads\/2025\/07\/spazieren-4.jpg 292w, http:\/\/optimusvertragus.info\/wp-content\/uploads\/2025\/07\/spazieren-4-182x300.jpg 182w\" sizes=\"(max-width: 292px) 100vw, 292px\" \/><figcaption class=\"wp-element-caption\">Maximus, Minerva, Mithra von oben nach unten<\/figcaption><\/figure><\/div>\n\n<div class=\"wp-block-image\">\n<figure class=\"aligncenter size-full is-resized\"><img decoding=\"async\" loading=\"lazy\" src=\"https:\/\/optimusvertragus.info\/wp-content\/uploads\/2025\/07\/spazieren-5.jpg\" alt=\"\" class=\"wp-image-1410\" width=\"408\" height=\"471\" srcset=\"http:\/\/optimusvertragus.info\/wp-content\/uploads\/2025\/07\/spazieren-5.jpg 357w, http:\/\/optimusvertragus.info\/wp-content\/uploads\/2025\/07\/spazieren-5-260x300.jpg 260w\" sizes=\"(max-width: 408px) 100vw, 408px\" \/><\/figure><\/div>\n\n<div class=\"wp-block-image\">\n<figure class=\"aligncenter size-large\"><img decoding=\"async\" loading=\"lazy\" width=\"1024\" height=\"606\" src=\"https:\/\/optimusvertragus.info\/wp-content\/uploads\/2025\/07\/spazieren-8-1024x606.jpg\" alt=\"\" class=\"wp-image-1413\" srcset=\"http:\/\/optimusvertragus.info\/wp-content\/uploads\/2025\/07\/spazieren-8-1024x606.jpg 1024w, http:\/\/optimusvertragus.info\/wp-content\/uploads\/2025\/07\/spazieren-8-300x177.jpg 300w, http:\/\/optimusvertragus.info\/wp-content\/uploads\/2025\/07\/spazieren-8-768x454.jpg 768w, http:\/\/optimusvertragus.info\/wp-content\/uploads\/2025\/07\/spazieren-8-676x400.jpg 676w, http:\/\/optimusvertragus.info\/wp-content\/uploads\/2025\/07\/spazieren-8.jpg 1133w\" sizes=\"(max-width: 1024px) 100vw, 1024px\" \/><figcaption class=\"wp-element-caption\">Man beachte die Haltung von Ely \ud83d\ude42<\/figcaption><\/figure><\/div>\n\n\n<p>Sonntag, 06.07.2025<\/p>\n\n\n\n<p>Wie die Zeit doch vergeht&#8230; Nun sind die M-Linge schon fast sechs Wochen auf der Welt. Mittlerweile fressen sie, machen  ihre Gesch\u00e4fte zum Teil schon im Garten und gehen der Mama verst\u00e4rkt auf die Nerven \ud83d\ude42 Seit ein paar Tagen tragen die Zwerge auch schon Halsb\u00e4nder, die sie perfekt auf das Leinentraining vorbereiten. Da wir in den letzten Tagen teilweise \u00fcber 35 Grad hatten, war das drau\u00dfen nicht m\u00f6glich und ich habe das somit verschieben m\u00fcssen. Aber nun kann es losgehen auch die Stra\u00dfen unsicher zu machen. Inzwischen sind Mithra, die in meine &#8222;alte Heimat&#8220; gehen wird und Minerva, die jetzt Diva hei\u00dft, bereits vergeben. Maximus wartet noch auf eine Familie.<\/p>\n\n\n\n<p>Donnerstag, 26.06.2025<\/p>\n\n\n\n<p>Die Welpen fressen mittlerweile in kleinen Schritten feste Nahrung. Muttermilch wird dennoch absolut vorgezogen. F\u00fcr unseren Maximus suchen wir weiterhin eine liebe Familie. Bei Interesse gerne bei mir melden.<\/p>\n\n\n<div class=\"wp-block-image\">\n<figure class=\"aligncenter size-full\"><img decoding=\"async\" loading=\"lazy\" width=\"369\" height=\"474\" src=\"http:\/\/optimusvertragus.info\/wp-content\/uploads\/2025\/06\/Maximus-2.jpg\" alt=\"\" class=\"wp-image-1376\" srcset=\"http:\/\/optimusvertragus.info\/wp-content\/uploads\/2025\/06\/Maximus-2.jpg 369w, http:\/\/optimusvertragus.info\/wp-content\/uploads\/2025\/06\/Maximus-2-234x300.jpg 234w\" sizes=\"(max-width: 369px) 100vw, 369px\" \/><\/figure><\/div>\n\n\n<figure class=\"wp-block-image size-full\"><img decoding=\"async\" loading=\"lazy\" width=\"909\" height=\"977\" src=\"https:\/\/optimusvertragus.info\/wp-content\/uploads\/2025\/06\/Mithra-Minerva-3-Wochen.jpg\" alt=\"\" class=\"wp-image-1383\" srcset=\"http:\/\/optimusvertragus.info\/wp-content\/uploads\/2025\/06\/Mithra-Minerva-3-Wochen.jpg 909w, http:\/\/optimusvertragus.info\/wp-content\/uploads\/2025\/06\/Mithra-Minerva-3-Wochen-279x300.jpg 279w, http:\/\/optimusvertragus.info\/wp-content\/uploads\/2025\/06\/Mithra-Minerva-3-Wochen-768x825.jpg 768w, http:\/\/optimusvertragus.info\/wp-content\/uploads\/2025\/06\/Mithra-Minerva-3-Wochen-676x727.jpg 676w\" sizes=\"(max-width: 909px) 100vw, 909px\" \/><\/figure>\n\n\n\n<figure class=\"wp-block-image size-full\"><img decoding=\"async\" loading=\"lazy\" width=\"940\" height=\"874\" src=\"https:\/\/optimusvertragus.info\/wp-content\/uploads\/2025\/06\/Mithra-Minerva-3-Wochen-Nr.-2.jpg\" alt=\"\" class=\"wp-image-1384\" srcset=\"http:\/\/optimusvertragus.info\/wp-content\/uploads\/2025\/06\/Mithra-Minerva-3-Wochen-Nr.-2.jpg 940w, http:\/\/optimusvertragus.info\/wp-content\/uploads\/2025\/06\/Mithra-Minerva-3-Wochen-Nr.-2-300x279.jpg 300w, http:\/\/optimusvertragus.info\/wp-content\/uploads\/2025\/06\/Mithra-Minerva-3-Wochen-Nr.-2-768x714.jpg 768w, http:\/\/optimusvertragus.info\/wp-content\/uploads\/2025\/06\/Mithra-Minerva-3-Wochen-Nr.-2-676x629.jpg 676w\" sizes=\"(max-width: 940px) 100vw, 940px\" \/><\/figure>\n\n\n\n<p>Donnerstag, 19.06.2025<\/p>\n\n\n\n<p>Das Leben eines Z\u00fcchters hat gute und schlechte Seiten. Leider zeigten sich Dienstag die Schlechten. Mir fehlen auch heute noch die Worte. Nach 3 Wochen auf der Welt musste ich Marzemino gehen lassen. \u00dcber die genauen Gr\u00fcnde m\u00f6chte und werde ich mich hier nicht \u00e4u\u00dfern. Mir ist dieser Schritt nicht leicht gefallen; war aber letztlich die weiseste Entscheidung. Unten das letzte Bild aus der Klinik. Ruhe in Frieden mein Kleiner. Du hast den Wurf ein bi\u00dfchen bunter gemacht.<\/p>\n\n\n\n<p>Nichtsdestotrotz geht das Leben weiter. Die Mama war anfangs ein wenig verwirrt; hatte sich aber schnell wieder gefangen. Die anderen Welpchen lernen mittlerweile (oder sagen wir mal es wird begonnen) das Welpenklo zu benutzen. Feste Nahrung finden Sie hingegen noch nicht so prickelnd. Aber das wird sich demn\u00e4chst mit Sicherheit \u00e4ndern. Zumindest haben sie schon mal gepezelt \ud83d\ude42<\/p>\n\n\n\n<figure class=\"wp-block-image size-full\"><img decoding=\"async\" loading=\"lazy\" width=\"660\" height=\"983\" src=\"https:\/\/optimusvertragus.info\/wp-content\/uploads\/2025\/06\/Marzemino-im-Himmel.jpg\" alt=\"\" class=\"wp-image-1365\" srcset=\"http:\/\/optimusvertragus.info\/wp-content\/uploads\/2025\/06\/Marzemino-im-Himmel.jpg 660w, http:\/\/optimusvertragus.info\/wp-content\/uploads\/2025\/06\/Marzemino-im-Himmel-201x300.jpg 201w\" sizes=\"(max-width: 660px) 100vw, 660px\" \/><\/figure>\n\n\n\n<p>Dienstag, 10.06.2025<\/p>\n\n\n\n<p>Wie schnell sie doch wachsen. Nun sind die Zwerge schon 2 Wochen auf der Welt und haben unser Leben bereits grundlegend auf den Kopf gestellt. Wie so oft bei jedem Wurf geht erst jetzt das Leben so richtig los. Bis auf Marzemino haben die Kleinen schon erste Sehschlitze. Marzemino hingegen sieht die Welt bereits komplett. Ganz sch\u00f6n flott; als Letzter geboren machte er als Erster die Augen auf. Die Letzten werden die Ersten sein. Heute gab es auch schon die erste Entwurmung. Wie immer haben die Welpen es \u00fcberaus genossen \ud83d\ude41 Aber was sein muss, muss eben sein.<\/p>\n\n\n\n<p>Dienstag, 03.06.2025<\/p>\n\n\n\n<p>Jetzt sind die Kleinen schon eine Woche alt geworden. Ich bin sehr zufrieden. Jeder einzelne hat sein Gewicht schon mehr wie verdoppelt. Hier gibt es aber auch einen Welpen der bereits 800 Gramm auf die Waage bringt. Seit Geburtsgewicht fast 500 Gramm innerhalb einer Woche zugenommen. Ich nenne keinen Namen&#8230;; aber Maximalerfolg schon jetzt erreicht \ud83d\ude42<\/p>\n\n\n\n<p>Samstag, 31.05.2025<\/p>\n\n\n\n<p>Wir werden gar nicht satt vom Zugucken. Die Kleinen wachsen ziemlich rasant und haben seit Dienstag jeder schon \u00fcber 200 Gramm zugenommen. Bin ich froh dar\u00fcber. Ely macht ihre Sache sehr gut. Sie geht zwar schnell mit den anderen Gassi; aber dann hei\u00dft es wieder ruck-zuck ab zu den L\u00fctten. Au\u00dferdem hat Ely eine neue Art der Inneneinrichtung f\u00fcr sich entdeckt \ud83d\ude42 Keine Decke und erst recht kein Welpe liegt an einer Stelle die ihr die Sache der Welpenpflege vereinfachen w\u00fcrde. Warum denn einfach wenn es auch kompliziert geht? Unten noch ein paar Bilder der gl\u00fccklichen Familie.<\/p>\n\n\n<div class=\"wp-block-image\">\n<figure class=\"aligncenter size-large is-resized\"><img decoding=\"async\" loading=\"lazy\" src=\"https:\/\/optimusvertragus.info\/wp-content\/uploads\/2025\/05\/4-Tage-1024x772.jpg\" alt=\"\" class=\"wp-image-1342\" width=\"610\" height=\"459\" srcset=\"http:\/\/optimusvertragus.info\/wp-content\/uploads\/2025\/05\/4-Tage-1024x772.jpg 1024w, http:\/\/optimusvertragus.info\/wp-content\/uploads\/2025\/05\/4-Tage-300x226.jpg 300w, http:\/\/optimusvertragus.info\/wp-content\/uploads\/2025\/05\/4-Tage-768x579.jpg 768w, http:\/\/optimusvertragus.info\/wp-content\/uploads\/2025\/05\/4-Tage-676x509.jpg 676w, http:\/\/optimusvertragus.info\/wp-content\/uploads\/2025\/05\/4-Tage.jpg 1303w\" sizes=\"(max-width: 610px) 100vw, 610px\" \/><\/figure><\/div>\n\n<div class=\"wp-block-image\">\n<figure class=\"aligncenter size-full is-resized\"><img decoding=\"async\" loading=\"lazy\" src=\"https:\/\/optimusvertragus.info\/wp-content\/uploads\/2025\/05\/alles-im-Blick.jpg\" alt=\"\" class=\"wp-image-1343\" width=\"607\" height=\"808\" srcset=\"http:\/\/optimusvertragus.info\/wp-content\/uploads\/2025\/05\/alles-im-Blick.jpg 737w, http:\/\/optimusvertragus.info\/wp-content\/uploads\/2025\/05\/alles-im-Blick-225x300.jpg 225w, http:\/\/optimusvertragus.info\/wp-content\/uploads\/2025\/05\/alles-im-Blick-676x901.jpg 676w\" sizes=\"(max-width: 607px) 100vw, 607px\" \/><\/figure><\/div>\n\n<div class=\"wp-block-image\">\n<figure class=\"aligncenter size-full is-resized\"><img decoding=\"async\" loading=\"lazy\" src=\"https:\/\/optimusvertragus.info\/wp-content\/uploads\/2025\/05\/entspannt.jpg\" alt=\"\" class=\"wp-image-1344\" width=\"615\" height=\"819\" srcset=\"http:\/\/optimusvertragus.info\/wp-content\/uploads\/2025\/05\/entspannt.jpg 737w, http:\/\/optimusvertragus.info\/wp-content\/uploads\/2025\/05\/entspannt-225x300.jpg 225w, http:\/\/optimusvertragus.info\/wp-content\/uploads\/2025\/05\/entspannt-676x901.jpg 676w\" sizes=\"(max-width: 615px) 100vw, 615px\" \/><\/figure><\/div>\n\n\n<p>Dienstag, 27.05.2025<\/p>\n\n\n\n<p>Nun hat Ely es geschafft. Nach einer aufregenden Nacht und einem nicht minder angespannten Vormittag, haben endlich die Presswehen eingesetzt und Ely hat innerhalb von knapp 2 Stunden 2 R\u00fcden und 2 H\u00fcndinnen zur Welt gebracht. Sie hatte ganz sch\u00f6n Arbeit bei der Geburt. Der erste Welpe war auch ziemlich gro\u00df so dass sie sich ganz sch\u00f6n qu\u00e4len musste. Die Gewichte lagen zwischen 305 und 360 Gramm. Ziemlich stramme Welpchen. Nun hei\u00dft es erst einmal sich an die Zwerge gew\u00f6hnen und die neuen T\u00f6ne verstehen. Aber Ely macht das spitze. Wir sind so stolz auf Ely und freuen uns auf die kommenden Wochen.<\/p>\n\n\n<div class=\"wp-block-image\">\n<figure class=\"aligncenter size-full\"><img decoding=\"async\" loading=\"lazy\" width=\"435\" height=\"706\" src=\"https:\/\/optimusvertragus.info\/wp-content\/uploads\/2025\/05\/kurz-nach-der-Geburt.jpg\" alt=\"\" class=\"wp-image-1316\" srcset=\"http:\/\/optimusvertragus.info\/wp-content\/uploads\/2025\/05\/kurz-nach-der-Geburt.jpg 435w, http:\/\/optimusvertragus.info\/wp-content\/uploads\/2025\/05\/kurz-nach-der-Geburt-185x300.jpg 185w\" sizes=\"(max-width: 435px) 100vw, 435px\" \/><\/figure><\/div>","protected":false},"excerpt":{"rendered":"<p>Sonntag, 02.11.2025 Nach nun 5 Monaten hat auch unser Hahn im Korb das Nest verlassen. Max wurde heute abgeholt und lebt nun in einem Z\u00fcchterhaushalt weiter. Ich muss nicht sagen, wie schwer mir der Abschied gefallen ist. Aber er ist eine liebe Familie umgezogen und wird es dort sehr gut haben. Ich w\u00fcrde mich auch [&hellip;]<\/p>\n","protected":false},"author":1,"featured_media":0,"parent":1292,"menu_order":1,"comment_status":"closed","ping_status":"closed","template":"","meta":[],"_links":{"self":[{"href":"http:\/\/optimusvertragus.info\/index.php?rest_route=\/wp\/v2\/pages\/1298"}],"collection":[{"href":"http:\/\/optimusvertragus.info\/index.php?rest_route=\/wp\/v2\/pages"}],"about":[{"href":"http:\/\/optimusvertragus.info\/index.php?rest_route=\/wp\/v2\/types\/page"}],"author":[{"embeddable":true,"href":"http:\/\/optimusvertragus.info\/index.php?rest_route=\/wp\/v2\/users\/1"}],"replies":[{"embeddable":true,"href":"http:\/\/optimusvertragus.info\/index.php?rest_route=%2Fwp%2Fv2%2Fcomments&post=1298"}],"version-history":[{"count":20,"href":"http:\/\/optimusvertragus.info\/index.php?rest_route=\/wp\/v2\/pages\/1298\/revisions"}],"predecessor-version":[{"id":1428,"href":"http:\/\/optimusvertragus.info\/index.php?rest_route=\/wp\/v2\/pages\/1298\/revisions\/1428"}],"up":[{"embeddable":true,"href":"http:\/\/optimusvertragus.info\/index.php?rest_route=\/wp\/v2\/pages\/1292"}],"wp:attachment":[{"href":"http:\/\/optimusvertragus.info\/index.php?rest_route=%2Fwp%2Fv2%2Fmedia&parent=1298"}],"curies":[{"name":"wp","href":"https:\/\/api.w.org\/{rel}","templated":true}]}}