{"id":1437,"date":"2026-04-20T10:10:31","date_gmt":"2026-04-20T10:10:31","guid":{"rendered":"https:\/\/optimusvertragus.info\/?page_id=1437"},"modified":"2026-04-20T10:14:21","modified_gmt":"2026-04-20T10:14:21","slug":"news-2026","status":"publish","type":"page","link":"http:\/\/optimusvertragus.info\/?page_id=1437","title":{"rendered":"News 2026"},"content":{"rendered":"\n<p>Freitag, 17.04.2026<\/p>\n\n\n\n<p>Wir haben es getan&#8230; Nun sind wir verheiratet und aus Flick ist jetzt Keller geworden. Vielen Dank f\u00fcr all die Gl\u00fcckw\u00fcnsche. Wir haben uns sehr dar\u00fcber gefreut.<\/p>\n","protected":false},"excerpt":{"rendered":"<p>Freitag, 17.04.2026 Wir haben es getan&#8230; Nun sind wir verheiratet und aus Flick ist jetzt Keller geworden. Vielen Dank f\u00fcr all die Gl\u00fcckw\u00fcnsche. Wir haben uns sehr dar\u00fcber gefreut.<\/p>\n","protected":false},"author":1,"featured_media":0,"parent":171,"menu_order":0,"comment_status":"closed","ping_status":"closed","template":"","meta":[],"_links":{"self":[{"href":"http:\/\/optimusvertragus.info\/index.php?rest_route=\/wp\/v2\/pages\/1437"}],"collection":[{"href":"http:\/\/optimusvertragus.info\/index.php?rest_route=\/wp\/v2\/pages"}],"about":[{"href":"http:\/\/optimusvertragus.info\/index.php?rest_route=\/wp\/v2\/types\/page"}],"author":[{"embeddable":true,"href":"http:\/\/optimusvertragus.info\/index.php?rest_route=\/wp\/v2\/users\/1"}],"replies":[{"embeddable":true,"href":"http:\/\/optimusvertragus.info\/index.php?rest_route=%2Fwp%2Fv2%2Fcomments&post=1437"}],"version-history":[{"count":3,"href":"http:\/\/optimusvertragus.info\/index.php?rest_route=\/wp\/v2\/pages\/1437\/revisions"}],"predecessor-version":[{"id":1441,"href":"http:\/\/optimusvertragus.info\/index.php?rest_route=\/wp\/v2\/pages\/1437\/revisions\/1441"}],"up":[{"embeddable":true,"href":"http:\/\/optimusvertragus.info\/index.php?rest_route=\/wp\/v2\/pages\/171"}],"wp:attachment":[{"href":"http:\/\/optimusvertragus.info\/index.php?rest_route=%2Fwp%2Fv2%2Fmedia&parent=1437"}],"curies":[{"name":"wp","href":"https:\/\/api.w.org\/{rel}","templated":true}]}}