{"id":160,"date":"2017-08-22T17:21:48","date_gmt":"2017-08-22T17:21:48","guid":{"rendered":"http:\/\/optimusvertragus.info\/?page_id=160"},"modified":"2024-12-18T15:47:05","modified_gmt":"2024-12-18T15:47:05","slug":"links","status":"publish","type":"page","link":"http:\/\/optimusvertragus.info\/?page_id=160","title":{"rendered":"Links"},"content":{"rendered":"<p>Hier haben wir f\u00fcr Sie eine Liste mit n\u00fctzlichen und interessanten Internetadressen zusammengestellt.<\/p>\n<p><a href=\"http:\/\/www.wcd-online.de\" target=\"_blank\" rel=\"noopener\">Whippet Club Deutschland<\/a><br \/>\n<a href=\"http:\/\/www.thewhippetarchives.net\" target=\"_blank\" rel=\"noopener\">The Whippet Archives<\/a><\/p>\n<p>Wichtige Hinweise:<br \/>\nDa wir auf die von uns gelinkten Seiten keinerlei Einfluss haben, distanzieren wir uns von deren Gestaltung und Inhalten.<br \/>\nDes weiteren machen wir uns weder Inhalt noch die Aufbereitung der gelinkten Seite zu Eigen.<br \/>\nDiese Erkl\u00e4rung gilt f\u00fcr alle auf unserer Homepage ausgebrachten Links, welche nicht auf unsere eigenen Seiten verweisen.<br \/>\nWerden auf gelinkten Seiten strafbare, pornographische, extremistische, rassistische, gewaltverherrlichende oder in anderer Form anst\u00f6\u00dfige Inhalte angeboten, bitten wir um Nachricht an optimusvertragus@web.de. Wir werden solche Links sofort l\u00f6schen.<\/p>\n","protected":false},"excerpt":{"rendered":"<p>Hier haben wir f\u00fcr Sie eine Liste mit n\u00fctzlichen und interessanten Internetadressen zusammengestellt. Whippet Club Deutschland The Whippet Archives Wichtige Hinweise: Da wir auf die von uns gelinkten Seiten keinerlei Einfluss haben, distanzieren wir uns von deren Gestaltung und Inhalten. Des weiteren machen wir uns weder Inhalt noch die Aufbereitung der gelinkten Seite zu Eigen. [&hellip;]<\/p>\n","protected":false},"author":1,"featured_media":231,"parent":0,"menu_order":7,"comment_status":"closed","ping_status":"closed","template":"","meta":[],"_links":{"self":[{"href":"http:\/\/optimusvertragus.info\/index.php?rest_route=\/wp\/v2\/pages\/160"}],"collection":[{"href":"http:\/\/optimusvertragus.info\/index.php?rest_route=\/wp\/v2\/pages"}],"about":[{"href":"http:\/\/optimusvertragus.info\/index.php?rest_route=\/wp\/v2\/types\/page"}],"author":[{"embeddable":true,"href":"http:\/\/optimusvertragus.info\/index.php?rest_route=\/wp\/v2\/users\/1"}],"replies":[{"embeddable":true,"href":"http:\/\/optimusvertragus.info\/index.php?rest_route=%2Fwp%2Fv2%2Fcomments&post=160"}],"version-history":[{"count":11,"href":"http:\/\/optimusvertragus.info\/index.php?rest_route=\/wp\/v2\/pages\/160\/revisions"}],"predecessor-version":[{"id":1267,"href":"http:\/\/optimusvertragus.info\/index.php?rest_route=\/wp\/v2\/pages\/160\/revisions\/1267"}],"wp:featuredmedia":[{"embeddable":true,"href":"http:\/\/optimusvertragus.info\/index.php?rest_route=\/wp\/v2\/media\/231"}],"wp:attachment":[{"href":"http:\/\/optimusvertragus.info\/index.php?rest_route=%2Fwp%2Fv2%2Fmedia&parent=160"}],"curies":[{"name":"wp","href":"https:\/\/api.w.org\/{rel}","templated":true}]}}