{"id":19,"date":"2017-08-21T14:59:23","date_gmt":"2017-08-21T14:59:23","guid":{"rendered":"http:\/\/optimusvertragus.info\/?page_id=19"},"modified":"2017-08-26T10:24:45","modified_gmt":"2017-08-26T10:24:45","slug":"welpen","status":"publish","type":"page","link":"http:\/\/optimusvertragus.info\/?page_id=19","title":{"rendered":"Welpen"},"content":{"rendered":"<p>Das Wohlergehen meiner Hunde und Nachzuchten ist mir Ansporn und Aufgabe zugleich. Gesunde und wesensstarke Welpen sind mir sehr wichtig und erhalten bei der Aufzucht meine ganze Liebe und Energie.<br \/>\nSollten Sie sich bereits jetzt f\u00fcr einen Welpen interessieren, freue ich mich, Sie zu einem Besuch begr\u00fc\u00dfen zu d\u00fcrfen. Schlie\u00dflich ist die Anschaffung eines Hundes eine Entscheidung, die einige Ver\u00e4nderungen und Verantwortung mit sich bringt. Deshalb ist es auch f\u00fcr mich wichtig, die neuen Besitzer meiner Junghunde fr\u00fchzeitig kennen zu lernen.<\/p>\n<p>Wir sind Mitglied im Whippet Club Deutschland und z\u00fcchten nach dem internationalen Standard des VDH und der FCI.<\/p>\n","protected":false},"excerpt":{"rendered":"<p>Das Wohlergehen meiner Hunde und Nachzuchten ist mir Ansporn und Aufgabe zugleich. Gesunde und wesensstarke Welpen sind mir sehr wichtig und erhalten bei der Aufzucht meine ganze Liebe und Energie. Sollten Sie sich bereits jetzt f\u00fcr einen Welpen interessieren, freue ich mich, Sie zu einem Besuch begr\u00fc\u00dfen zu d\u00fcrfen. Schlie\u00dflich ist die Anschaffung eines Hundes [&hellip;]<\/p>\n","protected":false},"author":1,"featured_media":0,"parent":0,"menu_order":3,"comment_status":"closed","ping_status":"closed","template":"","meta":[],"_links":{"self":[{"href":"http:\/\/optimusvertragus.info\/index.php?rest_route=\/wp\/v2\/pages\/19"}],"collection":[{"href":"http:\/\/optimusvertragus.info\/index.php?rest_route=\/wp\/v2\/pages"}],"about":[{"href":"http:\/\/optimusvertragus.info\/index.php?rest_route=\/wp\/v2\/types\/page"}],"author":[{"embeddable":true,"href":"http:\/\/optimusvertragus.info\/index.php?rest_route=\/wp\/v2\/users\/1"}],"replies":[{"embeddable":true,"href":"http:\/\/optimusvertragus.info\/index.php?rest_route=%2Fwp%2Fv2%2Fcomments&post=19"}],"version-history":[{"count":3,"href":"http:\/\/optimusvertragus.info\/index.php?rest_route=\/wp\/v2\/pages\/19\/revisions"}],"predecessor-version":[{"id":123,"href":"http:\/\/optimusvertragus.info\/index.php?rest_route=\/wp\/v2\/pages\/19\/revisions\/123"}],"wp:attachment":[{"href":"http:\/\/optimusvertragus.info\/index.php?rest_route=%2Fwp%2Fv2%2Fmedia&parent=19"}],"curies":[{"name":"wp","href":"https:\/\/api.w.org\/{rel}","templated":true}]}}