{"id":200,"date":"2017-08-23T19:03:12","date_gmt":"2017-08-23T19:03:12","guid":{"rendered":"http:\/\/optimusvertragus.info\/?page_id=200"},"modified":"2017-09-07T11:26:59","modified_gmt":"2017-09-07T11:26:59","slug":"koseilatas-innocent-child","status":"publish","type":"page","link":"http:\/\/optimusvertragus.info\/?page_id=200","title":{"rendered":"Koseilata\u00b4s Innocent Child"},"content":{"rendered":"<p>Meinen ersten eigenen Hund fand ich in Chilly (<a href=\"https:\/\/whippet.breedarchive.com\/animal\/view\/koseilatas-innocent-child-7f251b2a-cb53-41f8-b01a-e1e1a78ddeb7\" target=\"_blank\" rel=\"noopener\">Koseilata\u00b4s Innocent Child<\/a>). Eigentlich dachte ich, dass ich mir in ihr meinen Wunsch erf\u00fcllen konnte. Aber die Rechnung hatte ich ohne Chilly gemacht. Sie wurde eindeutig ein M\u00e4nnerhund. Und nicht nur dass. Mit dem Tod von ihr verlor unser Rudel auch das Alphatier. Chilly war eine kleine Pers\u00f6nlichkeit f\u00fcr sich. Ohne zickig zu wirken, setzte sie doch ihren Kopf durch. Sie hatte ihr Rudel voll im Griff. Wenn sie jedoch ihre Spielphasen hatte, war sie einfach nur zuckers\u00fc\u00df.\u00a0Besonders an ihr merkt man, dass Whippets nicht einfach nur Hunde sind. Sie sind ausgesucht liebenswerte Hausgenossen.\u00a0Chilly hatte ein au\u00dfergew\u00f6hnlich phantastisches Wesen. Ihr Gangwerk war einfach einmalig. Obwohl sie klein war, hatte sie doch alle typischen Whippetmerkmale und entsprach voll und ganz dem Standard. \u00a0Chilly wurde einmal Mutter im Zwinger Koseilata\u00b4s. Am 01.05.2004 hat sie unseren A-Wurf zur Welt gebracht. Und nach ihrem zweiten Wurf vom 10.06.2005 in unserem Zwinger genoss sie bei uns ihren wohlverdienten Ruhestand.<\/p>\n","protected":false},"excerpt":{"rendered":"<p>Meinen ersten eigenen Hund fand ich in Chilly (Koseilata\u00b4s Innocent Child). Eigentlich dachte ich, dass ich mir in ihr meinen Wunsch erf\u00fcllen konnte. Aber die Rechnung hatte ich ohne Chilly gemacht. Sie wurde eindeutig ein M\u00e4nnerhund. Und nicht nur dass. Mit dem Tod von ihr verlor unser Rudel auch das Alphatier. Chilly war eine kleine [&hellip;]<\/p>\n","protected":false},"author":1,"featured_media":0,"parent":191,"menu_order":1,"comment_status":"closed","ping_status":"closed","template":"","meta":[],"_links":{"self":[{"href":"http:\/\/optimusvertragus.info\/index.php?rest_route=\/wp\/v2\/pages\/200"}],"collection":[{"href":"http:\/\/optimusvertragus.info\/index.php?rest_route=\/wp\/v2\/pages"}],"about":[{"href":"http:\/\/optimusvertragus.info\/index.php?rest_route=\/wp\/v2\/types\/page"}],"author":[{"embeddable":true,"href":"http:\/\/optimusvertragus.info\/index.php?rest_route=\/wp\/v2\/users\/1"}],"replies":[{"embeddable":true,"href":"http:\/\/optimusvertragus.info\/index.php?rest_route=%2Fwp%2Fv2%2Fcomments&post=200"}],"version-history":[{"count":7,"href":"http:\/\/optimusvertragus.info\/index.php?rest_route=\/wp\/v2\/pages\/200\/revisions"}],"predecessor-version":[{"id":326,"href":"http:\/\/optimusvertragus.info\/index.php?rest_route=\/wp\/v2\/pages\/200\/revisions\/326"}],"up":[{"embeddable":true,"href":"http:\/\/optimusvertragus.info\/index.php?rest_route=\/wp\/v2\/pages\/191"}],"wp:attachment":[{"href":"http:\/\/optimusvertragus.info\/index.php?rest_route=%2Fwp%2Fv2%2Fmedia&parent=200"}],"curies":[{"name":"wp","href":"https:\/\/api.w.org\/{rel}","templated":true}]}}