{"id":290,"date":"2017-08-29T15:34:18","date_gmt":"2017-08-29T15:34:18","guid":{"rendered":"http:\/\/optimusvertragus.info\/?page_id=290"},"modified":"2017-08-29T15:37:20","modified_gmt":"2017-08-29T15:37:20","slug":"fiefoernieks-french-kiss","status":"publish","type":"page","link":"http:\/\/optimusvertragus.info\/?page_id=290","title":{"rendered":"Fiefoerniek\u00b4s French Kiss"},"content":{"rendered":"<p>Fiefoerniek\u00b4s French Kiss (italienisches Windspiel)<br \/>\nFiefoerniek`s French Kiss (genannt Sonne) war sozusagen der Spielgef\u00e4hrte f\u00fcr mich. Sie hatte wirklich noch in unserem mittlerweile gr\u00f6\u00dfer werdenden Rudel gefehlt. Sonne war der Hund mit dem gr\u00f6\u00dften Unterhaltungswert. Sie war unser kleiner Clown. Ich bin Familie Ottersbach\/Vallender (Ein Goldkind) wirklich sehr dankbar, dass sie uns die Kleine anvertrauten, obwohl ihnen die Trennung sichtlich schwer gefallen ist.<br \/>\nSonne hatte keine Nachzucht. Schade eigentlich; ihr heiteres Gem\u00fct war einmalig.<\/p>\n","protected":false},"excerpt":{"rendered":"<p>Fiefoerniek\u00b4s French Kiss (italienisches Windspiel) Fiefoerniek`s French Kiss (genannt Sonne) war sozusagen der Spielgef\u00e4hrte f\u00fcr mich. Sie hatte wirklich noch in unserem mittlerweile gr\u00f6\u00dfer werdenden Rudel gefehlt. Sonne war der Hund mit dem gr\u00f6\u00dften Unterhaltungswert. Sie war unser kleiner Clown. Ich bin Familie Ottersbach\/Vallender (Ein Goldkind) wirklich sehr dankbar, dass sie uns die Kleine anvertrauten, [&hellip;]<\/p>\n","protected":false},"author":1,"featured_media":0,"parent":191,"menu_order":3,"comment_status":"closed","ping_status":"closed","template":"","meta":[],"_links":{"self":[{"href":"http:\/\/optimusvertragus.info\/index.php?rest_route=\/wp\/v2\/pages\/290"}],"collection":[{"href":"http:\/\/optimusvertragus.info\/index.php?rest_route=\/wp\/v2\/pages"}],"about":[{"href":"http:\/\/optimusvertragus.info\/index.php?rest_route=\/wp\/v2\/types\/page"}],"author":[{"embeddable":true,"href":"http:\/\/optimusvertragus.info\/index.php?rest_route=\/wp\/v2\/users\/1"}],"replies":[{"embeddable":true,"href":"http:\/\/optimusvertragus.info\/index.php?rest_route=%2Fwp%2Fv2%2Fcomments&post=290"}],"version-history":[{"count":4,"href":"http:\/\/optimusvertragus.info\/index.php?rest_route=\/wp\/v2\/pages\/290\/revisions"}],"predecessor-version":[{"id":297,"href":"http:\/\/optimusvertragus.info\/index.php?rest_route=\/wp\/v2\/pages\/290\/revisions\/297"}],"up":[{"embeddable":true,"href":"http:\/\/optimusvertragus.info\/index.php?rest_route=\/wp\/v2\/pages\/191"}],"wp:attachment":[{"href":"http:\/\/optimusvertragus.info\/index.php?rest_route=%2Fwp%2Fv2%2Fmedia&parent=290"}],"curies":[{"name":"wp","href":"https:\/\/api.w.org\/{rel}","templated":true}]}}