{"id":298,"date":"2017-08-29T15:41:24","date_gmt":"2017-08-29T15:41:24","guid":{"rendered":"http:\/\/optimusvertragus.info\/?page_id=298"},"modified":"2020-08-14T14:31:10","modified_gmt":"2020-08-14T14:31:10","slug":"optimus-vertragus-baccara","status":"publish","type":"page","link":"http:\/\/optimusvertragus.info\/?page_id=298","title":{"rendered":"Optimus Vertragus Baccara"},"content":{"rendered":"<p>Wie soll ich nur Baccara beschreiben? <a href=\"https:\/\/whippet.breedarchive.com\/animal\/view\/optimus-vertragus-baccara-a2983245-1217-4a13-b0b7-340ac936f3b4\" target=\"_blank\" rel=\"noopener\">Optimus Vertragus Baccara<\/a> wurde am 10.06.2005 geboren und musste leider am 12.08.2020 den Weg \u00fcber die Regenbr\u00fccke gehen. Als Welpe war sie eher ein Vertreter der ruhigen Sorte. Ich wei\u00df nicht von wem sie das hatte, aber sie &#8222;umarmte&#8220; liebevoll jeden und verteilte K\u00fcsse.<\/p>\n","protected":false},"excerpt":{"rendered":"<p>Wie soll ich nur Baccara beschreiben? Optimus Vertragus Baccara wurde am 10.06.2005 geboren und musste leider am 12.08.2020 den Weg \u00fcber die Regenbr\u00fccke gehen. Als Welpe war sie eher ein Vertreter der ruhigen Sorte. Ich wei\u00df nicht von wem sie das hatte, aber sie &#8222;umarmte&#8220; liebevoll jeden und verteilte K\u00fcsse.<\/p>\n","protected":false},"author":1,"featured_media":0,"parent":191,"menu_order":1,"comment_status":"closed","ping_status":"closed","template":"","meta":[],"_links":{"self":[{"href":"http:\/\/optimusvertragus.info\/index.php?rest_route=\/wp\/v2\/pages\/298"}],"collection":[{"href":"http:\/\/optimusvertragus.info\/index.php?rest_route=\/wp\/v2\/pages"}],"about":[{"href":"http:\/\/optimusvertragus.info\/index.php?rest_route=\/wp\/v2\/types\/page"}],"author":[{"embeddable":true,"href":"http:\/\/optimusvertragus.info\/index.php?rest_route=\/wp\/v2\/users\/1"}],"replies":[{"embeddable":true,"href":"http:\/\/optimusvertragus.info\/index.php?rest_route=%2Fwp%2Fv2%2Fcomments&post=298"}],"version-history":[{"count":3,"href":"http:\/\/optimusvertragus.info\/index.php?rest_route=\/wp\/v2\/pages\/298\/revisions"}],"predecessor-version":[{"id":828,"href":"http:\/\/optimusvertragus.info\/index.php?rest_route=\/wp\/v2\/pages\/298\/revisions\/828"}],"up":[{"embeddable":true,"href":"http:\/\/optimusvertragus.info\/index.php?rest_route=\/wp\/v2\/pages\/191"}],"wp:attachment":[{"href":"http:\/\/optimusvertragus.info\/index.php?rest_route=%2Fwp%2Fv2%2Fmedia&parent=298"}],"curies":[{"name":"wp","href":"https:\/\/api.w.org\/{rel}","templated":true}]}}