{"id":303,"date":"2019-03-06T16:00:43","date_gmt":"2019-03-06T16:00:43","guid":{"rendered":"http:\/\/optimusvertragus.info\/?page_id=303"},"modified":"2019-03-07T14:10:19","modified_gmt":"2019-03-07T14:10:19","slug":"optimus-vertragus-eurydike","status":"publish","type":"page","link":"http:\/\/optimusvertragus.info\/?page_id=303","title":{"rendered":"Optimus Vertragus Eurydike"},"content":{"rendered":"<p>Nike (<a href=\"https:\/\/whippet.breedarchive.com\/animal\/view\/optimus-vertragus-eurydike-55bb8f05-b55e-4555-b4aa-9372223f5522\" target=\"_blank\" rel=\"noopener\">Optimus Vertragus Eurydike<\/a>) war die Erstgeborene aus unserem E-Wurf. Mit ihren 305 gr Geburtsgewicht hatte sie es der Mama nicht ganz so leicht gemacht. Dennoch hat es sich gelohnt. Ihr tiefdunkelrot gestromter Mantel war einfach der Knaller. Ich liebe diese Farbe, ihr K\u00f6rper lie\u00df einiges erahnen. Und so hatte sie das Haus nicht verlasen und blieb bei uns. Leider mussten sich unsere Wege viel zu fr\u00fch trennen. Nike ist am 17.02.2019 \u00fcber die Regenbogenbr\u00fccke gegangen. Es war ein Schock, den wir nicht so schnell \u00fcberwinden werden. Nun lebt sie in all ihren Kindern weiter.<\/p>\n","protected":false},"excerpt":{"rendered":"<p>Nike (Optimus Vertragus Eurydike) war die Erstgeborene aus unserem E-Wurf. Mit ihren 305 gr Geburtsgewicht hatte sie es der Mama nicht ganz so leicht gemacht. Dennoch hat es sich gelohnt. Ihr tiefdunkelrot gestromter Mantel war einfach der Knaller. Ich liebe diese Farbe, ihr K\u00f6rper lie\u00df einiges erahnen. Und so hatte sie das Haus nicht verlasen [&hellip;]<\/p>\n","protected":false},"author":1,"featured_media":0,"parent":191,"menu_order":1,"comment_status":"closed","ping_status":"closed","template":"","meta":[],"_links":{"self":[{"href":"http:\/\/optimusvertragus.info\/index.php?rest_route=\/wp\/v2\/pages\/303"}],"collection":[{"href":"http:\/\/optimusvertragus.info\/index.php?rest_route=\/wp\/v2\/pages"}],"about":[{"href":"http:\/\/optimusvertragus.info\/index.php?rest_route=\/wp\/v2\/types\/page"}],"author":[{"embeddable":true,"href":"http:\/\/optimusvertragus.info\/index.php?rest_route=\/wp\/v2\/users\/1"}],"replies":[{"embeddable":true,"href":"http:\/\/optimusvertragus.info\/index.php?rest_route=%2Fwp%2Fv2%2Fcomments&post=303"}],"version-history":[{"count":4,"href":"http:\/\/optimusvertragus.info\/index.php?rest_route=\/wp\/v2\/pages\/303\/revisions"}],"predecessor-version":[{"id":574,"href":"http:\/\/optimusvertragus.info\/index.php?rest_route=\/wp\/v2\/pages\/303\/revisions\/574"}],"up":[{"embeddable":true,"href":"http:\/\/optimusvertragus.info\/index.php?rest_route=\/wp\/v2\/pages\/191"}],"wp:attachment":[{"href":"http:\/\/optimusvertragus.info\/index.php?rest_route=%2Fwp%2Fv2%2Fmedia&parent=303"}],"curies":[{"name":"wp","href":"https:\/\/api.w.org\/{rel}","templated":true}]}}