{"id":334,"date":"2017-09-07T12:01:07","date_gmt":"2017-09-07T12:01:07","guid":{"rendered":"http:\/\/optimusvertragus.info\/?page_id=334"},"modified":"2024-12-18T15:34:58","modified_gmt":"2024-12-18T15:34:58","slug":"optimus-vertragus-hera","status":"publish","type":"page","link":"http:\/\/optimusvertragus.info\/?page_id=334","title":{"rendered":"Optimus Vertragus Hera"},"content":{"rendered":"<p><img decoding=\"async\" loading=\"lazy\" class=\"size-medium wp-image-216 aligncenter\" src=\"http:\/\/optimusvertragus.info\/wp-content\/uploads\/2017\/08\/4-300x200.jpg\" alt=\"\" width=\"300\" height=\"200\" srcset=\"http:\/\/optimusvertragus.info\/wp-content\/uploads\/2017\/08\/4-300x200.jpg 300w, http:\/\/optimusvertragus.info\/wp-content\/uploads\/2017\/08\/4-768x512.jpg 768w, http:\/\/optimusvertragus.info\/wp-content\/uploads\/2017\/08\/4-676x450.jpg 676w, http:\/\/optimusvertragus.info\/wp-content\/uploads\/2017\/08\/4.jpg 800w\" sizes=\"(max-width: 300px) 100vw, 300px\" \/><\/p>\n<p>Unser kleiner Clown <a href=\"https:\/\/whippet.breedarchive.com\/animal\/view\/optimus-vertragus-hera-6e76efdc-ba2f-4840-b3c5-6baab706ec92\" target=\"_blank\" rel=\"noopener\">Optimus Vertragus Hera<\/a> wurde am 07.01.2017 geboren. Sie sieht ihrem Vater so unglaublich \u00e4hnlich. Zu ihren liebsten Besch\u00e4ftigungen z\u00e4hlt das Klauen von Topflappen \ud83d\ude42 Einfach nur liebenswert erfreut sie unser Herz jeden Tag.<\/p>\n","protected":false},"excerpt":{"rendered":"<p>Unser kleiner Clown Optimus Vertragus Hera wurde am 07.01.2017 geboren. Sie sieht ihrem Vater so unglaublich \u00e4hnlich. Zu ihren liebsten Besch\u00e4ftigungen z\u00e4hlt das Klauen von Topflappen \ud83d\ude42 Einfach nur liebenswert erfreut sie unser Herz jeden Tag.<\/p>\n","protected":false},"author":1,"featured_media":0,"parent":189,"menu_order":2,"comment_status":"closed","ping_status":"closed","template":"","meta":[],"_links":{"self":[{"href":"http:\/\/optimusvertragus.info\/index.php?rest_route=\/wp\/v2\/pages\/334"}],"collection":[{"href":"http:\/\/optimusvertragus.info\/index.php?rest_route=\/wp\/v2\/pages"}],"about":[{"href":"http:\/\/optimusvertragus.info\/index.php?rest_route=\/wp\/v2\/types\/page"}],"author":[{"embeddable":true,"href":"http:\/\/optimusvertragus.info\/index.php?rest_route=\/wp\/v2\/users\/1"}],"replies":[{"embeddable":true,"href":"http:\/\/optimusvertragus.info\/index.php?rest_route=%2Fwp%2Fv2%2Fcomments&post=334"}],"version-history":[{"count":7,"href":"http:\/\/optimusvertragus.info\/index.php?rest_route=\/wp\/v2\/pages\/334\/revisions"}],"predecessor-version":[{"id":841,"href":"http:\/\/optimusvertragus.info\/index.php?rest_route=\/wp\/v2\/pages\/334\/revisions\/841"}],"up":[{"embeddable":true,"href":"http:\/\/optimusvertragus.info\/index.php?rest_route=\/wp\/v2\/pages\/189"}],"wp:attachment":[{"href":"http:\/\/optimusvertragus.info\/index.php?rest_route=%2Fwp%2Fv2%2Fmedia&parent=334"}],"curies":[{"name":"wp","href":"https:\/\/api.w.org\/{rel}","templated":true}]}}