{"id":380,"date":"2018-07-03T12:29:40","date_gmt":"2018-07-03T12:29:40","guid":{"rendered":"http:\/\/optimusvertragus.info\/?page_id=380"},"modified":"2018-07-24T16:26:56","modified_gmt":"2018-07-24T16:26:56","slug":"tagebuch-i-wurf","status":"publish","type":"page","link":"http:\/\/optimusvertragus.info\/?page_id=380","title":{"rendered":"Tagebuch I-Wurf"},"content":{"rendered":"<p>Samstag, 21.07.2018<br \/>\nGanz unerwartet hat nun auch Isander eine neue Familie gefunden. Er hat heute den heimischen Zwinger verlassen und lebt nun zusammen mit OV Geronimo. Somit sind nun alle Welpen in liebe H\u00e4nde vermittelt. Ich w\u00fcnsche euch Zwergen alles Gute.<\/p>\n<p>Mittwoch, 04.07.2018<br \/>\nVon meinen bisher ausgezogenen Welpen gibt es nur positives zu berichten. Keiner hat bisher gr\u00f6\u00dferen Unfug angestellt. Unsere Iphigenie, die ab sofort &#8222;Lore&#8220; hei\u00dfen wird, hat auch K\u00e4ufer gefunden. Sie bleibt allerdings noch bis zur letzten Operation (Entfernung von Schrauben und Platte) bei uns. Danach darf sie auch ausziehen. Leider haben sich die Interessenten f\u00fcr Isander doch dagegen entschieden, sodass der kleine Mann immer noch zu haben ist. Gerne kann er nach vorheriger Absprache besucht werden. Wenn es pa\u00dft, ist er sogar sofort auszugsbereit.<\/p>\n<p>Samstag, 23.06.2018<br \/>\nUnd nun ist wieder einer gegangen \ud83d\ude41 Ikarus, der ab sofort Izzy hei\u00dfen wird, hat heute morgen den Weg nach Luxembourg angetreten. Nach einer aufregenden Heimfahrt ist nun alles okay. Alles Gute S\u00fc\u00dfer. Iphigenie geht es auch wieder super. Die R\u00f6ntgenbilder lie\u00dfen mein Herz erfreuen. Als wenn nichts passiert w\u00e4re. Nun kann sie endlich wieder am &#8222;normalen&#8220; Welpenleben teilnehmen. Einzig Isander sucht noch liebe Menschen.<\/p>\n<p>Samstag, 02.06.2018<br \/>\nEine turbulente Zeit ist nun erst einmal vor\u00fcber. W\u00e4hrend Iphigenie sich so langsam von den Turbulenzen der Operation erholt hat, haben die anderen Welpen viele neue Dinge gelernt. Leider muss Iphigenie immer noch &#8222;Bettruhe&#8220; halten und kann sich nicht mit ihren Geschwistern beim Spielen verausgaben. Stella (OV Irmina) und Mena (OV Ismene) haben nun mittlerweile unser Haus verlassen und erfreuen ihre neuen Familien. F\u00fcr die beiden R\u00fcden (OV Ikarus und OV Isander) suchen wir immer noch liebe Leute. Anfragen sind jederzeit gerne willkommen.<\/p>\n<p>Donnerstag, 17.05.2018<br \/>\nHeute war der gro\u00dfe Tag von Iphigenie. Die Operation stand an und ist gut verlaufen. Nun hoffen wir mal, dass die Heilung auch von Statten geht. Meine arme kleine Maus.<\/p>\n<p>Donnerstag, 10.05.2018<br \/>\nWie w\u00e4re es doch so sch\u00f6n, wenn mal nichts an einem Feiertag passieren w\u00fcrde&#8230; Heute, und wie immer an Sondertagen durfte ich zum Tierarzt fahren. Iphigenie hat sich leicht verletzt und wird erst einmal bis zur vollst\u00e4ndigen Genesung nicht zum Verkauf stehen. Hingegen gibt es immer wieder Interessenten; erst gestern kam eine ganz liebe Familie zu Besuch. Am Montag geht es zum Impfen und Mittwoch kommt dann die Wurfabnahme. Wenn alles klappt, k\u00f6nnen die Kleinen dann schon das Haus verlassen.<\/p>\n<p>Dienstag, 08.05.2018<br \/>\nDer I-Wurf ist nun schon fast 8 Wochen alt. Die Kleinen wachsen bei bestem Wetter auf, welches wir nat\u00fcrlich ausgiebig zum Trainieren an der Leine nutzen. Bei dem einen funktioniert es besser wie bei dem anderen. Aber auch da bleiben wir am Ball. Ich hoffe, bis zur Abgabe haben es alle so halbwegs drauf. Im \u00dcbrigen sind noch ein paar der Kleinen in liebe H\u00e4nde abzugeben. Bei Interesse einfach melden. Ich freue mich auf Ihren Anruf.<\/p>\n<p>Donnerstag, 03.05.2018<br \/>\nDie Kleinen genie\u00dfen nur noch was das Zeug h\u00e4lt. Unser Garten bzw. Welpenauslauf wird unsicher gemacht. Wie auf den Bildern zu erkennen ist, scheint insbesondere Mena (OV Ismene) besonderen Spa\u00df am Fu\u00dfball spielen zu haben&#8230; Alle anderen st\u00e4nkern sich gegenseitig. Leider ist es kaum machbar vern\u00fcnftige Fotos der Kleinen von vorne zu bekommen. Auch der Fotograf wird st\u00e4ndig attackiert. \ud83d\ude42<\/p>\n<div id=\"attachment_499\" style=\"width: 241px\" class=\"wp-caption aligncenter\"><img aria-describedby=\"caption-attachment-499\" decoding=\"async\" loading=\"lazy\" class=\"wp-image-499\" src=\"http:\/\/optimusvertragus.info\/wp-content\/uploads\/2018\/02\/Ismene18-225x300.jpg\" alt=\"\" width=\"231\" height=\"308\" srcset=\"http:\/\/optimusvertragus.info\/wp-content\/uploads\/2018\/02\/Ismene18-225x300.jpg 225w, http:\/\/optimusvertragus.info\/wp-content\/uploads\/2018\/02\/Ismene18.jpg 480w\" sizes=\"(max-width: 231px) 100vw, 231px\" \/><p id=\"caption-attachment-499\" class=\"wp-caption-text\"><strong>Na? Wer traut sich?<\/strong><\/p><\/div>\n<div id=\"attachment_500\" style=\"width: 235px\" class=\"wp-caption aligncenter\"><img aria-describedby=\"caption-attachment-500\" decoding=\"async\" loading=\"lazy\" class=\"wp-image-500 size-medium\" src=\"http:\/\/optimusvertragus.info\/wp-content\/uploads\/2018\/02\/Ismene19-225x300.jpg\" alt=\"\" width=\"225\" height=\"300\" srcset=\"http:\/\/optimusvertragus.info\/wp-content\/uploads\/2018\/02\/Ismene19-225x300.jpg 225w, http:\/\/optimusvertragus.info\/wp-content\/uploads\/2018\/02\/Ismene19.jpg 540w\" sizes=\"(max-width: 225px) 100vw, 225px\" \/><p id=\"caption-attachment-500\" class=\"wp-caption-text\"><strong>Keiner? Ihr seid langweilig&#8230;<\/strong><\/p><\/div>\n<div id=\"attachment_502\" style=\"width: 259px\" class=\"wp-caption aligncenter\"><img aria-describedby=\"caption-attachment-502\" decoding=\"async\" loading=\"lazy\" class=\"wp-image-502\" src=\"http:\/\/optimusvertragus.info\/wp-content\/uploads\/2018\/02\/Garten7-300x239.jpg\" alt=\"\" width=\"249\" height=\"198\" srcset=\"http:\/\/optimusvertragus.info\/wp-content\/uploads\/2018\/02\/Garten7-300x239.jpg 300w, http:\/\/optimusvertragus.info\/wp-content\/uploads\/2018\/02\/Garten7.jpg 503w\" sizes=\"(max-width: 249px) 100vw, 249px\" \/><p id=\"caption-attachment-502\" class=\"wp-caption-text\"><strong>Auch ein sch\u00f6ner R\u00fccken kann entz\u00fccken.<\/strong><\/p><\/div>\n<div id=\"attachment_503\" style=\"width: 287px\" class=\"wp-caption aligncenter\"><img aria-describedby=\"caption-attachment-503\" decoding=\"async\" loading=\"lazy\" class=\"wp-image-503\" src=\"http:\/\/optimusvertragus.info\/wp-content\/uploads\/2018\/02\/Garten8-300x185.jpg\" alt=\"\" width=\"277\" height=\"171\" srcset=\"http:\/\/optimusvertragus.info\/wp-content\/uploads\/2018\/02\/Garten8-300x185.jpg 300w, http:\/\/optimusvertragus.info\/wp-content\/uploads\/2018\/02\/Garten8.jpg 521w\" sizes=\"(max-width: 277px) 100vw, 277px\" \/><p id=\"caption-attachment-503\" class=\"wp-caption-text\"><strong>Iphigenie (rechts) ganz in Lauerstellung.<\/strong><\/p><\/div>\n<div id=\"attachment_504\" style=\"width: 293px\" class=\"wp-caption aligncenter\"><img aria-describedby=\"caption-attachment-504\" decoding=\"async\" loading=\"lazy\" class=\"wp-image-504\" src=\"http:\/\/optimusvertragus.info\/wp-content\/uploads\/2018\/02\/Garten9-300x196.jpg\" alt=\"\" width=\"283\" height=\"185\" srcset=\"http:\/\/optimusvertragus.info\/wp-content\/uploads\/2018\/02\/Garten9-300x196.jpg 300w, http:\/\/optimusvertragus.info\/wp-content\/uploads\/2018\/02\/Garten9.jpg 487w\" sizes=\"(max-width: 283px) 100vw, 283px\" \/><p id=\"caption-attachment-504\" class=\"wp-caption-text\"><strong>Was f\u00fcr ein skeptischer Blick von der Seite.<\/strong><\/p><\/div>\n<div id=\"attachment_501\" style=\"width: 280px\" class=\"wp-caption aligncenter\"><img aria-describedby=\"caption-attachment-501\" decoding=\"async\" loading=\"lazy\" class=\"wp-image-501\" src=\"http:\/\/optimusvertragus.info\/wp-content\/uploads\/2018\/02\/Garten6-300x220.jpg\" alt=\"\" width=\"270\" height=\"198\" srcset=\"http:\/\/optimusvertragus.info\/wp-content\/uploads\/2018\/02\/Garten6-300x220.jpg 300w, http:\/\/optimusvertragus.info\/wp-content\/uploads\/2018\/02\/Garten6.jpg 549w\" sizes=\"(max-width: 270px) 100vw, 270px\" \/><p id=\"caption-attachment-501\" class=\"wp-caption-text\"><strong>Man beachte die Kopfhaltung von Ikarus (oben).<\/strong><\/p><\/div>\n<p>Dienstag, 24.04.2018<br \/>\nWie ist das doch so sch\u00f6n wenn man mal die Seele baumeln lassen kann&#8230;? Die Welpen hatten heute gro\u00dfen Spa\u00df dabei ihre niedlichen K\u00f6rper in der H\u00e4ngeschaukel zu entspannen. Spielen im Garten ist ja schlie\u00dflich so anstrengend \ud83d\ude42 Na gut; es war nicht nur das Spielen. Auch Leinentraining stand heute mal auf dem Plan. Erstaunlich gut sind alle schon mitgelaufen. Nun sind die Kleinen fast 6 Wochen alt und wir erfreuen uns jeden Tag an ihnen.<\/p>\n<div id=\"attachment_429\" style=\"width: 310px\" class=\"wp-caption aligncenter\"><img aria-describedby=\"caption-attachment-429\" decoding=\"async\" loading=\"lazy\" class=\"wp-image-429 size-medium\" src=\"http:\/\/optimusvertragus.info\/wp-content\/uploads\/2018\/01\/Schaukel-300x295.jpg\" alt=\"\" width=\"300\" height=\"295\" srcset=\"http:\/\/optimusvertragus.info\/wp-content\/uploads\/2018\/01\/Schaukel-300x295.jpg 300w, http:\/\/optimusvertragus.info\/wp-content\/uploads\/2018\/01\/Schaukel.jpg 435w\" sizes=\"(max-width: 300px) 100vw, 300px\" \/><p id=\"caption-attachment-429\" class=\"wp-caption-text\"><strong>Wir passen alle in die H\u00e4ngeschaukel.<\/strong><\/p><\/div>\n<p><img decoding=\"async\" loading=\"lazy\" class=\"aligncenter size-medium wp-image-432\" src=\"http:\/\/optimusvertragus.info\/wp-content\/uploads\/2018\/05\/Garten2-269x300.jpg\" alt=\"\" width=\"269\" height=\"300\" srcset=\"http:\/\/optimusvertragus.info\/wp-content\/uploads\/2018\/05\/Garten2-269x300.jpg 269w, http:\/\/optimusvertragus.info\/wp-content\/uploads\/2018\/05\/Garten2.jpg 424w\" sizes=\"(max-width: 269px) 100vw, 269px\" \/><\/p>\n<p>Dienstag, 17.04.2018<br \/>\nUpdate: Ismene ist vergeben und wird ab sofort &#8222;Mena&#8220; hei\u00dfen.<\/p>\n<p>Samstag, 14.04.2018<br \/>\nMittlerweile sind die Welpen schon 4 Wochen alt (jung). Alle entwickeln sich sehr gut und haben bereits Entwurmungen hinter sich. Die Futteraufnahme klappt auch ganz gut. Jedoch wird immer wieder die Muttermilch bevorzugt. 2 R\u00fcden und 2 H\u00fcndinnen suchen noch ein neues zu Hause. Gerne k\u00f6nnen Sie sich mit uns in Verbindung setzen.<\/p>\n<p>Freitag, 16.03.2018<br \/>\nEndlich hat sie es hinter sich. Nike hat heute Nacht ihre Welpen zur Welt gebracht. Innerhalb von knapp 1,5 Stunden waren 5 Welpen da. Nike hat alles mit Bravour gemeistert und geht nun wieder vollst\u00e4ndig in ihrer Mutterrolle auf. Nun genie\u00dfe ich erst einmal die kleinen W\u00fcrmchen und erfreue mich an ihrem Dasein.<\/p>\n<p><img decoding=\"async\" loading=\"lazy\" class=\"aligncenter size-medium wp-image-455\" src=\"http:\/\/optimusvertragus.info\/wp-content\/uploads\/2018\/02\/zusammen-300x276.jpg\" alt=\"\" width=\"300\" height=\"276\" srcset=\"http:\/\/optimusvertragus.info\/wp-content\/uploads\/2018\/02\/zusammen-300x276.jpg 300w, http:\/\/optimusvertragus.info\/wp-content\/uploads\/2018\/02\/zusammen.jpg 625w\" sizes=\"(max-width: 300px) 100vw, 300px\" \/><\/p>\n<p>Donnerstag, 22.02.2018<br \/>\nNun kann ich es bekannt geben. Nike (OV Eurydike) ist tragend. Ein Ultraschall in der letzten Woche hat mindestens 5 Welpen zu erkennen gegeben. Wenn ich mir die Maus allerdings so anschaue, werden es bestimmt mehr. Mal abwarten. Ich kann es kaum erwarten, bis der errechnete Geburtstermin 18.03.2018 das Ergebnis zeigen wird. Bis dahin m\u00fcssen wir uns leider alle in Geduld \u00fcben.<\/p>\n","protected":false},"excerpt":{"rendered":"<p>Samstag, 21.07.2018 Ganz unerwartet hat nun auch Isander eine neue Familie gefunden. Er hat heute den heimischen Zwinger verlassen und lebt nun zusammen mit OV Geronimo. Somit sind nun alle Welpen in liebe H\u00e4nde vermittelt. Ich w\u00fcnsche euch Zwergen alles Gute. Mittwoch, 04.07.2018 Von meinen bisher ausgezogenen Welpen gibt es nur positives zu berichten. Keiner [&hellip;]<\/p>\n","protected":false},"author":1,"featured_media":0,"parent":372,"menu_order":0,"comment_status":"closed","ping_status":"closed","template":"","meta":[],"_links":{"self":[{"href":"http:\/\/optimusvertragus.info\/index.php?rest_route=\/wp\/v2\/pages\/380"}],"collection":[{"href":"http:\/\/optimusvertragus.info\/index.php?rest_route=\/wp\/v2\/pages"}],"about":[{"href":"http:\/\/optimusvertragus.info\/index.php?rest_route=\/wp\/v2\/types\/page"}],"author":[{"embeddable":true,"href":"http:\/\/optimusvertragus.info\/index.php?rest_route=\/wp\/v2\/users\/1"}],"replies":[{"embeddable":true,"href":"http:\/\/optimusvertragus.info\/index.php?rest_route=%2Fwp%2Fv2%2Fcomments&post=380"}],"version-history":[{"count":17,"href":"http:\/\/optimusvertragus.info\/index.php?rest_route=\/wp\/v2\/pages\/380\/revisions"}],"predecessor-version":[{"id":553,"href":"http:\/\/optimusvertragus.info\/index.php?rest_route=\/wp\/v2\/pages\/380\/revisions\/553"}],"up":[{"embeddable":true,"href":"http:\/\/optimusvertragus.info\/index.php?rest_route=\/wp\/v2\/pages\/372"}],"wp:attachment":[{"href":"http:\/\/optimusvertragus.info\/index.php?rest_route=%2Fwp%2Fv2%2Fmedia&parent=380"}],"curies":[{"name":"wp","href":"https:\/\/api.w.org\/{rel}","templated":true}]}}