{"id":670,"date":"2019-11-24T19:46:18","date_gmt":"2019-11-24T19:46:18","guid":{"rendered":"http:\/\/optimusvertragus.info\/?page_id=670"},"modified":"2020-04-12T12:04:43","modified_gmt":"2020-04-12T12:04:43","slug":"tagebuch-j-wurf","status":"publish","type":"page","link":"http:\/\/optimusvertragus.info\/?page_id=670","title":{"rendered":"Tagebuch J-Wurf"},"content":{"rendered":"<p>Samstag, 11.04.2020<br \/>\nMittlerweile hat auch der letzte Welpe sein neues daheim gefunden. Ich bin gl\u00fccklich, dass alle gut untergekommen sind und sich schon prima eingelebt haben. Was w\u00fcnscht man sich mehr..? Und so schlie\u00dfe ich nun das Tagebuch vom J-Wurf.<\/p>\n<p>Samstag, 15.02.2020<br \/>\nNur Gutes kriege ich zu h\u00f6ren&#8230; Alle ausgezogenen Welpen haben sich prima eingelebt, die weiteren Impfungen gut \u00fcberstanden und bringen in ihre neuen Familien viel Freude. Ich bin so happy.<\/p>\n<p>Samstag, 18.01.2020<br \/>\n10:00 Uhr &#8211; Tierarzt \u00fcberstanden. Keiner der Zwerge hat sich anmerken lassen, dass es wahrscheinlich weh tat, als die Spritzen mit Chip und Impfung kamen. Klasse gemacht. Nun warten wir auf den Zuchtwart&#8230;<br \/>\n14:30 Uhr &#8211; Wurfabnahme durch. Welpen m\u00fcde. Nicole gl\u00fccklich.<br \/>\nNun sind die Babies startklar f\u00fcr ihre neuen Familien. Auf ins Leben&#8230;<\/p>\n<p>Mittwoch, 15.01.2020<br \/>\nIrgendwie rennt die Zeit viel zu schnell dahin. Egal ob bei Kindern oder Hundewelpen. Sie werden viel zu schnell gro\u00df. Nun sind sie fast 8 Wochen, haben schon jede Menge Besuch gehabt, verbringen die Tage bei mir im B\u00fcro und und und&#8230;<\/p>\n<p><img decoding=\"async\" loading=\"lazy\" class=\"wp-image-763 alignleft\" src=\"http:\/\/optimusvertragus.info\/wp-content\/uploads\/2020\/01\/Liv-und-Leo-300x231.jpg\" alt=\"\" width=\"299\" height=\"230\" srcset=\"http:\/\/optimusvertragus.info\/wp-content\/uploads\/2020\/01\/Liv-und-Leo-300x231.jpg 300w, http:\/\/optimusvertragus.info\/wp-content\/uploads\/2020\/01\/Liv-und-Leo.jpg 594w\" sizes=\"(max-width: 299px) 100vw, 299px\" \/><\/p>\n<p><img decoding=\"async\" loading=\"lazy\" class=\" wp-image-764 aligncenter\" src=\"http:\/\/optimusvertragus.info\/wp-content\/uploads\/2020\/01\/Janus-im-B\u00fcro-268x300.jpg\" alt=\"\" width=\"212\" height=\"237\" srcset=\"http:\/\/optimusvertragus.info\/wp-content\/uploads\/2020\/01\/Janus-im-B\u00fcro-268x300.jpg 268w, http:\/\/optimusvertragus.info\/wp-content\/uploads\/2020\/01\/Janus-im-B\u00fcro.jpg 399w\" sizes=\"(max-width: 212px) 100vw, 212px\" \/><\/p>\n<p><img decoding=\"async\" loading=\"lazy\" class=\"size-medium wp-image-768 aligncenter\" src=\"http:\/\/optimusvertragus.info\/wp-content\/uploads\/2020\/01\/Jade-im-B\u00fcro-1-254x300.jpeg\" alt=\"\" width=\"254\" height=\"300\" srcset=\"http:\/\/optimusvertragus.info\/wp-content\/uploads\/2020\/01\/Jade-im-B\u00fcro-1-254x300.jpeg 254w, http:\/\/optimusvertragus.info\/wp-content\/uploads\/2020\/01\/Jade-im-B\u00fcro-1.jpeg 284w\" sizes=\"(max-width: 254px) 100vw, 254px\" \/><\/p>\n<p><img decoding=\"async\" loading=\"lazy\" class=\" wp-image-769 alignright\" src=\"http:\/\/optimusvertragus.info\/wp-content\/uploads\/2020\/01\/Jolaus-im-B\u00fcro-1-277x300.jpeg\" alt=\"\" width=\"278\" height=\"301\" srcset=\"http:\/\/optimusvertragus.info\/wp-content\/uploads\/2020\/01\/Jolaus-im-B\u00fcro-1-277x300.jpeg 277w, http:\/\/optimusvertragus.info\/wp-content\/uploads\/2020\/01\/Jolaus-im-B\u00fcro-1.jpeg 281w\" sizes=\"(max-width: 278px) 100vw, 278px\" \/> <img decoding=\"async\" loading=\"lazy\" class=\"alignnone wp-image-770\" src=\"http:\/\/optimusvertragus.info\/wp-content\/uploads\/2020\/01\/Juno-im-B\u00fcro-1-214x300.jpeg\" alt=\"\" width=\"219\" height=\"306\" srcset=\"http:\/\/optimusvertragus.info\/wp-content\/uploads\/2020\/01\/Juno-im-B\u00fcro-1-214x300.jpeg 214w, http:\/\/optimusvertragus.info\/wp-content\/uploads\/2020\/01\/Juno-im-B\u00fcro-1.jpeg 309w\" sizes=\"(max-width: 219px) 100vw, 219px\" \/><\/p>\n<p>Bei dem Gedanken, dass uns die erste Dame schon n\u00e4chste Woche verl\u00e4\u00dft, wird mir ganz komisch. Aber irgendwann sollten sie dann doch gehen. Die Nahrungsaufnahme von festem Futter l\u00e4uft bereits seit l\u00e4ngerem auf Hochtouren und wird gerne angenommen.<\/p>\n<p><img decoding=\"async\" loading=\"lazy\" class=\"size-medium wp-image-762 aligncenter\" src=\"http:\/\/optimusvertragus.info\/wp-content\/uploads\/2020\/01\/J-Wurf-beim-Futtern-225x300.jpg\" alt=\"\" width=\"225\" height=\"300\" srcset=\"http:\/\/optimusvertragus.info\/wp-content\/uploads\/2020\/01\/J-Wurf-beim-Futtern-225x300.jpg 225w, http:\/\/optimusvertragus.info\/wp-content\/uploads\/2020\/01\/J-Wurf-beim-Futtern.jpg 450w\" sizes=\"(max-width: 225px) 100vw, 225px\" \/><\/p>\n<p>Montag, 16.12.2019<br \/>\nWas sind sie schon gro\u00df geworden. Alle Welpen haben sich bisher super entwickelt. Sie haben innerhalb k\u00fcrzester Zeit teilweise ihr Geburtsgewicht mehr als verdoppelt. Hera ist eine tolle Mama und beh\u00fctet ihre Kleinen wie einen Augapfel. Jolaus und Jupiter sind weiterhin noch auf der Suche nach lieben Familien.<\/p>\n<p>Samstag, 30.11.2019<br \/>\nNun sind sie schon eine Woche alt und entwickeln sich pr\u00e4chtig. Jeder der kleinen Whippets hat sein Geburtsgewicht bereits verdoppelt. Hera ist eine Super Mama. Fast schon be\u00e4ngstigend wie schwer sie von den W\u00fcrmern zu locken ist. Da wird selbst das Gassi gehen zur Herausforderung. Und noch was&#8230; egal wie ordentlich ich die Welpenbox herrichte, sp\u00e4testens nach 5 Minuten sieht sie wieder aus wie&#8230; Ich geb\u00b4s auf und lass Hera einfach machen. So lange wie sie ihren &#8222;Haufen&#8220; unter Kontrolle hat, ist alles in Ordnung. Im Laufe der n\u00e4chsten Woche gehen die Augen so langsam auf. Ich kann es kaum erwarten.<\/p>\n<p>Freitag, 22.11.2019<br \/>\nHeute morgen noch dies zu sehen&#8230;<\/p>\n<p><img decoding=\"async\" loading=\"lazy\" class=\"aligncenter size-medium wp-image-674\" src=\"http:\/\/optimusvertragus.info\/wp-content\/uploads\/2019\/11\/20191121_222132-225x300.jpg\" alt=\"\" width=\"225\" height=\"300\" srcset=\"http:\/\/optimusvertragus.info\/wp-content\/uploads\/2019\/11\/20191121_222132-225x300.jpg 225w, http:\/\/optimusvertragus.info\/wp-content\/uploads\/2019\/11\/20191121_222132.jpg 450w\" sizes=\"(max-width: 225px) 100vw, 225px\" \/><\/p>\n<p>&#8230;und abends ging es los. 6 Tage fr\u00fcher als erwartet brachte unsere Hera am Samstag morgen ihre ersten Welpen zur Welt. Hera war ruhig und lie\u00df sich wie selbstverst\u00e4ndlich helfen. Ich bin so stolz auf meine Maus. Die 7 Welpen machten keinerlei Schwierigkeiten. Alle sind propper und haben sich den Weg zu den Zitzen easy erarbeitet. Nun freue ich mich darauf die kleinen beim Gro\u00df werden zu unterst\u00fctzen. Die n\u00e4chsten Wochen werden nicht ruhig im Hause Optimus Vertragus. Einige Welpen haben bereits jetzt schon Interessenten. F\u00fcr den ein oder anderen sind Anfragen jederzeit willkommen.<\/p>\n<p><img decoding=\"async\" loading=\"lazy\" class=\"wp-image-677 aligncenter\" src=\"http:\/\/optimusvertragus.info\/wp-content\/uploads\/2019\/11\/20191123_124123-300x228.jpg\" alt=\"\" width=\"296\" height=\"226\" srcset=\"http:\/\/optimusvertragus.info\/wp-content\/uploads\/2019\/11\/20191123_124123-300x228.jpg 300w, http:\/\/optimusvertragus.info\/wp-content\/uploads\/2019\/11\/20191123_124123-768x584.jpg 768w, http:\/\/optimusvertragus.info\/wp-content\/uploads\/2019\/11\/20191123_124123-676x514.jpg 676w, http:\/\/optimusvertragus.info\/wp-content\/uploads\/2019\/11\/20191123_124123.jpg 789w\" sizes=\"(max-width: 296px) 100vw, 296px\" \/><\/p>\n<p style=\"text-align: center;\">von links nach rechts: Janus, Julus, Jupiter, Jolaus<\/p>\n<p><img decoding=\"async\" loading=\"lazy\" class=\"wp-image-676 aligncenter\" src=\"http:\/\/optimusvertragus.info\/wp-content\/uploads\/2019\/11\/20191123_120500-300x185.jpg\" alt=\"\" width=\"298\" height=\"184\" srcset=\"http:\/\/optimusvertragus.info\/wp-content\/uploads\/2019\/11\/20191123_120500-300x185.jpg 300w, http:\/\/optimusvertragus.info\/wp-content\/uploads\/2019\/11\/20191123_120500-676x416.jpg 676w, http:\/\/optimusvertragus.info\/wp-content\/uploads\/2019\/11\/20191123_120500.jpg 708w\" sizes=\"(max-width: 298px) 100vw, 298px\" \/><\/p>\n<p style=\"text-align: center;\">von links nach rechts: Justitia, Jade, Juno<\/p>\n","protected":false},"excerpt":{"rendered":"<p>Samstag, 11.04.2020 Mittlerweile hat auch der letzte Welpe sein neues daheim gefunden. Ich bin gl\u00fccklich, dass alle gut untergekommen sind und sich schon prima eingelebt haben. Was w\u00fcnscht man sich mehr..? Und so schlie\u00dfe ich nun das Tagebuch vom J-Wurf. Samstag, 15.02.2020 Nur Gutes kriege ich zu h\u00f6ren&#8230; Alle ausgezogenen Welpen haben sich prima eingelebt, [&hellip;]<\/p>\n","protected":false},"author":1,"featured_media":0,"parent":660,"menu_order":1,"comment_status":"closed","ping_status":"closed","template":"","meta":[],"_links":{"self":[{"href":"http:\/\/optimusvertragus.info\/index.php?rest_route=\/wp\/v2\/pages\/670"}],"collection":[{"href":"http:\/\/optimusvertragus.info\/index.php?rest_route=\/wp\/v2\/pages"}],"about":[{"href":"http:\/\/optimusvertragus.info\/index.php?rest_route=\/wp\/v2\/types\/page"}],"author":[{"embeddable":true,"href":"http:\/\/optimusvertragus.info\/index.php?rest_route=\/wp\/v2\/users\/1"}],"replies":[{"embeddable":true,"href":"http:\/\/optimusvertragus.info\/index.php?rest_route=%2Fwp%2Fv2%2Fcomments&post=670"}],"version-history":[{"count":13,"href":"http:\/\/optimusvertragus.info\/index.php?rest_route=\/wp\/v2\/pages\/670\/revisions"}],"predecessor-version":[{"id":808,"href":"http:\/\/optimusvertragus.info\/index.php?rest_route=\/wp\/v2\/pages\/670\/revisions\/808"}],"up":[{"embeddable":true,"href":"http:\/\/optimusvertragus.info\/index.php?rest_route=\/wp\/v2\/pages\/660"}],"wp:attachment":[{"href":"http:\/\/optimusvertragus.info\/index.php?rest_route=%2Fwp%2Fv2%2Fmedia&parent=670"}],"curies":[{"name":"wp","href":"https:\/\/api.w.org\/{rel}","templated":true}]}}