{"id":68,"date":"2017-08-21T15:10:20","date_gmt":"2017-08-21T15:10:20","guid":{"rendered":"http:\/\/optimusvertragus.info\/?page_id=68"},"modified":"2026-04-20T10:07:39","modified_gmt":"2026-04-20T10:07:39","slug":"impressum","status":"publish","type":"page","link":"http:\/\/optimusvertragus.info\/?page_id=68","title":{"rendered":"Impressum"},"content":{"rendered":"<p><span style=\"color: #000000;\">Verantwortlich f\u00fcr den Inhalt:<\/span><br \/>\n<span style=\"color: #000000;\"> Nicole Keller, Pfalzgrafenweg 6, 55765 Birkenfeld<\/span><\/p>\n<p><span style=\"color: #000000;\">Bildrechte:<\/span><br \/>\n<span style=\"color: #000000;\"> Nicole Keller, Pfalzgrafenweg 6, 55765 Birkenfeld<\/span><\/p>\n<p><span style=\"color: #000000;\">Hinweis gem\u00e4\u00df Online-Streitbeilegungs-Verordnung:<\/span><br \/>\n<span style=\"color: #000000;\"> Nach geltendem Recht bin ich verpflichtet, Verbraucher auf die Existenz der Europ\u00e4ischen Online-Streitbeilegungs-Plattform hinzuweisen, die f\u00fcr die Beilegung von Streitigkeiten genutzt werden kann, ohne dass ein Gericht eingeschaltet werden muss. F\u00fcr die Einrichtung der Plattform ist die Europ\u00e4ische Kommission zust\u00e4ndig. Die Europ\u00e4ische Online-Streitbeilegungs-Plattform ist hier zu finden:<strong>\u00a0<\/strong><strong><a href=\"https:\/\/deref-web-02.de\/mail\/client\/i1At4be9buc\/dereferrer\/?redirectUrl=http%3A%2F%2Fwww.ec.europa.eu%2Fconsumers%2Fodr%2F\">www.ec.europa.eu\/consumers\/odr\/<\/a><\/strong><\/span><\/p>\n<p><span style=\"color: #000000;\">Zur Vermeidung eines etwaigen Rechtsstreits zwischen mir und meinen Kunden besteht folgende Allgemeine Verbraucherschlichtungsstelle des Zentrums f\u00fcr Schlichtung e.V., Stra\u00dfburger Str. 8, 77694 Kehl,\u00a0<a href=\"https:\/\/deref-web-02.de\/mail\/client\/WYOnmNxD7GY\/dereferrer\/?redirectUrl=http%3A%2F%2Fwww.verbraucher-schlichter.de\">www.verbraucher-schlichter.de<\/a><\/span><\/p>\n","protected":false},"excerpt":{"rendered":"<p>Verantwortlich f\u00fcr den Inhalt: Nicole Keller, Pfalzgrafenweg 6, 55765 Birkenfeld Bildrechte: Nicole Keller, Pfalzgrafenweg 6, 55765 Birkenfeld Hinweis gem\u00e4\u00df Online-Streitbeilegungs-Verordnung: Nach geltendem Recht bin ich verpflichtet, Verbraucher auf die Existenz der Europ\u00e4ischen Online-Streitbeilegungs-Plattform hinzuweisen, die f\u00fcr die Beilegung von Streitigkeiten genutzt werden kann, ohne dass ein Gericht eingeschaltet werden muss. F\u00fcr die Einrichtung der Plattform [&hellip;]<\/p>\n","protected":false},"author":1,"featured_media":0,"parent":0,"menu_order":8,"comment_status":"closed","ping_status":"closed","template":"","meta":[],"_links":{"self":[{"href":"http:\/\/optimusvertragus.info\/index.php?rest_route=\/wp\/v2\/pages\/68"}],"collection":[{"href":"http:\/\/optimusvertragus.info\/index.php?rest_route=\/wp\/v2\/pages"}],"about":[{"href":"http:\/\/optimusvertragus.info\/index.php?rest_route=\/wp\/v2\/types\/page"}],"author":[{"embeddable":true,"href":"http:\/\/optimusvertragus.info\/index.php?rest_route=\/wp\/v2\/users\/1"}],"replies":[{"embeddable":true,"href":"http:\/\/optimusvertragus.info\/index.php?rest_route=%2Fwp%2Fv2%2Fcomments&post=68"}],"version-history":[{"count":6,"href":"http:\/\/optimusvertragus.info\/index.php?rest_route=\/wp\/v2\/pages\/68\/revisions"}],"predecessor-version":[{"id":1435,"href":"http:\/\/optimusvertragus.info\/index.php?rest_route=\/wp\/v2\/pages\/68\/revisions\/1435"}],"wp:attachment":[{"href":"http:\/\/optimusvertragus.info\/index.php?rest_route=%2Fwp%2Fv2%2Fmedia&parent=68"}],"curies":[{"name":"wp","href":"https:\/\/api.w.org\/{rel}","templated":true}]}}