{"id":878,"date":"2021-04-06T17:54:14","date_gmt":"2021-04-06T17:54:14","guid":{"rendered":"http:\/\/optimusvertragus.info\/?page_id=878"},"modified":"2021-06-29T05:41:35","modified_gmt":"2021-06-29T05:41:35","slug":"tagebuch-k-wurf","status":"publish","type":"page","link":"http:\/\/optimusvertragus.info\/?page_id=878","title":{"rendered":"Tagebuch K-Wurf"},"content":{"rendered":"<p>Montag, 28.06.2021<br \/>\nIch wei\u00df, lange nichts geh\u00f6rt von den Kr\u00fcmeln. Aber leider hat uns die Technik einen gewaltigen Strich durch die Rechnung gemacht. Nun ist alles wieder zur\u00fcck und ich kann nur von guten R\u00fcckmeldungen berichten. Alle Welpen haben sich mittlerweile sehr gut in ihren Familien eingelebt. Sie bl\u00fchen regelrecht auf wenn man sich NUR um sie k\u00fcmmert \ud83d\ude42 Und somit schlie\u00dfe ich nun endg\u00fcltig dieses Tagebuch vom K-Wurf. Macht\u00b4s gut ihr s\u00fc\u00dfen.<\/p>\n<p>Dienstag, 06.04.2021<br \/>\nHeute hatten die Welpen (und wir nat\u00fcrlich auch) Besuch von den Besitzern des Deckr\u00fcden. Dabei sind wundersch\u00f6ne Bilder entstanden, die ich hier im Namen von Familie Schick die diese gemacht hat, ver\u00f6ffentlichen darf. Ich denke jedes einzelne Bild spricht f\u00fcr sich.<\/p>\n<p><img decoding=\"async\" loading=\"lazy\" class=\"alignnone wp-image-927\" src=\"http:\/\/optimusvertragus.info\/wp-content\/uploads\/2021\/04\/7.-Woche-300x253.jpg\" alt=\"\" width=\"353\" height=\"298\" srcset=\"http:\/\/optimusvertragus.info\/wp-content\/uploads\/2021\/04\/7.-Woche-300x253.jpg 300w, http:\/\/optimusvertragus.info\/wp-content\/uploads\/2021\/04\/7.-Woche-676x570.jpg 676w, http:\/\/optimusvertragus.info\/wp-content\/uploads\/2021\/04\/7.-Woche.jpg 712w\" sizes=\"(max-width: 353px) 100vw, 353px\" \/> <img decoding=\"async\" loading=\"lazy\" class=\"alignnone size-medium wp-image-928\" src=\"http:\/\/optimusvertragus.info\/wp-content\/uploads\/2021\/04\/7.-Woche-in-der-Box-225x300.jpg\" alt=\"\" width=\"225\" height=\"300\" srcset=\"http:\/\/optimusvertragus.info\/wp-content\/uploads\/2021\/04\/7.-Woche-in-der-Box-225x300.jpg 225w, http:\/\/optimusvertragus.info\/wp-content\/uploads\/2021\/04\/7.-Woche-in-der-Box.jpg 450w\" sizes=\"(max-width: 225px) 100vw, 225px\" \/> <img decoding=\"async\" loading=\"lazy\" class=\"alignnone size-medium wp-image-929\" src=\"http:\/\/optimusvertragus.info\/wp-content\/uploads\/2021\/04\/7.-Woche-1-219x300.jpg\" alt=\"\" width=\"219\" height=\"300\" srcset=\"http:\/\/optimusvertragus.info\/wp-content\/uploads\/2021\/04\/7.-Woche-1-219x300.jpg 219w, http:\/\/optimusvertragus.info\/wp-content\/uploads\/2021\/04\/7.-Woche-1.jpg 438w\" sizes=\"(max-width: 219px) 100vw, 219px\" \/> <img decoding=\"async\" loading=\"lazy\" class=\"alignnone size-medium wp-image-930\" src=\"http:\/\/optimusvertragus.info\/wp-content\/uploads\/2021\/04\/7.-Woche-kuscheln-225x300.jpg\" alt=\"\" width=\"225\" height=\"300\" srcset=\"http:\/\/optimusvertragus.info\/wp-content\/uploads\/2021\/04\/7.-Woche-kuscheln-225x300.jpg 225w, http:\/\/optimusvertragus.info\/wp-content\/uploads\/2021\/04\/7.-Woche-kuscheln.jpg 450w\" sizes=\"(max-width: 225px) 100vw, 225px\" \/> <img decoding=\"async\" loading=\"lazy\" class=\"alignnone size-medium wp-image-937\" src=\"http:\/\/optimusvertragus.info\/wp-content\/uploads\/2021\/04\/7.-Woche-3-225x300.jpg\" alt=\"\" width=\"225\" height=\"300\" srcset=\"http:\/\/optimusvertragus.info\/wp-content\/uploads\/2021\/04\/7.-Woche-3-225x300.jpg 225w, http:\/\/optimusvertragus.info\/wp-content\/uploads\/2021\/04\/7.-Woche-3.jpg 450w\" sizes=\"(max-width: 225px) 100vw, 225px\" \/> <img decoding=\"async\" loading=\"lazy\" class=\"alignnone size-medium wp-image-932\" src=\"http:\/\/optimusvertragus.info\/wp-content\/uploads\/2021\/04\/Merlin-und-K\u00e4the-7.-Woche-259x300.jpg\" alt=\"\" width=\"259\" height=\"300\" srcset=\"http:\/\/optimusvertragus.info\/wp-content\/uploads\/2021\/04\/Merlin-und-K\u00e4the-7.-Woche-259x300.jpg 259w, http:\/\/optimusvertragus.info\/wp-content\/uploads\/2021\/04\/Merlin-und-K\u00e4the-7.-Woche.jpg 518w\" sizes=\"(max-width: 259px) 100vw, 259px\" \/> <img decoding=\"async\" loading=\"lazy\" class=\"size-medium wp-image-933 aligncenter\" src=\"http:\/\/optimusvertragus.info\/wp-content\/uploads\/2021\/04\/wilder-Haufen-7.-Woche-225x300.jpg\" alt=\"\" width=\"225\" height=\"300\" srcset=\"http:\/\/optimusvertragus.info\/wp-content\/uploads\/2021\/04\/wilder-Haufen-7.-Woche-225x300.jpg 225w, http:\/\/optimusvertragus.info\/wp-content\/uploads\/2021\/04\/wilder-Haufen-7.-Woche.jpg 450w\" sizes=\"(max-width: 225px) 100vw, 225px\" \/><\/p>\n<p>Nun ist es auch nicht mehr lange bis die Koffer gepackt werden. Und dann kehrt wieder Ruhe ein. Wie werde ich die Zwerge vermissen. Auch Minou scheint zu merken, dass irgendwas im Busch ist. Die Spielzeuge der Welpen werden vorsichtig &#8222;in Sicherheit&#8220; gebracht. Nicht, dass noch ein Pl\u00fcschtier die Flucht ergreifen will. Mutterinstinkte hoch 10. Hatte ich auch noch nie in dieser Form. Aber ich denke schon, dass sich das noch legen wird. Es gehen ja auch nicht alle Kinder auf einmal.<\/p>\n<p>Dienstag, 30.03.2021<br \/>\nWie bereits seit l\u00e4ngerem versprochen habe ich nun versucht ein paar Bilder hinzukriegen. Der ein oder andere hatte \u00fcberhaupt keine Lust und man konnte es auch durchaus an den <a href=\"http:\/\/optimusvertragus.info\/?page_id=881\" target=\"_blank\" rel=\"noopener\">Bildern<\/a> erkennen. Aber ich habe alles gegeben \ud83d\ude42<\/p>\n<p>Dienstag, 23.03.2021<br \/>\nOkay, die Bilder dauern noch ein wenig \ud83d\ude42 Daf\u00fcr sind wir flei\u00dfig am \u00dcben von gehen an der Leine, Sonnenstrahlen genie\u00dfen, Fressen von fester Nahrung (was super klappt), Besuch empfangen und und und&#8230;<\/p>\n<p>Erste Versuche von Spazierengehen von Daisy (OV Kybebe) und Kyron. Na ja, spazieren kann man das noch nicht nennen. Aber jeder hat mal klein angefangen.<\/p>\n<p><img decoding=\"async\" loading=\"lazy\" class=\"size-medium wp-image-914 aligncenter\" src=\"http:\/\/optimusvertragus.info\/wp-content\/uploads\/2021\/03\/Daisy-und-Kyron-Probelauf-300x208.jpg\" alt=\"\" width=\"300\" height=\"208\" srcset=\"http:\/\/optimusvertragus.info\/wp-content\/uploads\/2021\/03\/Daisy-und-Kyron-Probelauf-300x208.jpg 300w, http:\/\/optimusvertragus.info\/wp-content\/uploads\/2021\/03\/Daisy-und-Kyron-Probelauf.jpg 357w\" sizes=\"(max-width: 300px) 100vw, 300px\" \/><\/p>\n<p>Sonntag, 14.03.2021<br \/>\nEs ist schon wieder Sonntag und viel ist in der Zwischenzeit passiert. Die Welpen sind umgezogen, haben den ersten Besuch gehabt und fangen an immer mehr feste Nahrung zu sich zu nehmen. In den n\u00e4chsten Tagen starten wir ein Fotoshooting jedes einzelnen kleinen Rackers.<\/p>\n<p>Sonntag, 07.03.2021<br \/>\nUnd nicht nur Kladon kann sich tolle Schlafpositionen ausdenken. Wie man hier auch sieht, sind seine Geschwister ebenso recht erfinderisch. Mittlerweile ist auch die erste Entwurmung durch und kleine Testphasen der festen Nahrungsaufnahme haben sie auch schon geschafft. Dennoch wird die Milchbar eindeutig vorgezogen. Wir arbeiten aber dran \ud83d\ude42<\/p>\n<p><img decoding=\"async\" loading=\"lazy\" class=\"alignnone size-medium wp-image-905\" src=\"http:\/\/optimusvertragus.info\/wp-content\/uploads\/2021\/03\/Kaphene-3.-Woche-162x300.jpg\" alt=\"\" width=\"162\" height=\"300\" srcset=\"http:\/\/optimusvertragus.info\/wp-content\/uploads\/2021\/03\/Kaphene-3.-Woche-162x300.jpg 162w, http:\/\/optimusvertragus.info\/wp-content\/uploads\/2021\/03\/Kaphene-3.-Woche.jpg 372w\" sizes=\"(max-width: 162px) 100vw, 162px\" \/> <img decoding=\"async\" loading=\"lazy\" class=\"alignnone size-medium wp-image-906\" src=\"http:\/\/optimusvertragus.info\/wp-content\/uploads\/2021\/03\/Kybebe-3.-Woche-201x300.jpg\" alt=\"\" width=\"201\" height=\"300\" srcset=\"http:\/\/optimusvertragus.info\/wp-content\/uploads\/2021\/03\/Kybebe-3.-Woche-201x300.jpg 201w, http:\/\/optimusvertragus.info\/wp-content\/uploads\/2021\/03\/Kybebe-3.-Woche.jpg 353w\" sizes=\"(max-width: 201px) 100vw, 201px\" \/><img decoding=\"async\" loading=\"lazy\" class=\"alignnone size-medium wp-image-907\" src=\"http:\/\/optimusvertragus.info\/wp-content\/uploads\/2021\/03\/Kyron-3.-Woche-178x300.jpg\" alt=\"\" width=\"178\" height=\"300\" srcset=\"http:\/\/optimusvertragus.info\/wp-content\/uploads\/2021\/03\/Kyron-3.-Woche-178x300.jpg 178w, http:\/\/optimusvertragus.info\/wp-content\/uploads\/2021\/03\/Kyron-3.-Woche.jpg 395w\" sizes=\"(max-width: 178px) 100vw, 178px\" \/><\/p>\n<p>Samstag, 27.02.2021<br \/>\nAch was ist die Welt doch so sch\u00f6n&#8230; Wie hier nicht zu \u00fcbersehen ist, l\u00e4\u00dft sich Kladon die Sonne auf den Bauch scheinen.<\/p>\n<p><img decoding=\"async\" loading=\"lazy\" class=\"alignnone size-medium wp-image-901 aligncenter\" src=\"http:\/\/optimusvertragus.info\/wp-content\/uploads\/2021\/02\/Kladon-2-225x300.jpg\" alt=\"\" width=\"225\" height=\"300\" srcset=\"http:\/\/optimusvertragus.info\/wp-content\/uploads\/2021\/02\/Kladon-2-225x300.jpg 225w, http:\/\/optimusvertragus.info\/wp-content\/uploads\/2021\/02\/Kladon-2.jpg 450w\" sizes=\"(max-width: 225px) 100vw, 225px\" \/><\/p>\n<p>Aber auch den Geschwistern geht es prima.<\/p>\n<p><img decoding=\"async\" loading=\"lazy\" class=\"alignnone size-medium wp-image-902 aligncenter\" src=\"http:\/\/optimusvertragus.info\/wp-content\/uploads\/2021\/02\/20210227_125517-300x225.jpg\" alt=\"\" width=\"300\" height=\"225\" srcset=\"http:\/\/optimusvertragus.info\/wp-content\/uploads\/2021\/02\/20210227_125517-300x225.jpg 300w, http:\/\/optimusvertragus.info\/wp-content\/uploads\/2021\/02\/20210227_125517-768x576.jpg 768w, http:\/\/optimusvertragus.info\/wp-content\/uploads\/2021\/02\/20210227_125517-676x507.jpg 676w, http:\/\/optimusvertragus.info\/wp-content\/uploads\/2021\/02\/20210227_125517.jpg 800w\" sizes=\"(max-width: 300px) 100vw, 300px\" \/><\/p>\n<p>Freitag, 26.02.2021<br \/>\nGestern wurden zum ersten Mal die Krallen geschnitten. Und was soll ich sagen&#8230;? Keiner der W\u00fcrmer war begeistert; aber die Jungs haben einem am meisten zu verstehen gegeben wie sie das finden \ud83d\ude42<\/p>\n<p>Sonntag, 21.02.2021<br \/>\nNun sind die Kleinen Optimusse schon 1 Woche alt und nehmen ordentlich zu. Jeder der Zwerge hat sein Geburtsgewicht bereits mehr als verdoppelt. Minou macht Ihren &#8222;Job&#8220; super. Sie ist eine so liebevolle Mama.<br \/>\nVon links nach rechts unten zu sehen: Kyron, Kybebe, Kaphene und Kladon.<\/p>\n<p><img decoding=\"async\" loading=\"lazy\" class=\"alignnone size-medium wp-image-897 aligncenter\" src=\"http:\/\/optimusvertragus.info\/wp-content\/uploads\/2021\/02\/1.-Woche-300x161.jpg\" alt=\"\" width=\"300\" height=\"161\" srcset=\"http:\/\/optimusvertragus.info\/wp-content\/uploads\/2021\/02\/1.-Woche-300x161.jpg 300w, http:\/\/optimusvertragus.info\/wp-content\/uploads\/2021\/02\/1.-Woche-676x362.jpg 676w, http:\/\/optimusvertragus.info\/wp-content\/uploads\/2021\/02\/1.-Woche.jpg 711w\" sizes=\"(max-width: 300px) 100vw, 300px\" \/><\/p>\n<p>Dienstag, 16.02.2021<br \/>\nNachdem jetzt doch schon 2 Tage rum sind, bin ich mit Minou so gl\u00fccklich. Trotz Schmerzen der OP die sie mit Sicherheit noch hat, k\u00fcmmert sie sich liebevoll um die Kleinen und h\u00e4lt alles sauber. Die Zwerge nehmen schon ordentlich zu und geben durchaus laut wenn sie die Milchbar nicht gleich finden.<\/p>\n<p>Sonntag, 14.02.2021<br \/>\nSo schnell ist die Zeit rum und wir haben die Wurfbox gef\u00fcllt. Auch wenn ich es mir anders gew\u00fcnscht h\u00e4tte, musste doch ein Kaiserschnitt den Welpen den Weg in die Welt erschlie\u00dfen. Minou hatte Schwierigkeiten w\u00e4hrend der Geburt und somit blieb uns nichts anderes \u00fcbrig als ihr so zu helfen. Von den 5 im R\u00f6ntgen gesehenen Welpen haben es leider nach dem Kaiserschnitt nur 4 \u00fcberlebt. Nummer 5 lag quer im Bauch. Er kam zwar lebend auf die Welt; hatte aber nicht gen\u00fcgend Kraft. Trotz aller M\u00f6glichkeiten der Lebenserhaltung hat die Natur entschieden ihn gehen zu lassen. In Anbetracht des\u00a0 heutigen Valentinstages habe ich ihn &#8222;Valentin&#8220; genannt. Nun hat er seinen Frieden gefunden.<\/p>\n","protected":false},"excerpt":{"rendered":"<p>Montag, 28.06.2021 Ich wei\u00df, lange nichts geh\u00f6rt von den Kr\u00fcmeln. Aber leider hat uns die Technik einen gewaltigen Strich durch die Rechnung gemacht. Nun ist alles wieder zur\u00fcck und ich kann nur von guten R\u00fcckmeldungen berichten. Alle Welpen haben sich mittlerweile sehr gut in ihren Familien eingelebt. Sie bl\u00fchen regelrecht auf wenn man sich NUR [&hellip;]<\/p>\n","protected":false},"author":1,"featured_media":0,"parent":843,"menu_order":0,"comment_status":"closed","ping_status":"closed","template":"","meta":[],"_links":{"self":[{"href":"http:\/\/optimusvertragus.info\/index.php?rest_route=\/wp\/v2\/pages\/878"}],"collection":[{"href":"http:\/\/optimusvertragus.info\/index.php?rest_route=\/wp\/v2\/pages"}],"about":[{"href":"http:\/\/optimusvertragus.info\/index.php?rest_route=\/wp\/v2\/types\/page"}],"author":[{"embeddable":true,"href":"http:\/\/optimusvertragus.info\/index.php?rest_route=\/wp\/v2\/users\/1"}],"replies":[{"embeddable":true,"href":"http:\/\/optimusvertragus.info\/index.php?rest_route=%2Fwp%2Fv2%2Fcomments&post=878"}],"version-history":[{"count":18,"href":"http:\/\/optimusvertragus.info\/index.php?rest_route=\/wp\/v2\/pages\/878\/revisions"}],"predecessor-version":[{"id":940,"href":"http:\/\/optimusvertragus.info\/index.php?rest_route=\/wp\/v2\/pages\/878\/revisions\/940"}],"up":[{"embeddable":true,"href":"http:\/\/optimusvertragus.info\/index.php?rest_route=\/wp\/v2\/pages\/843"}],"wp:attachment":[{"href":"http:\/\/optimusvertragus.info\/index.php?rest_route=%2Fwp%2Fv2%2Fmedia&parent=878"}],"curies":[{"name":"wp","href":"https:\/\/api.w.org\/{rel}","templated":true}]}}