{"id":91,"date":"2017-08-21T15:23:13","date_gmt":"2017-08-21T15:23:13","guid":{"rendered":"http:\/\/optimusvertragus.info\/?page_id=91"},"modified":"2018-05-02T17:20:24","modified_gmt":"2018-05-02T17:20:24","slug":"tagebuch-b-wurf","status":"publish","type":"page","link":"http:\/\/optimusvertragus.info\/?page_id=91","title":{"rendered":"Tagebuch B-Wurf"},"content":{"rendered":"<p>Montag, 22.08.2005<br \/>\nNun sind zwei Wochen vergangen, seitdem Belize und Bacchus uns verlassen haben. Von Bacchus h\u00f6rt man nur Gutes. Der Kleine hat vor nichts Angst und tanzt seinem Vater ganz sch\u00f6n auf der Nase rum. Ansonsten h\u00f6rt das Lernen nicht auf. Im Gegenteil; jetzt geht der Ernst des Lebens richtig los. Aber wie bei allem braucht der eine l\u00e4nger als der andere. Baccara ist ein kleines gewitztes M\u00e4del, das schnell lernt. W\u00e4hrend Buchi zur gem\u00fctlichen Sorte z\u00e4hlt und f\u00fcr alles ein wenig l\u00e4nger braucht. Nur beim Spielen ist er eine kleine Wildsau. Aber Baccara l\u00e4\u00dft sich nicht die Butter vom Brot nehmen.<\/p>\n<p>Montag, 08.08.2005<br \/>\nMeine zweite Wurfabnahme stand an. Unser Zuchtwart hat sich erst einmal ne halbe Stunde mit den Welpen besch\u00e4ftigt, bevor der Schriftkram an die Reihe kam. Der ganze Wurf ist mit sehr gut durch die Abnahme gekommen. Und ich war m\u00e4chtig stolz. Alle Z\u00e4hne sind in Ordnung und auch die R\u00fcden haben beide K\u00fcgelchen. Kurze Zeit sp\u00e4ter wurde dann Belize abgeholt. Und als wenn das nicht genug w\u00e4re, ist Bacchus dann auch noch gegangen. Baccara bleibt ja bei uns und hat somit noch einen Spielgef\u00e4hrten in Bucephalos. Dieser hat noch keine Familie gefunden. Von daher ist es auch nicht schlimm, dass die zwei ihre Rangk\u00e4mpfe untereinander austragen und nicht die gro\u00dfen Hunde nerven. Au\u00dferdem macht es doch viel mehr Spa\u00df, wenn man den Bruder \u00e4rgern kann \ud83d\ude09 Eins muss ich noch hinzuf\u00fcgen. Der Abschied von Belize ist mir doch ein wenig schwer gefallen, da sie ein durchaus sehr verschmustes Whippchen ist. Aber sie wird es gut haben und sicherlich von vorn bis hinten verw\u00f6hnt.<\/p>\n<p>Samstag, 06.08.2005<br \/>\nDer heutige Tag stand irgendwie ganz unter dem Motto Keltenleben. Schon fr\u00fch morgens wurden wir aus dem Bett geklingelt (was bei mir nicht unbedingt auf Freude stie\u00df \ud83d\ude42 &#8222;Was haltet ihr von einer Statistenrolle f\u00fcrs Fernsehen?&#8220; \u00c4h? Zur Erkl\u00e4rung: Die Besitzer von Lilly (Optimus Vertragus Astarte) befinden sich zur Zeit noch im Keltendorf in Bundenbach mitten im Hunsr\u00fcck. Sie leben dort seit kurzer Zeit und f\u00fchren Touristen durch die Anlage. Seit Donnerstag ist nun diese Anlage f\u00fcr Kulturinteressierte bis einschlie\u00dflich Dienstag gesperrt, da das Fernsehen dort dreht. Genauer gesagt es wird eine Dokumentation \u00fcber die Kelten f\u00fcr die ZDF-Reihe Terra X gedreht. Wir hatten uns schon damit abgefunden, dass wir nicht hinfahren k\u00f6nnen. Aber kurzerhand haben wir Bucephalos eingepackt und sind gucken gefahren. Recht interessant das ganze. Und auch Buchi (wie wir ihn liebevoll nennen) hat interessiert zugeschaut und gestaunt. Kein Wort war von ihm zu h\u00f6ren. Selbst als gro\u00dfe Pferde vorbeikamen und Feuer hier und da brannte, war er still. Ein wirklich lieber kleiner Kerl. Und dann wurden wir doch noch engagiert. \u00dcbrigens war um 02:30 Uhr morgens Drehschluss. Und auch die Welpen hatten ihren Spa\u00df. So viele Pferde, Ziegen, Schafe, H\u00fchner etc. haben sie noch nie gesehen. Und was die f\u00fcr T\u00f6ne machen? Trotz K\u00e4lte in der Nacht muss ich sagen, dass es durchaus Spa\u00df gemacht hat, in so einer Dokumentation mitzuwirken. Es w\u00e4re kein Job f\u00fcr immer. Daf\u00fcr mussten wir zu viele Szenen hundertmal drehen. Aber ansonsten ein richtig aufregender Tag. \u00dcbrigens ist aus Astarte eine sch\u00f6ne H\u00fcndin geworden. Sehr zierlich und im Temperament ganz die Mama. Und schnell wie der Wind trifft auf sie zu wie kein anderes Sprichwort. Sie rast \u00fcbers Gel\u00e4nde, dass man gar keine Bilder von ihr machen kann. W\u00e4re ein prima Rennhund f\u00fcr jemanden, der da gro\u00dfes Interesse hat.<\/p>\n<p>Freitag, 05.08.2005<br \/>\nHeute war Tierarztbesuch angesagt. Das lange Warten durch einen Notfall hat den Kleinen ja gar nicht gefallen. Dennoch waren sie tapfer. Auch das Pieksen war ihnen v\u00f6llig egal. Und anschlie\u00dfend war dann wieder toben im Garten mit den Nachbarskindern angesagt. Bis sie todm\u00fcde in ihr K\u00f6rbchen gefallen sind.<\/p>\n<p>Freitag, 29.07.2005<br \/>\nDie Welpen lernen immer mehr. Mit ihren nunmehr sieben Wochen ist ihnen so gut wie nichts mehr fremd. Sei es Auto, Fernseher, Telefon, fremde Menschen, K\u00fcchenger\u00e4usche, Meerschweinchen und und und. Besonders gern genommen wird immer der Staubsauger. Vor dem hat keiner Angst. Im Gegenteil; es macht besonders viel Spa\u00df ihn zu jagen. Und wenn sie dann m\u00fcde in ihr K\u00f6rbchen fallen, k\u00f6nnte ich mich gradewegs dazulegen.<\/p>\n<p>Montag, 25.07.2005<br \/>\nAm Wochenende habe ich eine f\u00fcr mich pers\u00f6nlich schlimme Nachricht erhalten. Unser erster Familienhund Moritz (Gaylord Golden Flame von Waldeck) hat durch einen tragischen Unfall sein Leben verloren. Er wurde neun Jahre alt. Auch wenn ich ihn die letzten Jahre nicht mehr so oft gesehen habe, wird er mir dennoch sehr fehlen. Ich kann mich noch gut daran erinnern, wie er letztes Jahr mit unserer Astarte gespielt hat. Ich hoffe, er hat seinen Frieden gefunden. Dennoch geht das Leben weiter. Und auch er konnte seine Qualit\u00e4ten in seinen Kindern unter Beweis stellen. A propos Kinder. Unsere Rennm\u00e4use gedeihen pr\u00e4chtig. Besonders gerne spielen sie mit den Kindern aus der Nachbarschaft. F\u00fcr die ist es immer wieder ein Vergn\u00fcgen. Mittlerweile sind sie weitestgehend stubenrein bzw. keine Nestbeschmutzer mehr. Das Tragen eines Halsbandes wird mittels meiner Haargummis spielend erlernt. Au\u00dferdem bunkern sie liebend gerne ihr gesamtes Spielzeug im K\u00f6rbchen. Und das Futter der Mama ist immer interessanter als das eigene.<\/p>\n<p>Freitag, 15.07.2005<br \/>\nDie Kleinen hatten heute ihre erste Schwimmstunde in der Badewanne. F\u00fcr`s Seepferdchen hat`s noch nicht gereicht. Aber es wird schon. Sonst gibt es nichts neues zu berichten.<\/p>\n<p>Freitag, 08.07.2005<br \/>\nNun sind die Welpen vier Wochen alt und erkunden mit viel Interesse die Au\u00dfenwelt. Die erste feste Nahrung wurde wie selbstverst\u00e4ndlich angenommen. Bucephalos hat vorgekostet und erst dann kamen die anderen auch so langsam auf den Geschmack. Jedes neue Spielzeug wird schnell langweilig. Die Kleinen wollen halt besch\u00e4ftigt werden. Dass sie dann auch schnell m\u00fcde werden, ist doch klar. Buchi, wie wir ihn liebevoll nennen ist auch der einzige, dessen Nase und Mund vollst\u00e4ndig pigmentiert ist. Die anderen h\u00e4ngen noch etwas nach; aber nicht mehr viel. Ansonsten haben sie auch schon die erste Entwurmung hinter sich. \u00dcbrigens finden unsere anderen Hunde die Kleinen \u00e4u\u00dferst interessant. Unser Windspiel Sonne w\u00fcrde sich am liebsten den ganzen Tag mit ihnen besch\u00e4ftigen. Was bei Chilly nicht unbedingt auf Begeisterung st\u00f6\u00dft. Dennoch l\u00e4\u00dft sie unser Rudel gew\u00e4hren. Kissi merkt man deutlich an, dass sie Chilly vermisst. Aber da sie ja eh nicht mehr den ganzen Tag bei ihren Kindern ist, kommt Kissi schnell dar\u00fcber hinweg.<\/p>\n<p>Samstag, 02.07.2005<br \/>\nInzwischen sind unsere kleinen Pampersrocker schon 3 Wochen alt. Sie entwickeln sich alle sehr gut. Alle sind bei knapp 1000 gr Puppy-Gewicht angekommen. Mittlerweile sind kleine Raufereien untereinander und mit der Mama t\u00e4gliches Programm. Auch Streicheleinheiten mit uns und Besuch sind h\u00e4ufige Abwechslungen im Welpenleben. Nur eines k\u00f6nnen sie gar nicht ab; beim Krallenschneiden wird heftig protestiert. Aber unter Mithilfe ist auch das zu bew\u00e4ltigen. Chilly kommt immer \u00d6fter zu uns und l\u00e4\u00dft die kleinen alleine. Schlie\u00dflich ist es ja schon ein paar Jahre her, als sie mehr als einen Welpen, so wie im letzten Jahr, hatte. Wenn vier gleichzeitig Hunger haben, kann das hin und wieder ganz sch\u00f6n nervig sein.<\/p>\n<p>Sonntag, 26.06.2005<br \/>\nNun hat auch der letzte Welpe seine Augen aufgemacht. Baccara hat sich jetzt dazu entschlossen, die Welt zu entdecken. Die blauen \u00c4uglein lassen die Welpen endlich wie vollst\u00e4ndige Lebewesen erscheinen.<\/p>\n<p>Donnerstag, 23.06.2005<br \/>\nNun sind die Welpen zwei Wochen alt. Sie gedeihen pr\u00e4chtig und mussten heute das erste Mal Krallenschneiden \u00fcber sich ergehen lassen. Keinem der Racker hat das gefallen. Aber was muss, das muss. Die Chilly ist, wie nicht anders zu erwarten, eine liebevolle Mama.<\/p>\n<p>Freitag, 10.06.2005<br \/>\n0:05 Uhr: Zwei F\u00fc\u00dfe sind zu sehen; kurz danach ist dann auch der kleine Racker auf der Welt: Optimus Vertragus Bucephalos, 255 gr, dunkel gestromter Mantel mit wei\u00dfen Abzeichen am Hals, wei\u00dfem Popo und Blesse \/ kaum war der erste Welpe trocken, kam auch schon Nr. 2: Optimus Vertragus Belize, 256 gr, leicht dunkel gestromter Mantel, wei\u00dfe Abzeichen am Hals und Blesse \/ Die kleinen st\u00e4rken sich und wir warten. 01:45 Uhr N\u00e4chste Runde: Chilly bringt R\u00fcde Nr. 2 zur Welt: Optimus Vertragus Bacchus, 256 gr, tiefdunkler komplett gestromter Mantel mit 3 wei\u00dfen P\u00fcnktchen auf dem R\u00fccken und wei\u00dfer Blesse \/ Wir warten&#8230; \/ 02:45 Uhr: Welpe Nr. 4 ist endlich da: Optimus Vertragus Baccara, 257 gr, tiefdunkler Mantel, kleine wei\u00dfe Abzeichen am Hals, dunkler Kopf, keine Blesse \/ Alles in allem bin ich sehr mit dem Wurf zufrieden. Alle Welpen sind quietschfidel, fressen gut und sind gesund. Chilly hat die Sache gut gemeistert und ruht sich erst einmal aus. Und nicht nur Chilly ist platt&#8230;<\/p>\n<p>Donnerstag, 09.06.2005<br \/>\nUnser gem\u00fctliches Grillen wurde j\u00e4h unterbrochen: Die Wehen haben 6 Tage vorher eingesetzt. Das gro\u00dfe Warten hat begonnen&#8230; 23:50 Uhr die Fruchtblase ist sichtbar.<\/p>\n<p>Mittwoch, 08.06.2005<br \/>\nChilly hat bis jetzt 1,6 kg zugenommen. Ganz sch\u00f6n viel bei normalerweise rund 7 kg Eigengewicht. Es geht ihr rundherum gut. Die Welpen machen sich sehr stark bemerkbar. Boxtritte in der Nacht lassen die Mama kaum schlafen. Manchmal treten sie auch so stark, dass ich die Kleinen beim Kuscheln mit Chilly deutlich sp\u00fcren kann. Wir k\u00f6nnen es kaum noch erwarten, bis die Puppies auf die Welt kommen. In sp\u00e4testens einer Woche wissen wir mehr. Ich denke jedoch, dass die Babys schon am Wochenende kommen werden. Bis dahin hei\u00dft es abwarten und Bauch streicheln. Auch unsere anderen Rudelmitglieder sp\u00fcren, dass sich irgendetwas anbahnt. Coco ist besonders neugierig und steckt immer wieder die Nase ins Welpenzimmer. Aber das bleibt von Chilly nicht unbemerkt&#8230;.<\/p>\n<p>Dienstag, 31.05.2005<br \/>\nInzwischen ist Chilly-Maus ganz sch\u00f6n rund geworden. Und das im wahrsten Sinne des Wortes. Fressen mehrmals am Tag findet sie ausgesprochen wundervoll. Schlie\u00dflich muss man das ja ausnutzen, wenn man mehr als \u00fcblich verw\u00f6hnt wird. In dieser Woche bauen wir auch noch die Welpenkiste auf. Es sind ja schlie\u00dflich nur noch zwei Wochen bis zur Geburt. Kurz um; alles in Ordnung.<\/p>\n<p>Mittwoch, 18.05.2005<br \/>\nDa es ja nur noch ca. 4 Wochen bis zur Geburt sind, wurde es so langsam Zeit einen Ultraschall bei Chilly zu machen. Dieser hat mindestens 3 sichtbare Welpen gezeigt. Alles soweit in bester Ordnung. Chilly fri\u00dft gut und hat auch schon ordentlich zugelegt. Irgendwie sieht man es ihr auch an, dass sie die Schwangerschaft genie\u00dft.<\/p>\n<p>Mittwoch, 13.04.2005<br \/>\nHeute wurde unsere Chilly (Koseilata`s Innocent Child) von Lenz (Golden Peanuts Kir Royal) gedeckt.<\/td>\n<\/tr>\n<\/tbody>\n<\/table>\n","protected":false},"excerpt":{"rendered":"<p>Montag, 22.08.2005 Nun sind zwei Wochen vergangen, seitdem Belize und Bacchus uns verlassen haben. Von Bacchus h\u00f6rt man nur Gutes. Der Kleine hat vor nichts Angst und tanzt seinem Vater ganz sch\u00f6n auf der Nase rum. Ansonsten h\u00f6rt das Lernen nicht auf. Im Gegenteil; jetzt geht der Ernst des Lebens richtig los. Aber wie bei [&hellip;]<\/p>\n","protected":false},"author":1,"featured_media":0,"parent":44,"menu_order":0,"comment_status":"closed","ping_status":"closed","template":"","meta":[],"_links":{"self":[{"href":"http:\/\/optimusvertragus.info\/index.php?rest_route=\/wp\/v2\/pages\/91"}],"collection":[{"href":"http:\/\/optimusvertragus.info\/index.php?rest_route=\/wp\/v2\/pages"}],"about":[{"href":"http:\/\/optimusvertragus.info\/index.php?rest_route=\/wp\/v2\/types\/page"}],"author":[{"embeddable":true,"href":"http:\/\/optimusvertragus.info\/index.php?rest_route=\/wp\/v2\/users\/1"}],"replies":[{"embeddable":true,"href":"http:\/\/optimusvertragus.info\/index.php?rest_route=%2Fwp%2Fv2%2Fcomments&post=91"}],"version-history":[{"count":6,"href":"http:\/\/optimusvertragus.info\/index.php?rest_route=\/wp\/v2\/pages\/91\/revisions"}],"predecessor-version":[{"id":485,"href":"http:\/\/optimusvertragus.info\/index.php?rest_route=\/wp\/v2\/pages\/91\/revisions\/485"}],"up":[{"embeddable":true,"href":"http:\/\/optimusvertragus.info\/index.php?rest_route=\/wp\/v2\/pages\/44"}],"wp:attachment":[{"href":"http:\/\/optimusvertragus.info\/index.php?rest_route=%2Fwp%2Fv2%2Fmedia&parent=91"}],"curies":[{"name":"wp","href":"https:\/\/api.w.org\/{rel}","templated":true}]}}