{"id":93,"date":"2017-08-21T15:23:29","date_gmt":"2017-08-21T15:23:29","guid":{"rendered":"http:\/\/optimusvertragus.info\/?page_id=93"},"modified":"2018-05-02T17:29:51","modified_gmt":"2018-05-02T17:29:51","slug":"tagebuch-c-wurf","status":"publish","type":"page","link":"http:\/\/optimusvertragus.info\/?page_id=93","title":{"rendered":"Tagebuch C-Wurf"},"content":{"rendered":"<p>Mittwoch, 10.10.2007<br \/>\nNun sind meine Welpen schon drei Monate alt. Von allen gibt es nur gutes zu berichten. Sie haben sich prima in ihren neuen Familien eingelebt und sorgen da f\u00fcr jede Menge Stimmung. Keiner der Welpen ist \u00e4ngstlich, zur\u00fcckhaltend oder \u00e4hnliches. Im Gegenteil, sie sind die reinsten Draufg\u00e4nger und haben vor nichts und niemandem Angst bzw. Respekt. Was aber nicht hei\u00dfen soll, dass sie ihren Familien auf der Nase rumtanzen. Sie werden schon zurechtgewiesen.<\/p>\n<p>Sonntag, 07.10.2007<br \/>\nHeute kann ich es endlich offiziell sagen: Auch mein letzter Welpe Caldaea hat eine liebevolle Familie in Wien gefunden. Da die beiden aber am Mittwoch in die Flitterwochen fliegen, wird Caldaea noch bei uns bleiben und erst Anfang November die gro\u00dfe Reise antreten. Auch bei dieser lieben Familie bin ich mir sicher, dass es die Kleine gut haben wird. Am liebsten h\u00e4tten Ines und Gerald Caldaea jetzt schon geholt. Aber es ist ja nicht mehr lange. Und so erfreut sie halt noch unser Herz. Was die Stubenreinheit anbelangt, kann ich nicht klagen. Sicher passiert hin und wieder mal ein Maleur. Aber manchmal ist man halt nicht schnell genug.<\/p>\n<p>Freitag, 21.09.2007<br \/>\nNun ist auch eigentlich die Zeit f\u00fcr Caldaea gekommen. Leider hat sie noch kein geeignetes zu Hause gefunden. So l\u00e4uft sie nun in unserem Rudel mit und wird von den anderen Hunden erzogen. Sie ist leinenf\u00fchrig, kann ohne Probleme Auto fahren, fri\u00dft gut (am liebsten von den Gro\u00dfen) und schl\u00e4ft die N\u00e4chte gut durch. Mein Fazit des Windspielwurfs: Die Kleinen sind mit ca. 4 Wochen in der Entwicklung weit hinter den Whippetwelpen gewesen. Aber mit 6 Wochen haben sie einen Entwicklungssprung gemacht, der seines gleichen sucht. Den Wurf wollte ich machen, um gerade diese Unterschiede zu erkunden und Alkeme`s Gene noch einmal weiterzutragen. Was aber nicht hei\u00dfen soll, dass ich nie wieder Windspiele z\u00fcchte. Vielleicht ergibt sich ja mal wieder was. W\u00e4re sch\u00f6n, gell Andrea?<\/p>\n<p>Donnerstag, 13.09.2007<br \/>\nMittlerweile kommen die ersten R\u00fcckmeldungen meiner Welpen. Chimaera hat sich in Berlin gut eingelebt und ist der reinste Sonnenschein von Familie Koch. Remi (OV Caligula) lebt sich ebenfalls gut ein und ist der Star der Umgebung. Und von Lillifee (OV Circe) kann ich nur sagen, dass sie unheimlich frech ist und keinerlei Angst vor anderen Hunden, Katzen, H\u00fchnern und sonstigen Tieren der Familie Herschke hat. Selbst ein Katzenwelpe musste schon dran glauben und sich gefallen lassen, durch`s Wohnzimmer gezerrt zu werden. Muss lustig ausgesehen haben.<\/p>\n<p>Freitag, 07.09.2007<br \/>\nNachdem gestern Circe gegangen ist, musste ich mich heute von Remi (Optimus Vertragus Caligula) trennen. Man, war Familie Schroeder froh endlich den Kleinen zu sich holen zu d\u00fcrfen. Dennoch glaube ich, dass Remi ganz sch\u00f6n verw\u00f6hnt wird. Aber das liegt nicht in meiner Hand. Er wird es jedoch gut haben und f\u00fcr Ratschl\u00e4ge bin ich jederzeit da.<\/p>\n<p>Donnerstag, 06.09.2007<br \/>\nHeute morgen habe ich Circe ins Hotel gebracht, in dem Familie Herschke \u00fcbernachtete. Katja hatte schon Angst, ich w\u00fcrde die Kleine nicht bringen. Aber keine Angst, ich wollte sie nicht behalten \ud83d\ude09<\/p>\n<p>Mittwoch, 05.09.2007<br \/>\nNachdem Familie Herschke ihren Urlaub unverhoffterweise abbrechen musste, haben sie sich kurzerhand dazu entschlossen Circe abzuholen. Nach einer langen Fahrt vom Chiemsee zu uns, waren sie mehr als gl\u00fccklich uns und unser Rudel zu besuchen. Zu meiner Freude haben sie Timon mitgebracht. Er soll der zuk\u00fcnftige Deckr\u00fcde von Baccara werden. Und die Dame war mehr als angetan von ihm. Circe hat sich von ihrer besten Seite gezeigt und Christian um den kleinen Finger gewickelt. Auch Katja hat ihre Entscheidung keineswegs bereut. Im Gegenteil, war eigentlich schade, dass sie die ersten Wochen der Kleinen nur anhand meiner Worte wahrnahmen. H\u00e4tte mich schon gefreut, wenn wir uns vorher schon gesehen h\u00e4tten. Trotz alledem ist Circe nun in guten H\u00e4nden und hei\u00dft ab sofort Lillifee.<\/p>\n<p>Sonntag, 02.09.2007<br \/>\nDer Abschied von Chimaera ist mir nicht unbedingt leicht gefallen. Erst recht nicht, da sie sich so in der letzten Zeit zu meiner Favoritin entwickelt hat. Aber ich denke, ich konnte meine heimliche Trauer im Griff halten \ud83d\ude09 Nach einer langen Fahrt ohne irgendwelche Probleme hat sie ihr neues zuhause inspiziert und f\u00fcr gut befunden. Es gab unterwegs keinerlei Probleme. Mehr geschlafen als Bl\u00f6dsinn zu veranstalten, hat sie die Fahrt \u00fcberstanden. Meine Erziehung hat also gefruchtet. Ich denke, Familie Koch wird viel Freude mit der Kleinen haben. Und Chimaera: Ick w\u00fcnsch dir allet Jute und wir sehen uns an Weihnachten, wah?<\/p>\n<p>Samstag, 01.09.2007<br \/>\nBerlin, Berlin, ich fahre nach Berlin. Nee, erst einmal andersrum. Familie Koch aus Berlin ist gekommen, um Chimaera abzuholen. Und das werden sie morgen, nach einer \u00dcbernachtung in einem hundefreundlichen Hotel in der N\u00e4he tun.<\/p>\n<p>Donnerstag, 30.08.2007<br \/>\nWie nerv\u00f6s bin ich doch immer, wenn der Zuchtwart kommt. Warum eigentlich? Gibt doch nichts zu meckern. Die Welpen sind alle in Ordnung und haben nach vielen Spielattacken ihre T\u00e4towierung bekommen. Wie zu erwarten war, haben alle gejault. Aber das war doch schnell vergessen. Schlie\u00dflich ist das gegenseitige St\u00e4nkern und bei\u00dfen in s\u00e4mtliche Weichteile oftmals schmerzvoller. Nun hei\u00dft es f\u00fcr mich so langsam Abschied nehmen. Am Wochenende geht schon der erste. Chimaera wird die lange Reise nach Berlin antreten.<\/p>\n<p>Mittwoch, 29.08.2007<br \/>\nHeute war impfen angesagt. Die Puppies haben es wie selbstverst\u00e4ndlich und eigentlich nicht erw\u00e4hnenswert hingenommen. Alle sind nach Beurteilung des Tierarztes in bester Verfassung und auch Remi (OV Caligula) ist mit seinen zwei K\u00fcgelchen vollst\u00e4ndig. Jetzt warten wir mal auf das Urteil des Zuchtwartes, der morgen zur Wurfabnahme kommt. Mein st\u00e4ndiges \u00dcben an der Leine zu gehen, tr\u00e4gt Fr\u00fcchte. Auch wenn alles mehr als lange dauert und die Dimensionen zu einem Whippetwelpen doch immens sind, lernen alle Welpen und bereiten mir mit ihrem Spa\u00df dabei sehr viel Freude. Aber nicht jeder Tag ist gleich und so geht es bei jedem einzelnen mal besser und auch mal schlechter.<\/p>\n<p>Sonntag, 19.08.2007<br \/>\nMittlerweile haben alle Welpen ein Gewicht zwischen 1100 und knapp 1500 Gramm. Sie fressen ordentlich und vertragen das Futter bestens. Stetiger Besuch, insbesondere von den zuk\u00fcnftigen Besitzern von Remi (Caligula) finden die Welpen mehr als toll. Aber nicht nur die Kleinen auch alle anderen Vierbeiner im Haus freuen sich dar\u00fcber.<\/p>\n<p>Mittwoch, 15.08.2007<br \/>\nHeute war eine Interessentin aus Berlin bei uns. Wie immer war auch sie hin und weg von den Kleinen. Nach kurzem \u00dcberlegen hat sie dann ihr Herz und den Hund entscheiden lassen. Und so kann ich sagen, dass Chimaera einen neuen Platz in Berlin gefunden hat. Nun bleibt nur noch Caldaea f\u00fcr die ich noch eine liebevolle Familie suche. Aber das kommt sicher auch noch.<\/p>\n<p>Dienstag, 14.08.2007<br \/>\nSo langsam trainieren wir das Angew\u00f6hnen an Leine bzw. Brustgeschirr. Im Moment finden alle Puppies das jeweils als st\u00f6rend. Man kann damit ja schlie\u00dflich nicht so wild toben. Aber wenn das erst einmal ab ist, geht es hei\u00df her. Da wird gest\u00e4nkert was nur geht. Und die T\u00f6ne, die dabei entstehen, sind hinrei\u00dfend. Au\u00dferdem sind die Welpen seit kurzem tags\u00fcber im Hundehaus und Garten und spielen da ohne wenn und aber. Autofahren geh\u00f6rt mittlerweile auch zum Alltag und wird wie selbstverst\u00e4ndlich hingenommen. Ansonsten kann ich eigentlich sagen, dass der ganze Wurf im gesamten eher ruhig ist. Besonders Chimaera und Remi (OV Caligula) sind sehr verschmust. Nur beim Spielen wird die Sau raus gelassen. Und Alkmene hat mittlerweile auch keinen Bock mehr und man muss sie eher zwingen die Welpen noch zu s\u00e4ugen.<\/p>\n<p>Sonntag, 12.08.2007<br \/>\nHeute war Schwimmtag. Alle Welpen haben es nicht als besonders lustig empfunden, Wasser n\u00e4her kennen zu lernen. Kopf unter Wasser und kr\u00e4ftig reinpusten. Schwimmreflexe sind irgendwie noch nicht vorhanden. Das anschlie\u00dfende Kuscheln empfanden sie dagegen als beruhigend.<\/p>\n<p>Mittwoch, 08.08.2007<br \/>\nDas gro\u00dfe Fressen hat am Wochenende begonnen. Alle haben die erste feste Nahrung wie selbstverst\u00e4ndlich gefuttert. Bei der Verdauung gibt es auch keinerlei Probleme. Sonst haben alle vier am Montag ihre erste Autofahrt hinter sich gebracht. Alle haben es gut \u00fcberstanden und die Fahrt eigentlich mehr verschlafen. So unter dem Motto: Wie langweilig, was gibt es neues? Leider ist das Wetter im Moment bei uns nicht so prickelnd, so dass ich alle Lernstunden nach innen verlegen muss. Ansonsten hei\u00dft Caligula jetzt Remi und ist wie alle anderen Puppies vergeben. Ich denke, sie werden es gut haben. In vier Wochen ist ja schon Abgabe. So langsam muss auch ich mich darauf vorbereiten \ud83d\ude41<\/p>\n<p>Mittwoch, 01.08.2007<br \/>\nHeute wurden die Welpen das erste Mal entwurmt. Alle haben flei\u00dfig geschluckt. Mittlerweile werden die gegenseitigen St\u00e4nkereien immer temperamentvoller. Dennoch sind sie im Allgemeinen recht ruhige und friedliche Genossen. Alkmenes Stolz auf die Kleinen wird bei jedem Besuch immer wieder sichtbar. Gerne zeigt sie ihre Kleinen und l\u00e4\u00dft bereitwillig alle Untersuchungen meinerseits zu. So langsam werden alle auch so agil, dass sie versuchen immer mehr durch die Wurfkiste zu laufen.<\/p>\n<p>Sonntag, 29.07.2007<br \/>\nMit ihren mittlerweile drei Wochen sind die Windspielwelpen schon \u00fcber 700 gr. schwer. Noch immer etwas wackelig auf den Beinen beginnen sie allm\u00e4hlich ihre Welt zu erkunden. Auch erste kecke Raufereien unterbrechen den Alltag aus schlafen und trinken. Dennoch werden diese keineswegs mit wildem Gebell ausgefochten.<\/p>\n<p>Dienstag, 24.07.2007<br \/>\nSo langsam kommt Action in die Bude. Caldaea und Caligula haben schon den vollen Durchblick. Und bei Circe und Chimaera kann es sich nur noch um Stunden handeln bis sie in das Geschehen eingreifen k\u00f6nnen und die Augen ganz offen sind. Mittlerweile fangen sie an zu laufen. Soweit man das Aufstehen, rumstolpern und hinfallen bezeichnen kann. Wie dem auch sei; ich kann von den Kleinen nicht genug bekommen und erfreue mich t\u00e4glich an ihrem Dasein.<\/p>\n<p>Sonntag, 22.07.2007<br \/>\nNun feiern die kleinen W\u00fcrmelis schon ihren 2-w\u00f6chigen Geburtstag. Wie die Zeit vergeht. So langsam gehen auch die \u00c4uglein auf. Und ich muss immer wieder staunen, wie robust die Kleinen doch sind. Die werden von Alkmene von einer Seite auf die andere, \u00fcber Kopf und quer durch die Wurfkiste geschoben, nur damit sie diese ordentlich putzen kann. Von meiner Viererbande suchen noch drei Welpen eine liebevolle Familie. Anfragen sind jederzeit willkommen.<\/p>\n<p>Sonntag, 15.07.2007<br \/>\nHeute sind unsere Welpen eine Woche alt geworden. Allen geht es prima. Beim Trinken wird kr\u00e4ftig mit den Schw\u00e4nzchen gewedelt. Alle vier haben ihr Geburtsgewicht fast verdoppelt. Und Alkmene hat schon fast ihre 90-60-90 zur\u00fcck.<\/p>\n<p>Donnerstag, 12.07.2007<br \/>\nNun sind unsere W\u00fcrmelis schon vier Tage alt und entwickeln sich pr\u00e4chtig. Alkmene ist eine liebevolle Mama und l\u00e4\u00dft die Kleinen kaum aus den Augen. Gassi gehen mehr oder weniger nur unter Protest. Freiwillig geht sie nicht raus. Sonst kann ich noch nicht so viel sagen, au\u00dfer schlafen, trinken, schlafen, trinken.<\/p>\n<p>Dienstag, 10.07.2007<br \/>\nNach einem minimalen Gewichtsverlust am Montag haben die Welpen bis heute doch ordentlich an Gewicht zugelegt. Sie sind alle sehr agil und protestieren lautstark, wenn sie nicht gleich an die Milchbar gelangen.<\/p>\n<p>Sonntag, 08.07.2007<br \/>\nEndlich ist es soweit. Heute Abend hat Alkmene ein Goldkind 4 Welpen v\u00f6llig problemlos zur Welt gebracht. Der R\u00fcde Caligula hatte ein Geburtsgewicht von 174 Gramm. Die drei H\u00fcndinnen Caldaea, Circe und Chimaera lagen alle zwischen 174 und 195 Gramm. Um 22:20 Uhr war Caldaea da. Sie war die schwerste und hat den Weg freiger\u00e4umt. Ansonsten haben alle gleich getrunken und sind putzmunter.<\/p>\n<p>Montag, 11.06.2007<br \/>\nNun kann ich es endlich offiziell sagen. Alkmene ein Goldkind ist tragend. Meine Neugier war dann doch gr\u00f6\u00dfer wie gedacht, so dass wir gestern zum Ultraschall waren. Und der Bauch w\u00e4chst von Tag zu Tag. Zu sch\u00f6n mit anzusehen, wie Alkmene immer runder wird.<\/p>\n<p>Dienstag, 22.05.2007<br \/>\nJetzt sind schon drei Wochen vergangen und leider kann ich immer noch nicht viel sagen. Alkmene hat einen gesegneten Appetit; wie eigentlich immer. Und ich meine ein klitzekleines B\u00e4uchlein zu erkennen. Aber das kann auch Einbildung sein. Geduld ist halt eine Tugend. Und bei dererlei Dingen habe ich keine Geduld \ud83d\ude09<\/p>\n<p>Dienstag, 01.05.2007<br \/>\nHeute deckte Bel Ami ein Goldkind unsere Alkmene ein Goldkind. Nun hei\u00dft es warten, warten, warten.<\/p>\n","protected":false},"excerpt":{"rendered":"<p>Mittwoch, 10.10.2007 Nun sind meine Welpen schon drei Monate alt. Von allen gibt es nur gutes zu berichten. Sie haben sich prima in ihren neuen Familien eingelebt und sorgen da f\u00fcr jede Menge Stimmung. Keiner der Welpen ist \u00e4ngstlich, zur\u00fcckhaltend oder \u00e4hnliches. Im Gegenteil, sie sind die reinsten Draufg\u00e4nger und haben vor nichts und niemandem [&hellip;]<\/p>\n","protected":false},"author":1,"featured_media":0,"parent":46,"menu_order":0,"comment_status":"closed","ping_status":"closed","template":"","meta":[],"_links":{"self":[{"href":"http:\/\/optimusvertragus.info\/index.php?rest_route=\/wp\/v2\/pages\/93"}],"collection":[{"href":"http:\/\/optimusvertragus.info\/index.php?rest_route=\/wp\/v2\/pages"}],"about":[{"href":"http:\/\/optimusvertragus.info\/index.php?rest_route=\/wp\/v2\/types\/page"}],"author":[{"embeddable":true,"href":"http:\/\/optimusvertragus.info\/index.php?rest_route=\/wp\/v2\/users\/1"}],"replies":[{"embeddable":true,"href":"http:\/\/optimusvertragus.info\/index.php?rest_route=%2Fwp%2Fv2%2Fcomments&post=93"}],"version-history":[{"count":5,"href":"http:\/\/optimusvertragus.info\/index.php?rest_route=\/wp\/v2\/pages\/93\/revisions"}],"predecessor-version":[{"id":487,"href":"http:\/\/optimusvertragus.info\/index.php?rest_route=\/wp\/v2\/pages\/93\/revisions\/487"}],"up":[{"embeddable":true,"href":"http:\/\/optimusvertragus.info\/index.php?rest_route=\/wp\/v2\/pages\/46"}],"wp:attachment":[{"href":"http:\/\/optimusvertragus.info\/index.php?rest_route=%2Fwp%2Fv2%2Fmedia&parent=93"}],"curies":[{"name":"wp","href":"https:\/\/api.w.org\/{rel}","templated":true}]}}