{"id":95,"date":"2017-08-21T15:23:45","date_gmt":"2017-08-21T15:23:45","guid":{"rendered":"http:\/\/optimusvertragus.info\/?page_id=95"},"modified":"2018-05-02T17:34:16","modified_gmt":"2018-05-02T17:34:16","slug":"tagebuch-d-wurf","status":"publish","type":"page","link":"http:\/\/optimusvertragus.info\/?page_id=95","title":{"rendered":"Tagebuch D-Wurf"},"content":{"rendered":"<p>Sonntag, 30.11.2008<br \/>\nDer erste Advent ist heut. Und p\u00fcnktlich hierzu schneit es bei uns wie im Winterwonderland. Die Welpen finden das echt klasse und toben wild im Schnee. Allen noch verbliebenen drei Welpen geht es prima. Diomedes hat \u00fcbrigens schneller als gedacht eine neue liebevolle Familie gefunden. Er wird jetzt Valentino genannt und bleibt noch bis Mitte Dezember bei uns. Nun ist nur noch Donatus abzugeben. Und ich hoffe, auch er kriegt ne tolle Familie. Von Daphne (alias Nora) und Drusus (Gico) gibt es auch nur gutes zu berichten. Keinerlei Probleme und wunderbar gut eingelebt. Ansonsten gibt es in den n\u00e4chsten Tagen die 2. Impfung. Und dann steht ja bald Weihnachten vor der T\u00fcr. Somit schlie\u00dfe ich dieses Wurftagebuch und w\u00fcnsche allen Welpenk\u00e4ufern viel Vergn\u00fcgen mit den Hunden und immer ein gutes H\u00e4ndchen bei der Aufzucht. Frohe Weihnachten.<\/p>\n<p>Montag, 03.11.2008<br \/>\nHeute war Impftag. Alle Welpen haben es gelassen hingenommen. Die R\u00fcden haben laut Tierarzt (und auch mir) alle Hoden da, wo sie hingeh\u00f6ren. Leider konnte ich in der Zwischenzeit nichts aktualisieren. Unser komplettes EDV-Programm war au\u00dfer Funktion. Aber nun haben wir wieder Hard- und Software und k\u00f6nnen auch wieder berichten. Morgen ist mein Zuchtwart bei mir und wird den Wurf abnehmen. Die Welpen werden begutachtet und t\u00e4towiert. Und dann k\u00f6nnen sie auch auf die Welt losgelassen werden. W\u00e4hrend Drusus (seit kurzem Gico genannt) und Daphne (alias Nora) neue Familien gefunden haben und demn\u00e4chst den heimischen Zwinger verlassen, suchen Diomedes und Donatus (der \u00fcbrigens mein pers\u00f6nlicher Liebling ist) noch ein liebevolles zuhause. Baccara`s Ges\u00e4uge bildet sich zur\u00fcck. Ist ja auch kein Wunder; die kleinen Whippets fressen ordentlich feste Nahrung. Nur wenn sich die Gelegenheit bietet, h\u00e4ngen sie ruckzuck am Ges\u00e4uge. Noch eine Kleinigkeit zu Diomedes: mein s\u00fc\u00dfer Schatz hat echt die Ruhe weg. Aber beim St\u00e4nkern ist er auch dicke mit dabei. Alle Welpen k\u00f6nnen schon mehr oder weniger gut Treppen laufen. Was bei mir nicht auf Zustimmung st\u00f6\u00dft, da ja die Gelenke und Muskeln noch geschont werden sollten. Aber ich kann meine Augen auch nicht \u00fcberall haben. Und nen Sack Fl\u00f6he h\u00fcten, ist manchmal echt anstrengend. Au\u00dferdem \u00fcben wir flei\u00dfig Leinenf\u00fchrigkeit und Auto fahren. Alles problemlos. An der Leine gehen ist anfangs schwierig. Aber wenn sie erst einmal in Fahrt gekommen sind, funktioniert es prima.<\/p>\n<p>Montag, 22.09.2008<br \/>\nNun sind die Kleinen zwei Wochen alt und gedeihen pr\u00e4chtig. Die Augen bei allen sind fast auf. Dabei waren Demeter und Diomedes die ersten, die die Welt sehen konnten. Alle Wauzis sind an der Milchbar kaum zu halten und dr\u00e4ngeln unentwegt an Baccara. So langsam kann man auch die Wesen der Whippets erkennen. W\u00e4hrend Diomedes, Demeter und Daphne im Moment eher ruhig sind; haben es Drusus und Donatus faustdick hinter den Ohren. Da wird auch mal auf der Mama geruht um dann gleich direkt wieder am Ges\u00e4uge zu h\u00e4ngen. Drusus und Daphne haben bereits neue Familien gefunden.<\/p>\n<p>Samstag, 13.09.2008<br \/>\nNach nun ann\u00e4hernd einer Woche haben alle Welpen ihr Geburtsgewicht fast verdoppelt. Baccara ist so eine liebevolle Mama. Dennoch merkt man schon, dass sie die Streicheleinheiten, die sie ja so auch kriegt und insbesondere das Rudel sehr vermisst. Mittlerweile haben Diomedes (zuk\u00fcnftig Mika genannt) und Drusus schon neue Familien gefunden.<\/p>\n<p>Sonntag, 07.09.2008<br \/>\nP\u00fcnktlich wie die Maurer kamen meine Sonntagskinder. Errechneten Geburtstermin somit eingehalten. Baccara brachte unkompliziert innerhalb von 2,5 h 3 R\u00fcden und 2 H\u00fcndinnen zur Welt. Die Nacht bzw. der Rest davon (ich war immerhin bis 03:30 Uhr wach) verlief ruhig. Trinken, putzen und schlafen. Und das Putzen ist ja sowieso Baccaras Lieblingsbesch\u00e4ftigung.<\/p>\n<p>Mittwoch, 27.08.2008<br \/>\nMit zunehmender Tr\u00e4chtigkeit merkt man, dass Baccara eindeutig keinen Bock mehr hat. An den Bewegungen in ihrem Bauch sp\u00fcre ich, dass sie den Welpen bald den Mietvertrag k\u00fcndigen wird. Ansonsten ist alles in Ordnung bei ihr. Verschmust wie immer und auf jede Streicheleinheit bedacht.<\/p>\n<p>Sonntag, 10.08.2008<br \/>\nAlle Anzeichen sprechen daf\u00fcr, dass Baccara tragend ist. Das Ges\u00e4uge nimmt Farbe an und der Bauch wird von Tag zu Tag runder. Au\u00dferdem ist Baccara noch verschmuster wie sonst. Hinter jedem hinterher in der Hoffnung auf zus\u00e4tzliche Streicheleinheiten.<\/p>\n<p>Sonntag, 06.07.2008<br \/>\nHeute wurde unser D-Wurf auf den Weg gebracht. Toledo vom gr\u00fcnen Fichtelgebirge deckte Optimus Vertragus Baccara. Nun hei\u00dft es warten. Wie schrecklich ich doch diese Zeit finde.<\/p>\n","protected":false},"excerpt":{"rendered":"<p>Sonntag, 30.11.2008 Der erste Advent ist heut. Und p\u00fcnktlich hierzu schneit es bei uns wie im Winterwonderland. Die Welpen finden das echt klasse und toben wild im Schnee. Allen noch verbliebenen drei Welpen geht es prima. Diomedes hat \u00fcbrigens schneller als gedacht eine neue liebevolle Familie gefunden. Er wird jetzt Valentino genannt und bleibt noch [&hellip;]<\/p>\n","protected":false},"author":1,"featured_media":0,"parent":48,"menu_order":0,"comment_status":"closed","ping_status":"closed","template":"","meta":[],"_links":{"self":[{"href":"http:\/\/optimusvertragus.info\/index.php?rest_route=\/wp\/v2\/pages\/95"}],"collection":[{"href":"http:\/\/optimusvertragus.info\/index.php?rest_route=\/wp\/v2\/pages"}],"about":[{"href":"http:\/\/optimusvertragus.info\/index.php?rest_route=\/wp\/v2\/types\/page"}],"author":[{"embeddable":true,"href":"http:\/\/optimusvertragus.info\/index.php?rest_route=\/wp\/v2\/users\/1"}],"replies":[{"embeddable":true,"href":"http:\/\/optimusvertragus.info\/index.php?rest_route=%2Fwp%2Fv2%2Fcomments&post=95"}],"version-history":[{"count":3,"href":"http:\/\/optimusvertragus.info\/index.php?rest_route=\/wp\/v2\/pages\/95\/revisions"}],"predecessor-version":[{"id":489,"href":"http:\/\/optimusvertragus.info\/index.php?rest_route=\/wp\/v2\/pages\/95\/revisions\/489"}],"up":[{"embeddable":true,"href":"http:\/\/optimusvertragus.info\/index.php?rest_route=\/wp\/v2\/pages\/48"}],"wp:attachment":[{"href":"http:\/\/optimusvertragus.info\/index.php?rest_route=%2Fwp%2Fv2%2Fmedia&parent=95"}],"curies":[{"name":"wp","href":"https:\/\/api.w.org\/{rel}","templated":true}]}}