{"id":99,"date":"2017-08-21T15:24:13","date_gmt":"2017-08-21T15:24:13","guid":{"rendered":"http:\/\/optimusvertragus.info\/?page_id=99"},"modified":"2018-05-02T17:41:10","modified_gmt":"2018-05-02T17:41:10","slug":"tagebuch-f-wurf","status":"publish","type":"page","link":"http:\/\/optimusvertragus.info\/?page_id=99","title":{"rendered":"Tagebuch F-Wurf"},"content":{"rendered":"<p>Mittwoch, 01.05.2013<br \/>\nWie ich in meinem letzten Eintrag erw\u00e4hnte, ist es nun nicht mehr so&#8230; Feanor sucht nun keine lieben Menschen mehr bei denen er alt werden kann. Er hat sie gefunden. Und nicht nur das; er wird mit seinem Bruder Hugo-Milow-Optimus Vertragus Erebus zusammenleben. Ich bin so gl\u00fccklich und muss zugeben, dass ich doch die ein oder andere Tr\u00e4ne verloren habe. Aber ich wei\u00df ihn in guten H\u00e4nden. Tschau mein Kleiner; wirst mir fehlen.<\/p>\n<p>Sonntag, 07.04.2013<br \/>\nEndlich ist der Fr\u00fchling da. Und da wird es auch mal Zeit die Waage wieder auszuprobieren. Nicht, dass die auf die Idee kommt noch mehr Pfunde anzuzeigen wie es wirklich sind \ud83d\ude42 Ne mal Spa\u00df beiseite; ich habe heute Feanor gewogen und ein sch\u00f6nes Gewicht von 6,6 kg abgelesen. Frodo hat, wie ich heute erfahren habe, nach nun fast 4 Monaten 6,4 kg auf der Waage. Also wie zu Welpenzeiten immer eine sch\u00f6n gleichm\u00e4\u00dfige Gewichtszunahme bei beiden \ud83d\ude42 Das erfreut doch mein Z\u00fcchterherz. Feanor sucht dennoch immer noch liebe Menschen, bei denen er alt werden kann.<\/p>\n<p>Sonntag, 24.02.2013<br \/>\nNun ist es schon eine Woche her als uns Faunus, alias Frodo verlassen hat. Wie ich h\u00f6re, geht es dem Kleinen sehr gut und er arrangiert sich auch mit der Katze im Hause Kolter, von der anderen Windh\u00fcndin mal ganz zu schweigen. Die Eigenschaften seiner Mama zeigt er bereits sehr stark indem er seine neuen Herrchen genauso umarmt wie es seine Mama immer bei uns macht. Irgendwie s\u00fc\u00df wie weit das doch vererbbar ist. Ich w\u00fcnsche Familie Kolter viel Spa\u00df mit Frodo.<\/p>\n<p>Samstag, 09.02.2013<br \/>\nAlles gut \u00fcberstanden \ud83d\ude42 Was war ich nerv\u00f6s vor meiner ersten Wurfabnahme durch den WCD. Aber kein Grund zur Besorgnis; warum auch. Die beiden haben nun das G\u00fctesiegel vom Club und werden auch in den n\u00e4chsten Tagen ihre Ahnentafeln bekommen. Eine davon geht dann auch gleich ihren Weg zusammen mit Faunus zu dessen neuem Besitzer. Leider hat Feanor bis jetzt immer noch kein liebes zu Hause gefunden.<\/p>\n<p>Freitag, 01.02.2013<br \/>\nHeute waren die Welpen zum Impfen und Chippen beim Tierarzt. Beide haben es halbwegs tapfer \u00fcberstanden. Nach den Kuschelmomenten mit den Tier\u00e4rztinnen und einer kurzen Autofahrt nach Hause, die beide \u00fcbrigens ganz easy nahmen, liegen sie nun neben mir auf der Couch und schlafen. N\u00e4chstes Wochenende ist dann die Wurfabnahme; f\u00fcr mich zum ersten Mal unter dem Dach des WCD.<\/p>\n<p>Dienstag, 22.01.2013<br \/>\nLange habe ich \u00fcberlegt wie es wohl sein wird einen Winterwurf zu haben. Aber entgegen meiner Bef\u00fcrchtungen verl\u00e4uft das Sauber werden der Welpen total problemlos. Wir haben ja hier Massen an Schnee liegen und die zwei Jungs toben in dem Selbigen als w\u00e4re es warme Zuckerwatte. Jeder der beiden macht brav seine Gesch\u00e4fte im Freien und erfreut sich an den Spielaufforderungen der anderen Hunde. Einfach niedlich anzusehen wie sie so durch den Schnee tapsen.<\/p>\n<p>Sonntag, 13.01.2013<br \/>\nWo ist nur die Zeit hingegangen? Die Welpen sind nun schon 5 Wochen alt und entwickeln sich pr\u00e4chtig. Wie man erkennen kann, futtern sie auch gut. Und Mama\u00b4s Milchbar wird auch immer noch gerne angenommen.<\/p>\n<p>Samstag, 05.01.2013<br \/>\nNeues Jahr, neue Informationen. Seit ein paar Tagen nehmen die zwei Jungs bereits feste Nahrung zu sich. Mittlerweile bleibt Baccara auch schon l\u00e4ngere Zeit von den Welpen fern, in der sie ganz und gar ungel\u00f6st wieder ins Rudel eintritt. Man merkt regelrecht wie ihr das Kuscheln mit Nike gefehlt hat. Und die Zeit nutze ich dann voll und ganz aus, um mit den Zwergen zu spielen und zu kuscheln. Au\u00dferdem wird das Welpenklo bereits bestens angenommen. Durch das \u00fcberaus milde Wetter bei uns haben die Welpen auch jetzt schon die M\u00f6glichkeit ihre Gesch\u00e4fte drau\u00dfen zu machen; was schon sehr gut funktioniert. Die ersten zwei Entwurmungen sind bereits durch. Und in den n\u00e4chsten Tagen kriegen die Kleinen auch ihre ersten Halsb\u00e4nder angelegt. Mal gucken wie das so angenommen wird.<\/p>\n<p>Donnerstag, 27.12.2012<br \/>\nHeute war die erste Interessentin f\u00fcr die Babies da. Wie so viele Menschen war auch Frau Kolter hin und weg. Gleichzeitig hat sie sich f\u00fcr Faunus, der jetzt Frodo hei\u00dft, als zuk\u00fcnftigen vierbeinigen Begleiter entschieden. Somit ist nur noch Feanor auf der Suche nach einer neuen Familie.<\/p>\n<p>Freitag, 21.12.2012<br \/>\nP\u00fcnktlich zum Wochenende gehen die Augen auf. Beim Feanor kann man schon \u00c3uglein erkennen w\u00e4hrend Faunus noch im Schlafmodus ist. Beiden geht es super. Heute werden zum ersten Mal die Krallen geschnitten. Baccara ist eine tolle Mama und zeigt immer wieder gerne ihren Nachwuchs.<\/p>\n<p>Montag, 17.12.2012<br \/>\nNun sind die kleinen W\u00fcrmchen schon 10 Tage alt und gedeihen einfach pr\u00e4chtig. Beide nehmen sehr gleichm\u00e4\u00dfig zu und wiegen mittlerweile schon jeder 770 Gramm. Geburtsgewicht schon mehr als verdoppelt. Die Namen sind bereits vergeben und passen wie die Faust auf\u00b4s Auge :-). Ich genie\u00dfe die Zeit mit den kleinen Rackern. Ihnen beim Wachsen zuzusehen ist einfach unglaublich.<\/p>\n<p>Freitag, 07.12.2012<br \/>\nP\u00fcnktlich wie die Maurer nimmt es auch Baccara. Nach genau 63 Tagen Tragezeit haben bei Baccara die Wehen eingesetzt. Jedoch hat es dann bis Samstag gedauert, bis die zwei R\u00fcden auf der Welt waren. Beide Kerlchen sind munter und haben jetzt schon gut zugenommen. Aber das wundert mich \u00fcberhaupt nicht. Schlie\u00dflich haben sie ja die komplette Milchbar f\u00fcr sich alleine. F\u00fcr Baccara war dies nun der dritte und gleichzeitig letzte Wurf. Sie genie\u00dft im Moment noch die Ruhe vor dem Sturm. N\u00e4heres in den n\u00e4chsten Tagen. Dann folgen auch Bilder und Einzelvorstellungen.<\/p>\n<p>Dienstag, 27.11.2012<br \/>\nNach langem Hin und Her habe ich mich nun doch dazu entschlossen, noch einen Wurf mit unserer Baccara zu machen. Da fiel mir die Wahl des Vaters hingegen nicht schwer. Es sollte wieder der liebevolle und wundersch\u00f6ne Simon (Whipcat Tainted Love) werden. Und was haben wir nun? Einen immer dicker werdenden Bauch der Mama. Aber das hat ja n\u00e4chste Woche hoffentlich ein Ende. Am 07.12.2012 ist der errechnete Entbindungstermin. Wir d\u00fcrfen gespannt sein.<\/p>\n","protected":false},"excerpt":{"rendered":"<p>Mittwoch, 01.05.2013 Wie ich in meinem letzten Eintrag erw\u00e4hnte, ist es nun nicht mehr so&#8230; Feanor sucht nun keine lieben Menschen mehr bei denen er alt werden kann. Er hat sie gefunden. Und nicht nur das; er wird mit seinem Bruder Hugo-Milow-Optimus Vertragus Erebus zusammenleben. Ich bin so gl\u00fccklich und muss zugeben, dass ich doch [&hellip;]<\/p>\n","protected":false},"author":1,"featured_media":0,"parent":52,"menu_order":0,"comment_status":"closed","ping_status":"closed","template":"","meta":[],"_links":{"self":[{"href":"http:\/\/optimusvertragus.info\/index.php?rest_route=\/wp\/v2\/pages\/99"}],"collection":[{"href":"http:\/\/optimusvertragus.info\/index.php?rest_route=\/wp\/v2\/pages"}],"about":[{"href":"http:\/\/optimusvertragus.info\/index.php?rest_route=\/wp\/v2\/types\/page"}],"author":[{"embeddable":true,"href":"http:\/\/optimusvertragus.info\/index.php?rest_route=\/wp\/v2\/users\/1"}],"replies":[{"embeddable":true,"href":"http:\/\/optimusvertragus.info\/index.php?rest_route=%2Fwp%2Fv2%2Fcomments&post=99"}],"version-history":[{"count":8,"href":"http:\/\/optimusvertragus.info\/index.php?rest_route=\/wp\/v2\/pages\/99\/revisions"}],"predecessor-version":[{"id":320,"href":"http:\/\/optimusvertragus.info\/index.php?rest_route=\/wp\/v2\/pages\/99\/revisions\/320"}],"up":[{"embeddable":true,"href":"http:\/\/optimusvertragus.info\/index.php?rest_route=\/wp\/v2\/pages\/52"}],"wp:attachment":[{"href":"http:\/\/optimusvertragus.info\/index.php?rest_route=%2Fwp%2Fv2%2Fmedia&parent=99"}],"curies":[{"name":"wp","href":"https:\/\/api.w.org\/{rel}","templated":true}]}}